{"id":1210,"date":"2025-07-12T21:52:33","date_gmt":"2025-07-12T18:52:33","guid":{"rendered":"https:\/\/nlp3.mycube.kz\/privacy-policy\/"},"modified":"2026-03-23T10:23:49","modified_gmt":"2026-03-23T07:23:49","slug":"privacy-policy","status":"publish","type":"page","link":"https:\/\/nlp3.mycube.kz\/fr\/privacy-policy\/","title":{"rendered":"La Politique de Confidentialit\u00e9"},"content":{"rendered":"<section class=\"l-section wpb_row us_custom_5be59d26 height_huge with_video\"><div id=\"us_bg_video_kd4c\" class=\"l-section-video\"><script id=\"us_bg_video_kd4c-script\">!function(w){var node = document.getElementById( 'us_bg_video_kd4c' );if ( w.innerWidth <= 100 ) { node.remove() }}(window);<\/script><style>@media(max-width:100px){#us_bg_video_kd4c{display:none!important}}<\/style><video  autoplay loop muted playsinline preload=\"auto\"><source type=\"video\/webm\" src=\"\/wp-content\/uploads\/2025\/07\/red.webm\" \/><\/video><\/div><div class=\"l-section-h i-cf\"><div class=\"g-cols vc_row via_flex valign_top type_default stacking_default\"><div class=\"vc_col-sm-12 wpb_column vc_column_container\"><div class=\"vc_column-inner\"><div class=\"wpb_wrapper\"><div class=\"w-separator size_custom\" style=\"height:3rem\"><\/div><div class=\"g-cols wpb_row via_flex valign_top type_default stacking_default\"><div class=\"vc_col-sm-12 wpb_column vc_column_container\"><div class=\"vc_column-inner us_custom_558ec5ca\"><div class=\"wpb_wrapper\"><div class=\"wpb_text_column us_custom_6df4bc3a has_text_color\"><div class=\"wpb_wrapper\"><h1>La Politique de Confidentialit\u00e9<\/h1>\n<\/div><\/div><\/div><\/div><\/div><\/div><div class=\"w-separator us_custom_9321a470 has_text_color size_custom with_line width_default thick_2 style_dashed color_border align_left with_content\" style=\"height:5rem\"><div class=\"w-separator-h\"><i class=\"fas fa-fas fa-dot-circle\"><\/i><\/div><\/div><div class=\"g-cols wpb_row via_flex valign_top type_default stacking_default\"><div class=\"vc_col-sm-6 wpb_column vc_column_container\"><div class=\"vc_column-inner us_custom_dc08afa2\"><div class=\"wpb_wrapper\"><div class=\"w-btn-wrapper align_none\"><a class=\"w-btn us-btn-style_4 us_custom_a61e2493\" href=\"\/platform.html\"><span class=\"w-btn-label\">Commencer \u00e0 Trader<\/span><\/a><\/div><\/div><\/div><\/div><div class=\"vc_col-sm-6 wpb_column vc_column_container\"><div class=\"vc_column-inner us_custom_04c40667\"><div class=\"wpb_wrapper\"><nav class=\"g-breadcrumbs us_custom_64e1dcdb has_text_color separator_icon align_none\" itemscope itemtype=\"http:\/\/schema.org\/BreadcrumbList\"><div class=\"g-breadcrumbs-item\" itemscope itemprop=\"itemListElement\" itemtype=\"http:\/\/schema.org\/ListItem\"><a itemprop=\"item\" href=\"https:\/\/nlp3.mycube.kz\/fr\/\"><span itemprop=\"name\">Accueil<\/span><\/a><meta itemprop=\"position\" content=\"1\"\/><\/div><div class=\"g-breadcrumbs-separator\"><i class=\"far fa-angle-right\"><\/i><\/div><div class=\"g-breadcrumbs-item\">Pages<\/div><\/nav><\/div><\/div><\/div><\/div><div class=\"w-separator hide_on_default hide_on_laptops size_custom\" style=\"height:2rem\"><\/div><\/div><\/div><\/div><\/div><\/div><\/section><section class=\"l-section wpb_row height_auto\"><div class=\"l-section-h i-cf\"><div class=\"g-cols vc_row via_flex valign_top type_default stacking_default\"><div class=\"vc_col-sm-12 wpb_column vc_column_container\"><div class=\"vc_column-inner\"><div class=\"wpb_wrapper\"><div class=\"g-cols wpb_row us_custom_06927fe0 via_flex valign_top type_default stacking_default\"><div class=\"vc_col-sm-12 wpb_column vc_column_container\"><div class=\"vc_column-inner\"><div class=\"wpb_wrapper\"><div class=\"w-image align_center\"><a href=\"#one\" aria-label=\"w-tr\" class=\"w-image-h\"><img decoding=\"async\" width=\"157\" height=\"100\" src=\"https:\/\/nlp3.mycube.kz\/wp-content\/uploads\/2025\/07\/w-tr.png\" class=\"attachment-full size-full\" alt=\"\" loading=\"lazy\" \/><\/a><\/div><\/div><\/div><\/div><\/div><\/div><\/div><\/div><\/div><\/div><\/section><section class=\"l-section wpb_row height_large\" id=\"one\"><div class=\"l-section-h i-cf\"><div class=\"g-cols vc_row via_flex valign_top type_default stacking_default\"><div class=\"vc_col-sm-8 wpb_column vc_column_container ulmoy\"><div class=\"vc_column-inner\"><div class=\"wpb_wrapper\"><div class=\"g-cols wpb_row via_flex valign_top type_default stacking_default\"><div class=\"vc_col-sm-12 wpb_column vc_column_container\"><div class=\"vc_column-inner\"><div class=\"wpb_wrapper\"><div class=\"wpb_text_column\"><div class=\"wpb_wrapper\"><h5>Utilisation des cookies et des balises Web chez Fusion CFX<\/h5>\n<p>Chez Fusion CFX, nous utilisons des cookies et des balises web afin d&rsquo;am\u00e9liorer votre exp\u00e9rience de navigation en m\u00e9morisant vos pr\u00e9f\u00e9rences et en suivant votre activit\u00e9 sur notre site web. Pour plus d&rsquo;informations sur la mani\u00e8re dont nous utilisons ces technologies, veuillez consulter notre Politique en mati\u00e8re de cookies Fusion CFX.<\/p>\n<\/div><\/div><\/div><\/div><\/div><\/div><div class=\"w-separator size_custom\" style=\"height:30px\"><\/div><div class=\"g-cols wpb_row via_flex valign_top type_default stacking_default\"><div class=\"vc_col-sm-12 wpb_column vc_column_container\"><div class=\"vc_column-inner\"><div class=\"wpb_wrapper\"><div class=\"wpb_text_column\"><div class=\"wpb_wrapper\"><h5>Les annonceurs tiers et leurs pratiques en mati\u00e8re de confidentialit\u00e9<\/h5>\n<p>Les publicit\u00e9s affich\u00e9es sur notre site web et provenant de fournisseurs tiers peuvent \u00e9galement utiliser des cookies et des balises web, conform\u00e9ment \u00e0 leurs propres politiques de confidentialit\u00e9. Pour vous faciliter la t\u00e2che, nous mettons \u00e0 votre disposition des liens vers ces politiques afin que vous puissiez les consulter directement.<\/p>\n<\/div><\/div><\/div><\/div><\/div><\/div><div class=\"w-separator size_custom\" style=\"height:30px\"><\/div><div class=\"g-cols wpb_row via_flex valign_top type_default stacking_default\"><div class=\"vc_col-sm-12 wpb_column vc_column_container\"><div class=\"vc_column-inner\"><div class=\"wpb_wrapper\"><div class=\"wpb_text_column\"><div class=\"wpb_wrapper\"><h5>Technologies utilis\u00e9es par les annonceurs tiers<\/h5>\n<p>Les publicit\u00e9s diffus\u00e9es sur Fusion CFX peuvent utiliser des technologies telles que les cookies, JavaScript et les balises web pour collecter des informations telles que les adresses IP, personnaliser les publicit\u00e9s en fonction de vos centres d&rsquo;int\u00e9r\u00eat et mesurer l&rsquo;efficacit\u00e9 publicitaire. Veuillez noter que Fusion CFX n&rsquo;a aucun contr\u00f4le sur la mani\u00e8re dont les tiers utilisent ces technologies.<\/p>\n<\/div><\/div><\/div><\/div><\/div><\/div><div class=\"w-separator size_custom\" style=\"height:30px\"><\/div><div class=\"g-cols wpb_row via_flex valign_top type_default stacking_default\"><div class=\"vc_col-sm-12 wpb_column vc_column_container\"><div class=\"vc_column-inner\"><div class=\"wpb_wrapper\"><div class=\"wpb_text_column\"><div class=\"wpb_wrapper\"><h5>Politiques de confidentialit\u00e9 des annonceurs externes<\/h5>\n<p>Notre politique de confidentialit\u00e9 ne s&rsquo;applique pas aux annonceurs tiers ni aux sites web externes. Nous vous invitons \u00e0 consulter leurs politiques de confidentialit\u00e9 afin de comprendre comment ils collectent et g\u00e8rent les donn\u00e9es, et de savoir comment vous pouvez refuser certaines pratiques en mati\u00e8re de donn\u00e9es.<\/p>\n<\/div><\/div><\/div><\/div><\/div><\/div><div class=\"w-separator size_custom\" style=\"height:30px\"><\/div><div class=\"g-cols wpb_row via_flex valign_top type_default stacking_default\"><div class=\"vc_col-sm-12 wpb_column vc_column_container\"><div class=\"vc_column-inner\"><div class=\"wpb_wrapper\"><div class=\"wpb_text_column\"><div class=\"wpb_wrapper\"><h5>G\u00e9rer vos pr\u00e9f\u00e9rences en mati\u00e8re de cookies<\/h5>\n<p>Vous pouvez modifier ou d\u00e9sactiver les cookies dans les param\u00e8tres de votre navigateur. Pour obtenir des instructions d\u00e9taill\u00e9es sur la mani\u00e8re de modifier les param\u00e8tres relatifs aux cookies dans diff\u00e9rents navigateurs, veuillez consulter les ressources d&rsquo;aide officielles de votre navigateur.<\/p>\n<\/div><\/div><\/div><\/div><\/div><\/div><div class=\"w-separator size_custom\" style=\"height:30px\"><\/div><div class=\"g-cols wpb_row via_flex valign_top type_default stacking_default\"><div class=\"vc_col-sm-12 wpb_column vc_column_container\"><div class=\"vc_column-inner\"><div class=\"wpb_wrapper\"><div class=\"wpb_text_column\"><div class=\"wpb_wrapper\"><h5>Vos droits en vertu du RGPD<\/h5>\n<p>Chez Fusion CFX, nous respectons vos droits au titre du RGPD, qui comprennent notamment le droit d&rsquo;acc\u00e9der \u00e0 vos donn\u00e9es, de les rectifier, de les effacer, d&rsquo;en limiter le traitement ou de vous y opposer, ainsi que le droit de demander la portabilit\u00e9 de vos donn\u00e9es. Pour exercer l&rsquo;un de ces droits, veuillez nous contacter ; nous vous r\u00e9pondrons dans un d\u00e9lai d&rsquo;un mois.<\/p>\n<\/div><\/div><\/div><\/div><\/div><\/div><div class=\"w-separator size_custom\" style=\"height:30px\"><\/div><div class=\"g-cols wpb_row via_flex valign_top type_default stacking_default\"><div class=\"vc_col-sm-12 wpb_column vc_column_container\"><div class=\"vc_column-inner\"><div class=\"wpb_wrapper\"><div class=\"wpb_text_column\"><div class=\"wpb_wrapper\"><h5>Prot\u00e9ger la vie priv\u00e9e des enfants sur Internet<\/h5>\n<p>Nous nous engageons \u00e0 prot\u00e9ger la vie priv\u00e9e des enfants en ligne et ne collectons pas sciemment de donn\u00e9es personnelles aupr\u00e8s de personnes \u00e2g\u00e9es de moins de 18 ans. Si nous venions \u00e0 recueillir de telles informations par inadvertance, veuillez nous en informer imm\u00e9diatement afin que nous puissions les supprimer sans d\u00e9lai.<\/p>\n<\/div><\/div><\/div><\/div><\/div><\/div><div class=\"w-separator size_custom\" style=\"height:30px\"><\/div><div class=\"g-cols wpb_row via_flex valign_top type_default stacking_default\"><div class=\"vc_col-sm-12 wpb_column vc_column_container\"><div class=\"vc_column-inner\"><div class=\"wpb_wrapper\"><div class=\"wpb_text_column\"><div class=\"wpb_wrapper\"><h5>Contactez-nous<\/h5>\n<p>Si vous avez des questions ou des pr\u00e9occupations concernant notre politique de confidentialit\u00e9, nos pratiques en mati\u00e8re de traitement des donn\u00e9es ou notre politique relative aux cookies, n&rsquo;h\u00e9sitez pas \u00e0 nous envoyer un e-mail \u00e0 l&rsquo;adresse privacy@fusioncfx.com. Notre \u00e9quipe s&rsquo;engage \u00e0 prot\u00e9ger votre vie priv\u00e9e et \u00e0 vous garantir une exp\u00e9rience s\u00e9curis\u00e9e et positive avec [NomDeLaMarque]. N&rsquo;h\u00e9sitez pas \u00e0 contacter notre service d&rsquo;assistance pour toute question concernant nos pratiques en mati\u00e8re de confidentialit\u00e9, la s\u00e9curit\u00e9 des donn\u00e9es ou l&rsquo;utilisation des cookies et des balises web.<\/p>\n<\/div><\/div><\/div><\/div><\/div><\/div><\/div><\/div><\/div><div class=\"vc_col-sm-4 wpb_column vc_column_container\"><div class=\"vc_column-inner type_sticky\"><div class=\"wpb_wrapper\"><div class=\"g-cols wpb_row via_flex valign_top type_boxes stacking_default\"><div class=\"vc_col-sm-12 wpb_column vc_column_container has_bg_color\"><div class=\"vc_column-inner us_custom_cbd1df16\"><div class=\"wpb_wrapper\"><section class=\"l-section wpb_row height_auto width_full\"><div class=\"l-section-h i-cf\"><div class=\"g-cols vc_row via_flex valign_top type_default stacking_default\"><div class=\"vc_col-sm-12 wpb_column vc_column_container\"><div class=\"vc_column-inner\"><div class=\"wpb_wrapper\"><div class=\"g-cols wpb_row side-a via_flex valign_top type_default stacking_default\"><div class=\"vc_col-sm-12 wpb_column vc_column_container\"><div class=\"vc_column-inner\"><div class=\"wpb_wrapper\"><div class=\"wpb_text_column\"><div class=\"wpb_wrapper\"><h5>Autres Politiques<\/h5>\n<\/div><\/div><div class=\"w-separator size_custom\" style=\"height:30px\"><\/div><div class=\"wpb_text_column ulmoy link-ul\"><div class=\"wpb_wrapper\"><ul>\n<li><a href=\"\/fr\/risk-disclosure\/\">Divulgation des Risques<\/a><\/li>\n<li><a href=\"\/fr\/kyc-process\/\">Proc\u00e9dures KYC<\/a><\/li>\n<li><a href=\"\/fr\/bonus-terms-and-conditions\/\">Termes et Conditions des Bonus<\/a><\/li>\n<li><a href=\"\/fr\/terms-and-conditions\/\">Termes et Conditions<\/a><\/li>\n<li><a href=\"\/fr\/cookie-policy\/\">La Politique de Cookies<\/a><\/li>\n<li><a href=\"\/fr\/privacy-policy\/\">La Politique de Confidentialit\u00e9<\/a><\/li>\n<li><a href=\"\/fr\/complaints-dispute-policy\/\">Politique des Plaintes et Litiges<\/a><\/li>\n<\/ul>\n<\/div><\/div><\/div><\/div><\/div><\/div><\/div><\/div><\/div><\/div><\/div><\/section>\n<\/div><\/div><\/div><\/div><\/div><\/div><\/div><\/div><\/div><\/section>\n","protected":false},"excerpt":{"rendered":"La Politique de Confidentialit\u00e9 Commencer \u00e0 TraderAccueilPagesUtilisation des cookies et des balises Web chez Fusion CFX Chez Fusion CFX, nous utilisons des cookies et des balises web afin d&rsquo;am\u00e9liorer votre exp\u00e9rience de navigation en m\u00e9morisant vos pr\u00e9f\u00e9rences et en suivant votre activit\u00e9 sur notre site web. Pour plus d&rsquo;informations sur la mani\u00e8re dont nous utilisons...","protected":false},"author":1,"featured_media":0,"parent":0,"menu_order":0,"comment_status":"closed","ping_status":"closed","template":"","meta":{"footnotes":""},"class_list":["post-1210","page","type-page","status-publish","hentry"],"_links":{"self":[{"href":"https:\/\/nlp3.mycube.kz\/fr\/wp-json\/wp\/v2\/pages\/1210","targetHints":{"allow":["GET"]}}],"collection":[{"href":"https:\/\/nlp3.mycube.kz\/fr\/wp-json\/wp\/v2\/pages"}],"about":[{"href":"https:\/\/nlp3.mycube.kz\/fr\/wp-json\/wp\/v2\/types\/page"}],"author":[{"embeddable":true,"href":"https:\/\/nlp3.mycube.kz\/fr\/wp-json\/wp\/v2\/users\/1"}],"replies":[{"embeddable":true,"href":"https:\/\/nlp3.mycube.kz\/fr\/wp-json\/wp\/v2\/comments?post=1210"}],"version-history":[{"count":3,"href":"https:\/\/nlp3.mycube.kz\/fr\/wp-json\/wp\/v2\/pages\/1210\/revisions"}],"predecessor-version":[{"id":1214,"href":"https:\/\/nlp3.mycube.kz\/fr\/wp-json\/wp\/v2\/pages\/1210\/revisions\/1214"}],"wp:attachment":[{"href":"https:\/\/nlp3.mycube.kz\/fr\/wp-json\/wp\/v2\/media?parent=1210"}],"curies":[{"name":"wp","href":"https:\/\/api.w.org\/{rel}","templated":true}]}}