{"id":1200,"date":"2025-07-12T21:49:19","date_gmt":"2025-07-12T18:49:19","guid":{"rendered":"https:\/\/nlp3.mycube.kz\/cookie-policy\/"},"modified":"2026-03-23T10:13:02","modified_gmt":"2026-03-23T07:13:02","slug":"cookie-policy","status":"publish","type":"page","link":"https:\/\/nlp3.mycube.kz\/fr\/cookie-policy\/","title":{"rendered":"La Politique de Cookies"},"content":{"rendered":"<section class=\"l-section wpb_row us_custom_5be59d26 height_huge with_video\"><div id=\"us_bg_video_he49\" class=\"l-section-video\"><script id=\"us_bg_video_he49-script\">!function(w){var node = document.getElementById( 'us_bg_video_he49' );if ( w.innerWidth <= 100 ) { node.remove() }}(window);<\/script><style>@media(max-width:100px){#us_bg_video_he49{display:none!important}}<\/style><video  autoplay loop muted playsinline preload=\"auto\"><source type=\"video\/webm\" src=\"\/wp-content\/uploads\/2025\/07\/red.webm\" \/><\/video><\/div><div class=\"l-section-h i-cf\"><div class=\"g-cols vc_row via_flex valign_top type_default stacking_default\"><div class=\"vc_col-sm-12 wpb_column vc_column_container\"><div class=\"vc_column-inner\"><div class=\"wpb_wrapper\"><div class=\"w-separator size_custom\" style=\"height:3rem\"><\/div><div class=\"g-cols wpb_row via_flex valign_top type_default stacking_default\"><div class=\"vc_col-sm-12 wpb_column vc_column_container\"><div class=\"vc_column-inner us_custom_558ec5ca\"><div class=\"wpb_wrapper\"><div class=\"wpb_text_column us_custom_6df4bc3a has_text_color\"><div class=\"wpb_wrapper\"><h1>La Politique de Cookies<\/h1>\n<\/div><\/div><\/div><\/div><\/div><\/div><div class=\"w-separator us_custom_9321a470 has_text_color size_custom with_line width_default thick_2 style_dashed color_border align_left with_content\" style=\"height:5rem\"><div class=\"w-separator-h\"><i class=\"fas fa-fas fa-dot-circle\"><\/i><\/div><\/div><div class=\"g-cols wpb_row via_flex valign_top type_default stacking_default\"><div class=\"vc_col-sm-6 wpb_column vc_column_container\"><div class=\"vc_column-inner us_custom_dc08afa2\"><div class=\"wpb_wrapper\"><div class=\"w-btn-wrapper align_none\"><a class=\"w-btn us-btn-style_4 us_custom_a61e2493\" href=\"\/platform.html\"><span class=\"w-btn-label\">Commencer \u00e0 Trader<\/span><\/a><\/div><\/div><\/div><\/div><div class=\"vc_col-sm-6 wpb_column vc_column_container\"><div class=\"vc_column-inner us_custom_04c40667\"><div class=\"wpb_wrapper\"><nav class=\"g-breadcrumbs us_custom_64e1dcdb has_text_color separator_icon align_none\" itemscope itemtype=\"http:\/\/schema.org\/BreadcrumbList\"><div class=\"g-breadcrumbs-item\" itemscope itemprop=\"itemListElement\" itemtype=\"http:\/\/schema.org\/ListItem\"><a itemprop=\"item\" href=\"https:\/\/nlp3.mycube.kz\/fr\/\"><span itemprop=\"name\">Accueil<\/span><\/a><meta itemprop=\"position\" content=\"1\"\/><\/div><div class=\"g-breadcrumbs-separator\"><i class=\"far fa-angle-right\"><\/i><\/div><div class=\"g-breadcrumbs-item\">Pages<\/div><\/nav><\/div><\/div><\/div><\/div><div class=\"w-separator hide_on_default hide_on_laptops size_custom\" style=\"height:2rem\"><\/div><\/div><\/div><\/div><\/div><\/div><\/section><section class=\"l-section wpb_row height_auto\"><div class=\"l-section-h i-cf\"><div class=\"g-cols vc_row via_flex valign_top type_default stacking_default\"><div class=\"vc_col-sm-12 wpb_column vc_column_container\"><div class=\"vc_column-inner\"><div class=\"wpb_wrapper\"><div class=\"g-cols wpb_row us_custom_06927fe0 via_flex valign_top type_default stacking_default\"><div class=\"vc_col-sm-12 wpb_column vc_column_container\"><div class=\"vc_column-inner\"><div class=\"wpb_wrapper\"><div class=\"w-image align_center\"><a href=\"#one\" aria-label=\"w-tr\" class=\"w-image-h\"><img decoding=\"async\" width=\"157\" height=\"100\" src=\"https:\/\/nlp3.mycube.kz\/wp-content\/uploads\/2025\/07\/w-tr.png\" class=\"attachment-full size-full\" alt=\"\" loading=\"lazy\" \/><\/a><\/div><\/div><\/div><\/div><\/div><\/div><\/div><\/div><\/div><\/div><\/section><section class=\"l-section wpb_row height_large\" id=\"one\"><div class=\"l-section-h i-cf\"><div class=\"g-cols vc_row via_flex valign_top type_default stacking_default\"><div class=\"vc_col-sm-8 wpb_column vc_column_container ulmoy\"><div class=\"vc_column-inner\"><div class=\"wpb_wrapper\"><div class=\"g-cols wpb_row via_flex valign_top type_default stacking_default\"><div class=\"vc_col-sm-12 wpb_column vc_column_container\"><div class=\"vc_column-inner\"><div class=\"wpb_wrapper\"><div class=\"wpb_text_column\"><div class=\"wpb_wrapper\"><h5>Types de cookies utilis\u00e9s par Fusion CFX<\/h5>\n<ul>\n<li><strong>Cookies de gestion de compte:<\/strong><br \/>\nCes cookies sont indispensables pour la cr\u00e9ation de comptes et la gestion des pr\u00e9f\u00e9rences des utilisateurs. Ils permettent de conserver vos param\u00e8tres m\u00eame apr\u00e8s votre d\u00e9connexion.<\/li>\n<li><strong>Cookies de connexion:<\/strong><br \/>\nLes cookies de connexion vous permettent de rester connect\u00e9, vous \u00e9vitant ainsi de saisir vos identifiants \u00e0 chaque fois. Ils sont automatiquement supprim\u00e9s lorsque vous vous d\u00e9connectez afin de garantir la s\u00e9curit\u00e9 de votre session.<\/li>\n<li><strong>Cookies li\u00e9s \u00e0 la newsletter et aux e-mails:<\/strong><br \/>\nCes cookies permettent de g\u00e9rer vos choix d&rsquo;abonnement et de vous garantir la r\u00e9ception de mises \u00e0 jour correspondant \u00e0 vos centres d&rsquo;int\u00e9r\u00eat.<\/li>\n<li><strong>Cookies de participation aux sondages:<\/strong><br \/>\nCes cookies enregistrent votre participation aux sondages, garantissant ainsi l&rsquo;exactitude et l&rsquo;exhaustivit\u00e9 des donn\u00e9es collect\u00e9es.<\/li>\n<li><strong>Cookies d&rsquo;interaction avec les formulaires:<\/strong><br \/>\nCes cookies stockent les informations que vous saisissez dans les formulaires, ce qui rend votre exp\u00e9rience sur le site plus fluide et vous fait gagner du temps.<\/li>\n<li><strong>Cookies de personnalisation du site:<\/strong><br \/>\nCes cookies m\u00e9morisent vos choix de mise en page et de personnalisation, contribuant ainsi \u00e0 vous offrir une exp\u00e9rience de navigation plus personnalis\u00e9e.<\/li>\n<\/ul>\n<\/div><\/div><\/div><\/div><\/div><\/div><\/div><\/div><\/div><div class=\"vc_col-sm-4 wpb_column vc_column_container\"><div class=\"vc_column-inner type_sticky\"><div class=\"wpb_wrapper\"><div class=\"g-cols wpb_row via_flex valign_top type_boxes stacking_default\"><div class=\"vc_col-sm-12 wpb_column vc_column_container has_bg_color\"><div class=\"vc_column-inner us_custom_cbd1df16\"><div class=\"wpb_wrapper\"><section class=\"l-section wpb_row height_auto width_full\"><div class=\"l-section-h i-cf\"><div class=\"g-cols vc_row via_flex valign_top type_default stacking_default\"><div class=\"vc_col-sm-12 wpb_column vc_column_container\"><div class=\"vc_column-inner\"><div class=\"wpb_wrapper\"><div class=\"g-cols wpb_row side-a via_flex valign_top type_default stacking_default\"><div class=\"vc_col-sm-12 wpb_column vc_column_container\"><div class=\"vc_column-inner\"><div class=\"wpb_wrapper\"><div class=\"wpb_text_column\"><div class=\"wpb_wrapper\"><h5>Autres Politiques<\/h5>\n<\/div><\/div><div class=\"w-separator size_custom\" style=\"height:30px\"><\/div><div class=\"wpb_text_column ulmoy link-ul\"><div class=\"wpb_wrapper\"><ul>\n<li><a href=\"\/fr\/risk-disclosure\/\">Divulgation des Risques<\/a><\/li>\n<li><a href=\"\/fr\/kyc-process\/\">Proc\u00e9dures KYC<\/a><\/li>\n<li><a href=\"\/fr\/bonus-terms-and-conditions\/\">Termes et Conditions des Bonus<\/a><\/li>\n<li><a href=\"\/fr\/terms-and-conditions\/\">Termes et Conditions<\/a><\/li>\n<li><a href=\"\/fr\/cookie-policy\/\">La Politique de Cookies<\/a><\/li>\n<li><a href=\"\/fr\/privacy-policy\/\">La Politique de Confidentialit\u00e9<\/a><\/li>\n<li><a href=\"\/fr\/complaints-dispute-policy\/\">Politique des Plaintes et Litiges<\/a><\/li>\n<\/ul>\n<\/div><\/div><\/div><\/div><\/div><\/div><\/div><\/div><\/div><\/div><\/div><\/section>\n<\/div><\/div><\/div><\/div><\/div><\/div><\/div><\/div><\/div><\/section>\n","protected":false},"excerpt":{"rendered":"La Politique de Cookies Commencer \u00e0 TraderAccueilPagesTypes de cookies utilis\u00e9s par Fusion CFX Cookies de gestion de compte: Ces cookies sont indispensables pour la cr\u00e9ation de comptes et la gestion des pr\u00e9f\u00e9rences des utilisateurs. Ils permettent de conserver vos param\u00e8tres m\u00eame apr\u00e8s votre d\u00e9connexion. Cookies de connexion: Les cookies de connexion vous permettent de rester...","protected":false},"author":1,"featured_media":0,"parent":0,"menu_order":0,"comment_status":"closed","ping_status":"closed","template":"","meta":{"footnotes":""},"class_list":["post-1200","page","type-page","status-publish","hentry"],"_links":{"self":[{"href":"https:\/\/nlp3.mycube.kz\/fr\/wp-json\/wp\/v2\/pages\/1200","targetHints":{"allow":["GET"]}}],"collection":[{"href":"https:\/\/nlp3.mycube.kz\/fr\/wp-json\/wp\/v2\/pages"}],"about":[{"href":"https:\/\/nlp3.mycube.kz\/fr\/wp-json\/wp\/v2\/types\/page"}],"author":[{"embeddable":true,"href":"https:\/\/nlp3.mycube.kz\/fr\/wp-json\/wp\/v2\/users\/1"}],"replies":[{"embeddable":true,"href":"https:\/\/nlp3.mycube.kz\/fr\/wp-json\/wp\/v2\/comments?post=1200"}],"version-history":[{"count":3,"href":"https:\/\/nlp3.mycube.kz\/fr\/wp-json\/wp\/v2\/pages\/1200\/revisions"}],"predecessor-version":[{"id":1204,"href":"https:\/\/nlp3.mycube.kz\/fr\/wp-json\/wp\/v2\/pages\/1200\/revisions\/1204"}],"wp:attachment":[{"href":"https:\/\/nlp3.mycube.kz\/fr\/wp-json\/wp\/v2\/media?parent=1200"}],"curies":[{"name":"wp","href":"https:\/\/api.w.org\/{rel}","templated":true}]}}