{"id":1189,"date":"2025-07-12T21:39:36","date_gmt":"2025-07-12T18:39:36","guid":{"rendered":"https:\/\/nlp3.mycube.kz\/terms-and-conditions\/"},"modified":"2026-03-23T10:00:34","modified_gmt":"2026-03-23T07:00:34","slug":"terms-and-conditions","status":"publish","type":"page","link":"https:\/\/nlp3.mycube.kz\/fr\/terms-and-conditions\/","title":{"rendered":"Les Termes et les Conditions"},"content":{"rendered":"<section class=\"l-section wpb_row us_custom_5be59d26 height_huge with_video\"><div id=\"us_bg_video_gc3e\" class=\"l-section-video\"><script id=\"us_bg_video_gc3e-script\">!function(w){var node = document.getElementById( 'us_bg_video_gc3e' );if ( w.innerWidth <= 100 ) { node.remove() }}(window);<\/script><style>@media(max-width:100px){#us_bg_video_gc3e{display:none!important}}<\/style><video  autoplay loop muted playsinline preload=\"auto\"><source type=\"video\/webm\" src=\"\/wp-content\/uploads\/2025\/07\/red.webm\" \/><\/video><\/div><div class=\"l-section-h i-cf\"><div class=\"g-cols vc_row via_flex valign_top type_default stacking_default\"><div class=\"vc_col-sm-12 wpb_column vc_column_container\"><div class=\"vc_column-inner\"><div class=\"wpb_wrapper\"><div class=\"w-separator size_custom\" style=\"height:3rem\"><\/div><div class=\"g-cols wpb_row via_flex valign_top type_default stacking_default\"><div class=\"vc_col-sm-12 wpb_column vc_column_container\"><div class=\"vc_column-inner us_custom_558ec5ca\"><div class=\"wpb_wrapper\"><div class=\"wpb_text_column us_custom_6df4bc3a has_text_color\"><div class=\"wpb_wrapper\"><h1>Les Termes et les Conditions<\/h1>\n<\/div><\/div><\/div><\/div><\/div><\/div><div class=\"w-separator us_custom_9321a470 has_text_color size_custom with_line width_default thick_2 style_dashed color_border align_left with_content\" style=\"height:5rem\"><div class=\"w-separator-h\"><i class=\"fas fa-fas fa-dot-circle\"><\/i><\/div><\/div><div class=\"g-cols wpb_row via_flex valign_top type_default stacking_default\"><div class=\"vc_col-sm-9 wpb_column vc_column_container\"><div class=\"vc_column-inner us_custom_dc08afa2\"><div class=\"wpb_wrapper\"><div class=\"w-btn-wrapper align_none\"><a class=\"w-btn us-btn-style_4 us_custom_a61e2493\" href=\"\/platform.html\"><span class=\"w-btn-label\">Commencer \u00e0 Trader<\/span><\/a><\/div><\/div><\/div><\/div><div class=\"vc_col-sm-3 wpb_column vc_column_container\"><div class=\"vc_column-inner us_custom_04c40667\"><div class=\"wpb_wrapper\"><nav class=\"g-breadcrumbs us_custom_64e1dcdb has_text_color separator_icon align_none\" itemscope itemtype=\"http:\/\/schema.org\/BreadcrumbList\"><div class=\"g-breadcrumbs-item\" itemscope itemprop=\"itemListElement\" itemtype=\"http:\/\/schema.org\/ListItem\"><a itemprop=\"item\" href=\"https:\/\/nlp3.mycube.kz\/fr\/\"><span itemprop=\"name\">Accueil<\/span><\/a><meta itemprop=\"position\" content=\"1\"\/><\/div><div class=\"g-breadcrumbs-separator\"><i class=\"far fa-angle-right\"><\/i><\/div><div class=\"g-breadcrumbs-item\">Pages<\/div><\/nav><\/div><\/div><\/div><\/div><div class=\"w-separator hide_on_default hide_on_laptops size_custom\" style=\"height:2rem\"><\/div><\/div><\/div><\/div><\/div><\/div><\/section><section class=\"l-section wpb_row height_auto\"><div class=\"l-section-h i-cf\"><div class=\"g-cols vc_row via_flex valign_top type_default stacking_default\"><div class=\"vc_col-sm-12 wpb_column vc_column_container\"><div class=\"vc_column-inner\"><div class=\"wpb_wrapper\"><div class=\"g-cols wpb_row us_custom_06927fe0 via_flex valign_top type_default stacking_default\"><div class=\"vc_col-sm-12 wpb_column vc_column_container\"><div class=\"vc_column-inner\"><div class=\"wpb_wrapper\"><div class=\"w-image align_center\"><a href=\"#one\" aria-label=\"w-tr\" class=\"w-image-h\"><img decoding=\"async\" width=\"157\" height=\"100\" src=\"https:\/\/nlp3.mycube.kz\/wp-content\/uploads\/2025\/07\/w-tr.png\" class=\"attachment-full size-full\" alt=\"\" loading=\"lazy\" \/><\/a><\/div><\/div><\/div><\/div><\/div><\/div><\/div><\/div><\/div><\/div><\/section><section class=\"l-section wpb_row height_large\" id=\"one\"><div class=\"l-section-h i-cf\"><div class=\"g-cols vc_row via_flex valign_top type_default stacking_default\"><div class=\"vc_col-sm-8 wpb_column vc_column_container ulmoy\"><div class=\"vc_column-inner\"><div class=\"wpb_wrapper\"><div class=\"g-cols wpb_row via_flex valign_top type_default stacking_default\"><div class=\"vc_col-sm-12 wpb_column vc_column_container\"><div class=\"vc_column-inner\"><div class=\"wpb_wrapper\"><div class=\"wpb_text_column\"><div class=\"wpb_wrapper\"><h5>Besoin d&rsquo;aide ?<\/h5>\n<p>Si vous avez besoin d&rsquo;aide, notre \u00e9quipe du service client chez Fusion CFX se tient \u00e0 votre disposition pour vous apporter des conseils d&rsquo;experts. Que vous souhaitiez configurer des ordres Stop Loss ou que vous ayez des questions relatives au trading, nous sommes l\u00e0 pour am\u00e9liorer votre exp\u00e9rience de trading. Contactez-nous pour b\u00e9n\u00e9ficier d&rsquo;une assistance personnalis\u00e9e.<\/p>\n<\/div><\/div><\/div><\/div><\/div><\/div><div class=\"w-separator size_custom\" style=\"height:30px\"><\/div><div class=\"g-cols wpb_row via_flex valign_top type_default stacking_default\"><div class=\"vc_col-sm-12 wpb_column vc_column_container\"><div class=\"vc_column-inner\"><div class=\"wpb_wrapper\"><div class=\"wpb_text_column\"><div class=\"wpb_wrapper\"><h5>Engagement en faveur de l&rsquo;\u00e9quit\u00e9 et du respect des politiques en mati\u00e8re de primes chez Fusion CFX<\/h5>\n<p>Chez Fusion CFX, nous veillons au respect des pratiques commerciales \u00e9quitables. Nous nous r\u00e9servons le droit de suspendre des comptes, d&rsquo;annuler des bonus ou de r\u00e9cup\u00e9rer des fonds si nous constatons un usage abusif. Notre politique stricte en mati\u00e8re d&rsquo;abus de bonus vise notamment les actions suivantes:<\/p>\n<ul>\n<li>Le fait de d\u00e9tenir plusieurs comptes actifs ou de pr\u00e9senter des incoh\u00e9rences entre les noms des titulaires de compte et les informations de paiement.<\/li>\n<li>Le partage de moyens de paiement ou de coordonn\u00e9es bancaires entre diff\u00e9rents utilisateurs.<\/li>\n<li>Les litiges li\u00e9s aux frais de d\u00e9p\u00f4t.<\/li>\n<li>L&rsquo;ouverture de plusieurs comptes dans le but de tirer profit d&rsquo;offres de bonus ou de promotions.<\/li>\n<li>Le recours \u00e0 des tactiques de trading trompeuses, telles que l&rsquo;arbitrage de tr\u00e9sorerie, pour s&rsquo;assurer des profits garantis gr\u00e2ce aux fonds de bonus.<\/li>\n<\/ul>\n<\/div><\/div><\/div><\/div><\/div><\/div><div class=\"w-separator size_custom\" style=\"height:30px\"><\/div><div class=\"g-cols wpb_row via_flex valign_top type_default stacking_default\"><div class=\"vc_col-sm-12 wpb_column vc_column_container\"><div class=\"vc_column-inner\"><div class=\"wpb_wrapper\"><div class=\"wpb_text_column\"><div class=\"wpb_wrapper\"><h5>Mesures coercitives prises par Fusion CFX<\/h5>\n<p>En cas d&rsquo;abus des bonus, Fusion CFX peut :<\/p>\n<ul>\n<li>Annuler et confisquer tous les gains du compte concern\u00e9.<\/li>\n<li>Fermer le compte en question.<\/li>\n<li>Retenir tous les fonds pr\u00e9sents sur le compte.<\/li>\n<li>Interdire \u00e0 cette personne l&rsquo;acc\u00e8s \u00e0 tout bonus ou promotion \u00e0 l&rsquo;avenir.<\/li>\n<\/ul>\n<p>Ces mesures ont \u00e9t\u00e9 mises en place afin de garantir une utilisation appropri\u00e9e de nos offres promotionnelles. Pour plus d&rsquo;informations, veuillez contacter notre service d&rsquo;assistance.<\/p>\n<\/div><\/div><\/div><\/div><\/div><\/div><div class=\"w-separator size_custom\" style=\"height:30px\"><\/div><div class=\"g-cols wpb_row via_flex valign_top type_default stacking_default\"><div class=\"vc_col-sm-12 wpb_column vc_column_container\"><div class=\"vc_column-inner\"><div class=\"wpb_wrapper\"><div class=\"wpb_text_column\"><div class=\"wpb_wrapper\"><h5>Limitation de responsabilit\u00e9 et cadre juridique<\/h5>\n<ul>\n<li><strong>Clause de non-responsabilit\u00e9:<\/strong><br \/>\nFusion CFX ne saurait \u00eatre tenue responsable des dommages directs ou indirects r\u00e9sultant de l&rsquo;application de la pr\u00e9sente politique de bonus, y compris toute perte de b\u00e9n\u00e9fices, de donn\u00e9es ou de revenus, que les objectifs de la politique aient \u00e9t\u00e9 atteints ou non.<\/li>\n<li><strong>Comp\u00e9tence juridictionnelle:<\/strong><br \/>\nLa pr\u00e9sente Politique de bonus est r\u00e9gie par les R\u00e8gles ADR de la CCI. En utilisant Fusion CFX, vous acceptez de vous soumettre \u00e0 la comp\u00e9tence des tribunaux de Saint-Vincent-et-les-Grenadines pour tout litige li\u00e9 \u00e0 la pr\u00e9sente politique. Cela ne limite pas notre capacit\u00e9 \u00e0 faire ex\u00e9cuter des jugements ou \u00e0 demander des mesures provisoires dans d&rsquo;autres juridictions comp\u00e9tentes.<\/li>\n<\/ul>\n<\/div><\/div><\/div><\/div><\/div><\/div><div class=\"w-separator size_custom\" style=\"height:30px\"><\/div><div class=\"g-cols wpb_row via_flex valign_top type_default stacking_default\"><div class=\"vc_col-sm-12 wpb_column vc_column_container\"><div class=\"vc_column-inner\"><div class=\"wpb_wrapper\"><div class=\"wpb_text_column\"><div class=\"wpb_wrapper\"><h5>Contrat de licence avec Fusion CFX<\/h5>\n<p>Fusion CFX vous accorde une licence limit\u00e9e, non exclusive et non transf\u00e9rable vous permettant d&rsquo;acc\u00e9der \u00e0 notre plateforme et de l&rsquo;utiliser, \u00e0 condition que vous respectiez le pr\u00e9sent contrat. Toute reproduction ou utilisation non autoris\u00e9e des \u00e9l\u00e9ments du site sans l&rsquo;accord \u00e9crit pr\u00e9alable de Fusion CFX est strictement interdite.<\/p>\n<\/div><\/div><\/div><\/div><\/div><\/div><div class=\"w-separator size_custom\" style=\"height:30px\"><\/div><div class=\"g-cols wpb_row via_flex valign_top type_default stacking_default\"><div class=\"vc_col-sm-12 wpb_column vc_column_container\"><div class=\"vc_column-inner\"><div class=\"wpb_wrapper\"><div class=\"wpb_text_column\"><div class=\"wpb_wrapper\"><h5>Conditions de retrait de la licence<\/h5>\n<p>Si les informations que vous fournissez \u00e0 Fusion CFX, telles que votre adresse e-mail, s&rsquo;av\u00e8rent fausses ou si vous enfreignez les conditions du pr\u00e9sent contrat, votre licence d&rsquo;utilisation de nos services pourra \u00eatre r\u00e9voqu\u00e9e imm\u00e9diatement. De telles violations peuvent entra\u00eener la suspension de votre acc\u00e8s, la fermeture des offres d&#8217;emploi en cours et la suppression de contenus, \u00e0 notre enti\u00e8re discr\u00e9tion et sans pr\u00e9avis.<\/p>\n<\/div><\/div><\/div><\/div><\/div><\/div><div class=\"w-separator size_custom\" style=\"height:30px\"><\/div><div class=\"g-cols wpb_row via_flex valign_top type_default stacking_default\"><div class=\"vc_col-sm-12 wpb_column vc_column_container\"><div class=\"vc_column-inner\"><div class=\"wpb_wrapper\"><div class=\"wpb_text_column\"><div class=\"wpb_wrapper\"><h5>Reconnaissance de l&rsquo;avis sur les risques<\/h5>\n<p>En utilisant le site web Fusion CFX, vous reconnaissez et acceptez les risques inh\u00e9rents au trading, y compris la possibilit\u00e9 de subir des pertes. Il est important de bien comprendre ces risques avant de vous lancer dans des activit\u00e9s de trading.<\/p>\n<\/div><\/div><\/div><\/div><\/div><\/div><div class=\"w-separator size_custom\" style=\"height:30px\"><\/div><div class=\"g-cols wpb_row via_flex valign_top type_default stacking_default\"><div class=\"vc_col-sm-12 wpb_column vc_column_container\"><div class=\"vc_column-inner\"><div class=\"wpb_wrapper\"><div class=\"wpb_text_column\"><div class=\"wpb_wrapper\"><h5>R\u00e9clamations et r\u00e8glement des litiges<\/h5>\n<p>Nous nous effor\u00e7ons de r\u00e9soudre les litiges ou les r\u00e9clamations par le biais de discussions ouvertes et men\u00e9es de bonne foi. Si aucun accord ne peut \u00eatre trouv\u00e9, l&rsquo;une ou l&rsquo;autre des parties peut demander un arbitrage confidentiel conform\u00e9ment au R\u00e8glement ADR de la CCI. La sentence arbitrale sera d\u00e9finitive et ex\u00e9cutoire.<\/p>\n<\/div><\/div><\/div><\/div><\/div><\/div><div class=\"w-separator size_custom\" style=\"height:30px\"><\/div><div class=\"g-cols wpb_row via_flex valign_top type_default stacking_default\"><div class=\"vc_col-sm-12 wpb_column vc_column_container\"><div class=\"vc_column-inner\"><div class=\"wpb_wrapper\"><div class=\"wpb_text_column\"><div class=\"wpb_wrapper\"><h5>Prot\u00e9ger la vie priv\u00e9e des enfants sur Internet<\/h5>\n<p>Nous nous engageons \u00e0 prot\u00e9ger la vie priv\u00e9e des enfants en ligne. Nos services ne s&rsquo;adressent pas aux personnes \u00e2g\u00e9es de moins de 18 ans, et nous ne collectons pas sciemment de donn\u00e9es \u00e0 caract\u00e8re personnel aupr\u00e8s de mineurs. Nous encourageons les parents \u00e0 surveiller l&rsquo;utilisation d&rsquo;Internet par leurs enfants.<\/p>\n<\/div><\/div><\/div><\/div><\/div><\/div><div class=\"w-separator size_custom\" style=\"height:30px\"><\/div><div class=\"g-cols wpb_row via_flex valign_top type_default stacking_default\"><div class=\"vc_col-sm-12 wpb_column vc_column_container\"><div class=\"vc_column-inner\"><div class=\"wpb_wrapper\"><div class=\"wpb_text_column\"><div class=\"wpb_wrapper\"><h5>Utilisation des informations financi\u00e8res<\/h5>\n<p>Les donn\u00e9es financi\u00e8res disponibles sur la plateforme Fusion CFX sont fournies \u00e0 titre d&rsquo;information g\u00e9n\u00e9rale uniquement et ne doivent pas \u00eatre interpr\u00e9t\u00e9es comme des conseils d&rsquo;investissement sp\u00e9cifiques.<\/p>\n<ul>\n<li><strong>Avertissement concernant l&rsquo;exactitude et l&rsquo;actualit\u00e9 des informations:<\/strong><br \/>\nFusion CFX ne garantit pas l&rsquo;exactitude, l&rsquo;exhaustivit\u00e9 ni l&rsquo;actualit\u00e9 des donn\u00e9es financi\u00e8res fournies. Il incombe aux utilisateurs de v\u00e9rifier la pertinence et l&rsquo;exactitude de ces informations en fonction de leurs besoins individuels.<\/li>\n<li><strong>Politique de r\u00e9vision des informations:<\/strong><br \/>\nFusion CFX se r\u00e9serve le droit de cesser ou de modifier la fourniture d&rsquo;informations financi\u00e8res \u00e0 tout moment et sans pr\u00e9avis.<\/li>\n<\/ul>\n<\/div><\/div><\/div><\/div><\/div><\/div><div class=\"w-separator size_custom\" style=\"height:30px\"><\/div><div class=\"g-cols wpb_row via_flex valign_top type_default stacking_default\"><div class=\"vc_col-sm-12 wpb_column vc_column_container\"><div class=\"vc_column-inner\"><div class=\"wpb_wrapper\"><div class=\"wpb_text_column\"><div class=\"wpb_wrapper\"><h5>Avertissement concernant les liens externes et les sites tiers<\/h5>\n<p>Les liens vers des sites Web externes sont fournis uniquement \u00e0 titre pratique. Fusion CFX ne cautionne pas le contenu des sites tiers et n&rsquo;en assume aucune responsabilit\u00e9. Il appartient aux utilisateurs d&rsquo;\u00e9valuer de mani\u00e8re ind\u00e9pendante les risques li\u00e9s \u00e0 la consultation de ces sites externes.<\/p>\n<\/div><\/div><\/div><\/div><\/div><\/div><div class=\"w-separator size_custom\" style=\"height:30px\"><\/div><div class=\"g-cols wpb_row via_flex valign_top type_default stacking_default\"><div class=\"vc_col-sm-12 wpb_column vc_column_container\"><div class=\"vc_column-inner\"><div class=\"wpb_wrapper\"><div class=\"wpb_text_column\"><div class=\"wpb_wrapper\"><h5>Droits d&rsquo;annulation et de refus des transactions<\/h5>\n<p>Fusion CFX se r\u00e9serve le droit de refuser ou d&rsquo;annuler des services et de suspendre le versement des b\u00e9n\u00e9fices si une activit\u00e9 suspecte ou une violation du pr\u00e9sent contrat est constat\u00e9e sur notre plateforme.<\/p>\n<\/div><\/div><\/div><\/div><\/div><\/div><div class=\"w-separator size_custom\" style=\"height:30px\"><\/div><div class=\"g-cols wpb_row via_flex valign_top type_default stacking_default\"><div class=\"vc_col-sm-12 wpb_column vc_column_container\"><div class=\"vc_column-inner\"><div class=\"wpb_wrapper\"><div class=\"wpb_text_column\"><div class=\"wpb_wrapper\"><h5>Disponibilit\u00e9 du service dans certaines r\u00e9gions<\/h5>\n<p>En raison de contraintes l\u00e9gales et r\u00e9glementaires, Fusion CFX pourrait ne pas \u00eatre en mesure de fournir des services de trading dans certaines r\u00e9gions.<\/p>\n<p>Pour plus d&rsquo;informations sur nos politiques ou nos conditions d&rsquo;utilisation, veuillez contacter notre service client \u00e0 l&rsquo;adresse support@fusioncfx.com. Nous restons d\u00e9termin\u00e9s \u00e0 offrir un environnement de trading s\u00e9curis\u00e9, transparent et conforme \u00e0 la r\u00e9glementation pour tous nos clients.<\/p>\n<\/div><\/div><\/div><\/div><\/div><\/div><\/div><\/div><\/div><div class=\"vc_col-sm-4 wpb_column vc_column_container\"><div class=\"vc_column-inner type_sticky\"><div class=\"wpb_wrapper\"><div class=\"g-cols wpb_row via_flex valign_top type_boxes stacking_default\"><div class=\"vc_col-sm-12 wpb_column vc_column_container has_bg_color\"><div class=\"vc_column-inner us_custom_cbd1df16\"><div class=\"wpb_wrapper\"><section class=\"l-section wpb_row height_auto width_full\"><div class=\"l-section-h i-cf\"><div class=\"g-cols vc_row via_flex valign_top type_default stacking_default\"><div class=\"vc_col-sm-12 wpb_column vc_column_container\"><div class=\"vc_column-inner\"><div class=\"wpb_wrapper\"><div class=\"g-cols wpb_row side-a via_flex valign_top type_default stacking_default\"><div class=\"vc_col-sm-12 wpb_column vc_column_container\"><div class=\"vc_column-inner\"><div class=\"wpb_wrapper\"><div class=\"wpb_text_column\"><div class=\"wpb_wrapper\"><h5>Autres Politiques<\/h5>\n<\/div><\/div><div class=\"w-separator size_custom\" style=\"height:30px\"><\/div><div class=\"wpb_text_column ulmoy link-ul\"><div class=\"wpb_wrapper\"><ul>\n<li><a href=\"\/fr\/risk-disclosure\/\">Divulgation des Risques<\/a><\/li>\n<li><a href=\"\/fr\/kyc-process\/\">Proc\u00e9dures KYC<\/a><\/li>\n<li><a href=\"\/fr\/bonus-terms-and-conditions\/\">Termes et Conditions des Bonus<\/a><\/li>\n<li><a href=\"\/fr\/terms-and-conditions\/\">Termes et Conditions<\/a><\/li>\n<li><a href=\"\/fr\/cookie-policy\/\">La Politique de Cookies<\/a><\/li>\n<li><a href=\"\/fr\/privacy-policy\/\">La Politique de Confidentialit\u00e9<\/a><\/li>\n<li><a href=\"\/fr\/complaints-dispute-policy\/\">Politique des Plaintes et Litiges<\/a><\/li>\n<\/ul>\n<\/div><\/div><\/div><\/div><\/div><\/div><\/div><\/div><\/div><\/div><\/div><\/section>\n<\/div><\/div><\/div><\/div><\/div><\/div><\/div><\/div><\/div><\/section>\n","protected":false},"excerpt":{"rendered":"Les Termes et les Conditions Commencer \u00e0 TraderAccueilPagesBesoin d&rsquo;aide ? Si vous avez besoin d&rsquo;aide, notre \u00e9quipe du service client chez Fusion CFX se tient \u00e0 votre disposition pour vous apporter des conseils d&rsquo;experts. Que vous souhaitiez configurer des ordres Stop Loss ou que vous ayez des questions relatives au trading, nous sommes l\u00e0 pour...","protected":false},"author":1,"featured_media":0,"parent":0,"menu_order":0,"comment_status":"closed","ping_status":"closed","template":"","meta":{"footnotes":""},"class_list":["post-1189","page","type-page","status-publish","hentry"],"_links":{"self":[{"href":"https:\/\/nlp3.mycube.kz\/fr\/wp-json\/wp\/v2\/pages\/1189","targetHints":{"allow":["GET"]}}],"collection":[{"href":"https:\/\/nlp3.mycube.kz\/fr\/wp-json\/wp\/v2\/pages"}],"about":[{"href":"https:\/\/nlp3.mycube.kz\/fr\/wp-json\/wp\/v2\/types\/page"}],"author":[{"embeddable":true,"href":"https:\/\/nlp3.mycube.kz\/fr\/wp-json\/wp\/v2\/users\/1"}],"replies":[{"embeddable":true,"href":"https:\/\/nlp3.mycube.kz\/fr\/wp-json\/wp\/v2\/comments?post=1189"}],"version-history":[{"count":3,"href":"https:\/\/nlp3.mycube.kz\/fr\/wp-json\/wp\/v2\/pages\/1189\/revisions"}],"predecessor-version":[{"id":1193,"href":"https:\/\/nlp3.mycube.kz\/fr\/wp-json\/wp\/v2\/pages\/1189\/revisions\/1193"}],"wp:attachment":[{"href":"https:\/\/nlp3.mycube.kz\/fr\/wp-json\/wp\/v2\/media?parent=1189"}],"curies":[{"name":"wp","href":"https:\/\/api.w.org\/{rel}","templated":true}]}}