{"id":1178,"date":"2025-07-12T20:13:06","date_gmt":"2025-07-12T17:13:06","guid":{"rendered":"https:\/\/nlp3.mycube.kz\/bonus-terms-and-conditions\/"},"modified":"2026-03-23T09:41:58","modified_gmt":"2026-03-23T06:41:58","slug":"bonus-terms-and-conditions","status":"publish","type":"page","link":"https:\/\/nlp3.mycube.kz\/fr\/bonus-terms-and-conditions\/","title":{"rendered":"Termes et conditions des bonus"},"content":{"rendered":"<section class=\"l-section wpb_row us_custom_5be59d26 height_huge with_video\"><div id=\"us_bg_video_x6e6\" class=\"l-section-video\"><script id=\"us_bg_video_x6e6-script\">!function(w){var node = document.getElementById( 'us_bg_video_x6e6' );if ( w.innerWidth <= 100 ) { node.remove() }}(window);<\/script><style>@media(max-width:100px){#us_bg_video_x6e6{display:none!important}}<\/style><video  autoplay loop muted playsinline preload=\"auto\"><source type=\"video\/webm\" src=\"\/wp-content\/uploads\/2025\/07\/red.webm\" \/><\/video><\/div><div class=\"l-section-h i-cf\"><div class=\"g-cols vc_row via_flex valign_top type_default stacking_default\"><div class=\"vc_col-sm-12 wpb_column vc_column_container\"><div class=\"vc_column-inner\"><div class=\"wpb_wrapper\"><div class=\"w-separator size_custom\" style=\"height:3rem\"><\/div><div class=\"g-cols wpb_row via_flex valign_top type_default stacking_default\"><div class=\"vc_col-sm-12 wpb_column vc_column_container\"><div class=\"vc_column-inner us_custom_558ec5ca\"><div class=\"wpb_wrapper\"><div class=\"wpb_text_column us_custom_6df4bc3a has_text_color\"><div class=\"wpb_wrapper\"><h1>Termes et conditions des bonus<\/h1>\n<\/div><\/div><\/div><\/div><\/div><\/div><div class=\"w-separator us_custom_9321a470 has_text_color size_custom with_line width_default thick_2 style_dashed color_border align_left with_content\" style=\"height:5rem\"><div class=\"w-separator-h\"><i class=\"fas fa-fas fa-dot-circle\"><\/i><\/div><\/div><div class=\"g-cols wpb_row via_flex valign_top type_default stacking_default\"><div class=\"vc_col-sm-6 wpb_column vc_column_container\"><div class=\"vc_column-inner us_custom_dc08afa2\"><div class=\"wpb_wrapper\"><div class=\"w-btn-wrapper align_none\"><a class=\"w-btn us-btn-style_4 us_custom_a61e2493\" href=\"\/platform.html\"><span class=\"w-btn-label\">Commencer \u00e0 Trader<\/span><\/a><\/div><\/div><\/div><\/div><div class=\"vc_col-sm-6 wpb_column vc_column_container\"><div class=\"vc_column-inner us_custom_04c40667\"><div class=\"wpb_wrapper\"><nav class=\"g-breadcrumbs us_custom_64e1dcdb has_text_color separator_icon align_none\" itemscope itemtype=\"http:\/\/schema.org\/BreadcrumbList\"><div class=\"g-breadcrumbs-item\" itemscope itemprop=\"itemListElement\" itemtype=\"http:\/\/schema.org\/ListItem\"><a itemprop=\"item\" href=\"https:\/\/nlp3.mycube.kz\/fr\/\"><span itemprop=\"name\">Accueil<\/span><\/a><meta itemprop=\"position\" content=\"1\"\/><\/div><div class=\"g-breadcrumbs-separator\"><i class=\"far fa-angle-right\"><\/i><\/div><div class=\"g-breadcrumbs-item\">Pages<\/div><\/nav><\/div><\/div><\/div><\/div><div class=\"w-separator hide_on_default hide_on_laptops size_custom\" style=\"height:2rem\"><\/div><\/div><\/div><\/div><\/div><\/div><\/section><section class=\"l-section wpb_row height_auto\"><div class=\"l-section-h i-cf\"><div class=\"g-cols vc_row via_flex valign_top type_default stacking_default\"><div class=\"vc_col-sm-12 wpb_column vc_column_container\"><div class=\"vc_column-inner\"><div class=\"wpb_wrapper\"><div class=\"g-cols wpb_row us_custom_06927fe0 via_flex valign_top type_default stacking_default\"><div class=\"vc_col-sm-12 wpb_column vc_column_container\"><div class=\"vc_column-inner\"><div class=\"wpb_wrapper\"><div class=\"w-image align_center\"><a href=\"#one\" aria-label=\"w-tr\" class=\"w-image-h\"><img decoding=\"async\" width=\"157\" height=\"100\" src=\"https:\/\/nlp3.mycube.kz\/wp-content\/uploads\/2025\/07\/w-tr.png\" class=\"attachment-full size-full\" alt=\"\" loading=\"lazy\" \/><\/a><\/div><\/div><\/div><\/div><\/div><\/div><\/div><\/div><\/div><\/div><\/section><section class=\"l-section wpb_row height_large\" id=\"one\"><div class=\"l-section-h i-cf\"><div class=\"g-cols vc_row via_flex valign_top type_default stacking_default\"><div class=\"vc_col-sm-8 wpb_column vc_column_container ulmoy\"><div class=\"vc_column-inner\"><div class=\"wpb_wrapper\"><div class=\"g-cols wpb_row via_flex valign_top type_default stacking_default\"><div class=\"vc_col-sm-12 wpb_column vc_column_container\"><div class=\"vc_column-inner\"><div class=\"wpb_wrapper\"><div class=\"wpb_text_column\"><div class=\"wpb_wrapper\"><h5>Restez inform\u00e9 avec Fusion CFX Management Ltd \u00ae2026<\/h5>\n<p><strong>Derni\u00e8res actualit\u00e9s et mises \u00e0 jour<\/strong><br \/>\nPour conna\u00eetre les derni\u00e8res actualit\u00e9s de Fusion CFX Management Ltd, rendez-vous sur notre site web \u00e0 l&rsquo;adresse www.fusioncfx.com. Nos bureaux sont situ\u00e9s \u00e0 Waterloo House, Waterloo Road, London SE1 8XD, United Kingdom, et nous sommes ravis de proposer des bonus et des promotions exclusifs \u00e0 notre communaut\u00e9 de traders. Pour plus de d\u00e9tails, veuillez consulter notre Politique en mati\u00e8re de bonus, qui fait partie int\u00e9grante de nos Conditions g\u00e9n\u00e9rales, y compris les r\u00e8gles sp\u00e9cifiques au site. En cas de conflit, l&rsquo;ordre de priorit\u00e9 suivant s&rsquo;appliquera:<\/p>\n<ul>\n<li>Conditions g\u00e9n\u00e9rales relatives aux bonus<\/li>\n<li>Conditions g\u00e9n\u00e9rales<\/li>\n<li>Conditions d&rsquo;\u00e9ligibilit\u00e9 et conditions relatives aux bonus<\/li>\n<\/ul>\n<\/div><\/div><\/div><\/div><\/div><\/div><div class=\"w-separator size_custom\" style=\"height:30px\"><\/div><div class=\"g-cols wpb_row via_flex valign_top type_default stacking_default\"><div class=\"vc_col-sm-12 wpb_column vc_column_container\"><div class=\"vc_column-inner\"><div class=\"wpb_wrapper\"><div class=\"wpb_text_column\"><div class=\"wpb_wrapper\"><h5>Restrictions r\u00e9gionales<\/h5>\n<p>Certaines primes et promotions peuvent n&rsquo;\u00eatre disponibles que dans certaines r\u00e9gions en raison d&rsquo;exigences r\u00e9glementaires. Les conditions de retrait des primes peuvent varier en fonction de la l\u00e9gislation locale. Pour plus d&rsquo;informations, contactez-nous \u00e0 l&rsquo;adresse support@fusioncfx.com.<\/p>\n<\/div><\/div><\/div><\/div><\/div><\/div><div class=\"w-separator size_custom\" style=\"height:30px\"><\/div><div class=\"g-cols wpb_row via_flex valign_top type_default stacking_default\"><div class=\"vc_col-sm-12 wpb_column vc_column_container\"><div class=\"vc_column-inner\"><div class=\"wpb_wrapper\"><div class=\"wpb_text_column\"><div class=\"wpb_wrapper\"><h5>Restrictions concernant les m\u00e9nages<\/h5>\n<p>Sauf indication contraire, une seule offre promotionnelle ou un seul bonus est autoris\u00e9 par foyer, quel que soit le nombre de comptes d\u00e9tenus.<\/p>\n<\/div><\/div><\/div><\/div><\/div><\/div><div class=\"w-separator size_custom\" style=\"height:30px\"><\/div><div class=\"g-cols wpb_row via_flex valign_top type_default stacking_default\"><div class=\"vc_col-sm-12 wpb_column vc_column_container\"><div class=\"vc_column-inner\"><div class=\"wpb_wrapper\"><div class=\"wpb_text_column\"><div class=\"wpb_wrapper\"><h5>Droits de modification<\/h5>\n<p>Fusion CFX se r\u00e9serve le droit de modifier, d&rsquo;annuler ou de suspendre les offres promotionnelles \u00e0 sa seule discr\u00e9tion et sans pr\u00e9avis.<\/p>\n<\/div><\/div><\/div><\/div><\/div><\/div><div class=\"w-separator size_custom\" style=\"height:30px\"><\/div><div class=\"g-cols wpb_row via_flex valign_top type_default stacking_default\"><div class=\"vc_col-sm-12 wpb_column vc_column_container\"><div class=\"vc_column-inner\"><div class=\"wpb_wrapper\"><div class=\"wpb_text_column\"><div class=\"wpb_wrapper\"><h5>Probl\u00e8mes de paiement<\/h5>\n<p>Si un paiement est refus\u00e9 ou annul\u00e9 par le prestataire de services de paiement, Fusion CFX se r\u00e9serve le droit de retirer tout bonus ou gain associ\u00e9.<\/p>\n<\/div><\/div><\/div><\/div><\/div><\/div><div class=\"w-separator size_custom\" style=\"height:30px\"><\/div><div class=\"g-cols wpb_row via_flex valign_top type_default stacking_default\"><div class=\"vc_col-sm-12 wpb_column vc_column_container\"><div class=\"vc_column-inner\"><div class=\"wpb_wrapper\"><div class=\"wpb_text_column\"><div class=\"wpb_wrapper\"><h5>Informations relatives aux annulations et aux remboursements<\/h5>\n<p>Pour plus d&rsquo;informations sur les modalit\u00e9s de retrait, veuillez consulter notre politique de retrait et de remboursement.<\/p>\n<\/div><\/div><\/div><\/div><\/div><\/div><div class=\"w-separator size_custom\" style=\"height:30px\"><\/div><div class=\"g-cols wpb_row via_flex valign_top type_default stacking_default\"><div class=\"vc_col-sm-12 wpb_column vc_column_container\"><div class=\"vc_column-inner\"><div class=\"wpb_wrapper\"><div class=\"wpb_text_column\"><div class=\"wpb_wrapper\"><h5>Conditions g\u00e9n\u00e9rales du bonus<\/h5>\n<ul>\n<li><strong>Octroi de bonus<\/strong><br \/>\nFusion CFX peut, \u00e0 sa seule discr\u00e9tion, offrir des bonus temporaires afin d&rsquo;augmenter le capital de trading lors d&rsquo;un premier d\u00e9p\u00f4t ou de d\u00e9p\u00f4ts ult\u00e9rieurs.<\/li>\n<li><strong>Acceptation des bonus<\/strong><br \/>\nL&rsquo;acceptation d&rsquo;un bonus est facultative. En poursuivant vos op\u00e9rations apr\u00e8s avoir accept\u00e9 un bonus, vous acceptez les conditions associ\u00e9es \u00e0 ce bonus.<\/li>\n<li><strong>Respect des conditions promotionnelles<\/strong><br \/>\nLes bonus sont soumis \u00e0 des conditions sp\u00e9cifiques, telles que des montants minimums de d\u00e9p\u00f4t ou des objectifs de volume de trading \u00e0 atteindre dans un d\u00e9lai d\u00e9termin\u00e9.<\/li>\n<\/ul>\n<\/div><\/div><\/div><\/div><\/div><\/div><div class=\"w-separator size_custom\" style=\"height:30px\"><\/div><div class=\"g-cols wpb_row via_flex valign_top type_default stacking_default\"><div class=\"vc_col-sm-12 wpb_column vc_column_container\"><div class=\"vc_column-inner\"><div class=\"wpb_wrapper\"><div class=\"wpb_text_column\"><div class=\"wpb_wrapper\"><h5>Directives relatives \u00e0 la gestion des primes<\/h5>\n<ul>\n<li><strong>Conditions relatives au volume de trading<\/strong><br \/>\nPour retirer les bonus, les traders doivent atteindre un volume de trading \u00e9gal \u00e0 1 lot pour chaque montant de bonus re\u00e7u.<\/li>\n<li><strong>Restrictions relatives au compte<\/strong><br \/>\nLes bonus ne peuvent pas \u00eatre transf\u00e9r\u00e9s et doivent rester sur le compte sur lequel ils ont \u00e9t\u00e9 initialement cr\u00e9dit\u00e9s.<\/li>\n<li><strong>Droit de r\u00e9tractation<\/strong><br \/>\nFusion CFX se r\u00e9serve le droit d&rsquo;annuler tout bonus en cas de suspicion d&rsquo;activit\u00e9 frauduleuse.<\/li>\n<li><strong>Mesures anti-fraude<\/strong><br \/>\nEn cas de fraude ou de r\u00e9trofacturation, Fusion CFX peut retenir les fonds d\u00e9passant le montant du d\u00e9p\u00f4t initial et engager des poursuites judiciaires afin de r\u00e9cup\u00e9rer les pertes subies.<\/li>\n<\/ul>\n<\/div><\/div><\/div><\/div><\/div><\/div><div class=\"w-separator size_custom\" style=\"height:30px\"><\/div><div class=\"g-cols wpb_row via_flex valign_top type_default stacking_default\"><div class=\"vc_col-sm-12 wpb_column vc_column_container\"><div class=\"vc_column-inner\"><div class=\"wpb_wrapper\"><div class=\"wpb_text_column\"><div class=\"wpb_wrapper\"><h5>Comprendre les ordres stop et les ordres \u00e0 cours limit\u00e9<\/h5>\n<ul>\n<li><strong>Ordres stop<\/strong><br \/>\nCes ordres se d\u00e9clenchent \u00e0 un prix d\u00e9fini, mais sont ex\u00e9cut\u00e9s au cours du march\u00e9 en vigueur \u00e0 ce moment-l\u00e0.<\/li>\n<li><strong>Ordres \u00e0 cours limit\u00e9<\/strong><br \/>\nCes ordres sont configur\u00e9s pour \u00eatre ex\u00e9cut\u00e9s \u00e0 un prix sp\u00e9cifique ou \u00e0 un prix plus avantageux.<\/li>\n<\/ul>\n<\/div><\/div><\/div><\/div><\/div><\/div><div class=\"w-separator size_custom\" style=\"height:30px\"><\/div><div class=\"g-cols wpb_row via_flex valign_top type_default stacking_default\"><div class=\"vc_col-sm-12 wpb_column vc_column_container\"><div class=\"vc_column-inner\"><div class=\"wpb_wrapper\"><div class=\"wpb_text_column\"><div class=\"wpb_wrapper\"><h5>Renforcer votre strat\u00e9gie de stop loss<\/h5>\n<p>La mise en place d&rsquo;une strat\u00e9gie de stop-loss est essentielle pour g\u00e9rer les risques li\u00e9s au trading. Les day traders doivent d\u00e9finir, pour chaque transaction, des niveaux de stop-loss qui tiennent compte de la volatilit\u00e9 potentielle du march\u00e9.<\/p>\n<\/div><\/div><\/div><\/div><\/div><\/div><div class=\"w-separator size_custom\" style=\"height:30px\"><\/div><div class=\"g-cols wpb_row via_flex valign_top type_default stacking_default\"><div class=\"vc_col-sm-12 wpb_column vc_column_container\"><div class=\"vc_column-inner\"><div class=\"wpb_wrapper\"><div class=\"wpb_text_column\"><div class=\"wpb_wrapper\"><h5>Assistance Stop Loss chez Fusion CFX<\/h5>\n<p>Notre service client est \u00e0 votre disposition pour vous aider \u00e0 mettre en place des ordres Stop Loss ou pour r\u00e9pondre \u00e0 toute autre question relative au trading.<\/p>\n<\/div><\/div><\/div><\/div><\/div><\/div><div class=\"w-separator size_custom\" style=\"height:30px\"><\/div><div class=\"g-cols wpb_row via_flex valign_top type_default stacking_default\"><div class=\"vc_col-sm-12 wpb_column vc_column_container\"><div class=\"vc_column-inner\"><div class=\"wpb_wrapper\"><div class=\"wpb_text_column\"><div class=\"wpb_wrapper\"><h5>Guide sur les services tiers<\/h5>\n<p>Fusion CFX donne acc\u00e8s \u00e0 des outils et services tiers. Les clients sont invit\u00e9s \u00e0 \u00e9valuer attentivement les risques et les conditions li\u00e9s \u00e0 ces services. Fusion CFX d\u00e9cline toute responsabilit\u00e9 en cas de pertes ou de litiges d\u00e9coulant de l&rsquo;utilisation de services tiers.<\/p>\n<\/div><\/div><\/div><\/div><\/div><\/div><div class=\"w-separator size_custom\" style=\"height:30px\"><\/div><div class=\"g-cols wpb_row via_flex valign_top type_default stacking_default\"><div class=\"vc_col-sm-12 wpb_column vc_column_container\"><div class=\"vc_column-inner\"><div class=\"wpb_wrapper\"><div class=\"wpb_text_column\"><div class=\"wpb_wrapper\"><h5>Limitation de responsabilit\u00e9<\/h5>\n<p>Bien que nous nous efforcions d&rsquo;offrir un service fiable et continu, nous ne pouvons garantir que notre site web ou nos services seront exempts de probl\u00e8mes techniques. Nous d\u00e9clinons toute responsabilit\u00e9 en cas de perturbations affectant nos syst\u00e8mes en ligne, nos serveurs ou notre connectivit\u00e9.<\/p>\n<\/div><\/div><\/div><\/div><\/div><\/div><div class=\"w-separator size_custom\" style=\"height:30px\"><\/div><div class=\"g-cols wpb_row via_flex valign_top type_default stacking_default\"><div class=\"vc_col-sm-12 wpb_column vc_column_container\"><div class=\"vc_column-inner\"><div class=\"wpb_wrapper\"><div class=\"wpb_text_column\"><div class=\"wpb_wrapper\"><h5>Cadre de responsabilit\u00e9 juridique<\/h5>\n<p>Dans la mesure permise par la loi applicable, Fusion CFX limite sa responsabilit\u00e9 en cas de dommages indirects, accessoires, cons\u00e9cutifs ou punitifs r\u00e9sultant de l&rsquo;utilisation de notre site web ou de nos services. Cela inclut les pertes de trading r\u00e9sultant de la confiance accord\u00e9e aux informations fournies sur notre site. La responsabilit\u00e9 maximale de Fusion CFX envers tout client ne d\u00e9passera pas le montant total d\u00e9pos\u00e9 par le client pour la transaction concern\u00e9e.<\/p>\n<\/div><\/div><\/div><\/div><\/div><\/div><\/div><\/div><\/div><div class=\"vc_col-sm-4 wpb_column vc_column_container\"><div class=\"vc_column-inner type_sticky\"><div class=\"wpb_wrapper\"><div class=\"g-cols wpb_row via_flex valign_top type_boxes stacking_default\"><div class=\"vc_col-sm-12 wpb_column vc_column_container has_bg_color\"><div class=\"vc_column-inner us_custom_cbd1df16\"><div class=\"wpb_wrapper\"><section class=\"l-section wpb_row height_auto width_full\"><div class=\"l-section-h i-cf\"><div class=\"g-cols vc_row via_flex valign_top type_default stacking_default\"><div class=\"vc_col-sm-12 wpb_column vc_column_container\"><div class=\"vc_column-inner\"><div class=\"wpb_wrapper\"><div class=\"g-cols wpb_row side-a via_flex valign_top type_default stacking_default\"><div class=\"vc_col-sm-12 wpb_column vc_column_container\"><div class=\"vc_column-inner\"><div class=\"wpb_wrapper\"><div class=\"wpb_text_column\"><div class=\"wpb_wrapper\"><h5>Autres Politiques<\/h5>\n<\/div><\/div><div class=\"w-separator size_custom\" style=\"height:30px\"><\/div><div class=\"wpb_text_column ulmoy link-ul\"><div class=\"wpb_wrapper\"><ul>\n<li><a href=\"\/fr\/risk-disclosure\/\">Divulgation des Risques<\/a><\/li>\n<li><a href=\"\/fr\/kyc-process\/\">Proc\u00e9dures KYC<\/a><\/li>\n<li><a href=\"\/fr\/bonus-terms-and-conditions\/\">Termes et Conditions des Bonus<\/a><\/li>\n<li><a href=\"\/fr\/terms-and-conditions\/\">Termes et Conditions<\/a><\/li>\n<li><a href=\"\/fr\/cookie-policy\/\">La Politique de Cookies<\/a><\/li>\n<li><a href=\"\/fr\/privacy-policy\/\">La Politique de Confidentialit\u00e9<\/a><\/li>\n<li><a href=\"\/fr\/complaints-dispute-policy\/\">Politique des Plaintes et Litiges<\/a><\/li>\n<\/ul>\n<\/div><\/div><\/div><\/div><\/div><\/div><\/div><\/div><\/div><\/div><\/div><\/section>\n<\/div><\/div><\/div><\/div><\/div><\/div><\/div><\/div><\/div><\/section>\n","protected":false},"excerpt":{"rendered":"Termes et conditions des bonus Commencer \u00e0 TraderAccueilPagesRestez inform\u00e9 avec Fusion CFX Management Ltd \u00ae2026 Derni\u00e8res actualit\u00e9s et mises \u00e0 jour Pour conna\u00eetre les derni\u00e8res actualit\u00e9s de Fusion CFX Management Ltd, rendez-vous sur notre site web \u00e0 l&rsquo;adresse www.fusioncfx.com. Nos bureaux sont situ\u00e9s \u00e0 Waterloo House, Waterloo Road, London SE1 8XD, United Kingdom, et nous...","protected":false},"author":1,"featured_media":0,"parent":0,"menu_order":0,"comment_status":"closed","ping_status":"closed","template":"","meta":{"footnotes":""},"class_list":["post-1178","page","type-page","status-publish","hentry"],"_links":{"self":[{"href":"https:\/\/nlp3.mycube.kz\/fr\/wp-json\/wp\/v2\/pages\/1178","targetHints":{"allow":["GET"]}}],"collection":[{"href":"https:\/\/nlp3.mycube.kz\/fr\/wp-json\/wp\/v2\/pages"}],"about":[{"href":"https:\/\/nlp3.mycube.kz\/fr\/wp-json\/wp\/v2\/types\/page"}],"author":[{"embeddable":true,"href":"https:\/\/nlp3.mycube.kz\/fr\/wp-json\/wp\/v2\/users\/1"}],"replies":[{"embeddable":true,"href":"https:\/\/nlp3.mycube.kz\/fr\/wp-json\/wp\/v2\/comments?post=1178"}],"version-history":[{"count":4,"href":"https:\/\/nlp3.mycube.kz\/fr\/wp-json\/wp\/v2\/pages\/1178\/revisions"}],"predecessor-version":[{"id":1183,"href":"https:\/\/nlp3.mycube.kz\/fr\/wp-json\/wp\/v2\/pages\/1178\/revisions\/1183"}],"wp:attachment":[{"href":"https:\/\/nlp3.mycube.kz\/fr\/wp-json\/wp\/v2\/media?parent=1178"}],"curies":[{"name":"wp","href":"https:\/\/api.w.org\/{rel}","templated":true}]}}