{"id":1158,"date":"2025-07-12T16:21:44","date_gmt":"2025-07-12T13:21:44","guid":{"rendered":"https:\/\/nlp3.mycube.kz\/risk-disclosurer\/"},"modified":"2026-03-23T09:03:33","modified_gmt":"2026-03-23T06:03:33","slug":"risk-disclosurer","status":"publish","type":"page","link":"https:\/\/nlp3.mycube.kz\/fr\/risk-disclosurer\/","title":{"rendered":"Divulgation des risques"},"content":{"rendered":"<section class=\"l-section wpb_row us_custom_5be59d26 height_huge with_video\"><div id=\"us_bg_video_k096\" class=\"l-section-video\"><script id=\"us_bg_video_k096-script\">!function(w){var node = document.getElementById( 'us_bg_video_k096' );if ( w.innerWidth <= 100 ) { node.remove() }}(window);<\/script><style>@media(max-width:100px){#us_bg_video_k096{display:none!important}}<\/style><video  autoplay loop muted playsinline preload=\"auto\"><source type=\"video\/webm\" src=\"\/wp-content\/uploads\/2025\/07\/red.webm\" \/><\/video><\/div><div class=\"l-section-h i-cf\"><div class=\"g-cols vc_row via_flex valign_top type_default stacking_default\"><div class=\"vc_col-sm-12 wpb_column vc_column_container\"><div class=\"vc_column-inner\"><div class=\"wpb_wrapper\"><div class=\"w-separator size_custom\" style=\"height:3rem\"><\/div><div class=\"g-cols wpb_row via_flex valign_top type_default stacking_default\"><div class=\"vc_col-sm-12 wpb_column vc_column_container\"><div class=\"vc_column-inner us_custom_558ec5ca\"><div class=\"wpb_wrapper\"><div class=\"wpb_text_column us_custom_6df4bc3a has_text_color\"><div class=\"wpb_wrapper\"><h1>Divulgation des risques<\/h1>\n<\/div><\/div><\/div><\/div><\/div><\/div><div class=\"w-separator us_custom_9321a470 has_text_color size_custom with_line width_default thick_2 style_dashed color_border align_left with_content\" style=\"height:5rem\"><div class=\"w-separator-h\"><i class=\"fas fa-fas fa-dot-circle\"><\/i><\/div><\/div><div class=\"g-cols wpb_row via_flex valign_top type_default stacking_default\"><div class=\"vc_col-sm-9 wpb_column vc_column_container\"><div class=\"vc_column-inner us_custom_dc08afa2\"><div class=\"wpb_wrapper\"><div class=\"w-btn-wrapper align_none\"><a class=\"w-btn us-btn-style_4 us_custom_a61e2493\" href=\"\/platform.html\"><span class=\"w-btn-label\">Commencer \u00e0 Trader<\/span><\/a><\/div><\/div><\/div><\/div><div class=\"vc_col-sm-3 wpb_column vc_column_container\"><div class=\"vc_column-inner us_custom_04c40667\"><div class=\"wpb_wrapper\"><nav class=\"g-breadcrumbs us_custom_64e1dcdb has_text_color separator_icon align_none\" itemscope itemtype=\"http:\/\/schema.org\/BreadcrumbList\"><div class=\"g-breadcrumbs-item\" itemscope itemprop=\"itemListElement\" itemtype=\"http:\/\/schema.org\/ListItem\"><a itemprop=\"item\" href=\"https:\/\/nlp3.mycube.kz\/fr\/\"><span itemprop=\"name\">Accueil<\/span><\/a><meta itemprop=\"position\" content=\"1\"\/><\/div><div class=\"g-breadcrumbs-separator\"><i class=\"far fa-angle-right\"><\/i><\/div><div class=\"g-breadcrumbs-item\">Pages<\/div><\/nav><\/div><\/div><\/div><\/div><div class=\"w-separator hide_on_default hide_on_laptops size_custom\" style=\"height:2rem\"><\/div><\/div><\/div><\/div><\/div><\/div><\/section><section class=\"l-section wpb_row height_auto\"><div class=\"l-section-h i-cf\"><div class=\"g-cols vc_row via_flex valign_top type_default stacking_default\"><div class=\"vc_col-sm-12 wpb_column vc_column_container\"><div class=\"vc_column-inner\"><div class=\"wpb_wrapper\"><div class=\"g-cols wpb_row us_custom_06927fe0 via_flex valign_top type_default stacking_default\"><div class=\"vc_col-sm-12 wpb_column vc_column_container\"><div class=\"vc_column-inner\"><div class=\"wpb_wrapper\"><div class=\"w-image align_center\"><a href=\"#one\" aria-label=\"w-tr\" class=\"w-image-h\"><img decoding=\"async\" width=\"157\" height=\"100\" src=\"https:\/\/nlp3.mycube.kz\/wp-content\/uploads\/2025\/07\/w-tr.png\" class=\"attachment-full size-full\" alt=\"\" loading=\"lazy\" \/><\/a><\/div><\/div><\/div><\/div><\/div><\/div><\/div><\/div><\/div><\/div><\/section><section class=\"l-section wpb_row height_large\" id=\"one\"><div class=\"l-section-h i-cf\"><div class=\"g-cols vc_row via_flex valign_top type_default stacking_default\"><div class=\"vc_col-sm-8 wpb_column vc_column_container ulmoy\"><div class=\"vc_column-inner\"><div class=\"wpb_wrapper\"><div class=\"g-cols wpb_row via_flex valign_top type_default stacking_default\"><div class=\"vc_col-sm-12 wpb_column vc_column_container\"><div class=\"vc_column-inner\"><div class=\"wpb_wrapper\"><div class=\"wpb_text_column\"><div class=\"wpb_wrapper\"><h5>Comprendre les risques li\u00e9s au trading de CFD avec Fusion CFX<\/h5>\n<p><strong>Relever les d\u00e9fis du trading sur le march\u00e9 des changes<\/strong><\/p>\n<p>Le trading de contrats sur diff\u00e9rence (CFD) exige une gestion rigoureuse des risques, en particulier lorsque l&rsquo;on recourt \u00e0 l&rsquo;effet de levier. Pour les d\u00e9butants ou les personnes ayant une faible tol\u00e9rance au risque, les CFD peuvent s&rsquo;av\u00e9rer complexes et comporter des risques importants. Contrairement au trading boursier traditionnel, qui fait souvent moins appel \u00e0 l&rsquo;effet de levier, les CFD peuvent amplifier aussi bien les gains que les pertes.<\/p>\n<\/div><\/div><\/div><\/div><\/div><\/div><div class=\"w-separator size_custom\" style=\"height:30px\"><\/div><div class=\"g-cols wpb_row via_flex valign_top type_default stacking_default\"><div class=\"vc_col-sm-12 wpb_column vc_column_container\"><div class=\"vc_column-inner\"><div class=\"wpb_wrapper\"><div class=\"wpb_text_column\"><div class=\"wpb_wrapper\"><h5>Principaux risques li\u00e9s au trading de CFD<\/h5>\n<ul>\n<li><strong>Volatilit\u00e9 du march\u00e9<\/strong> \u2013 Les cours des CFD peuvent \u00e9voluer rapidement, et l&rsquo;effet de levier amplifie \u00e0 la fois les gains et les pertes potentiels.<\/li>\n<li><strong>Perte totale du capital<\/strong> \u2013 Vous risquez de perdre la totalit\u00e9 de votre investissement. N&rsquo;effectuez des op\u00e9rations qu&rsquo;avec des fonds que vous pouvez vous permettre de perdre sans compromettre votre s\u00e9curit\u00e9 financi\u00e8re.<\/li>\n<\/ul>\n<\/div><\/div><\/div><\/div><\/div><\/div><div class=\"w-separator size_custom\" style=\"height:30px\"><\/div><div class=\"g-cols wpb_row via_flex valign_top type_default stacking_default\"><div class=\"vc_col-sm-12 wpb_column vc_column_container\"><div class=\"vc_column-inner\"><div class=\"wpb_wrapper\"><div class=\"wpb_text_column\"><div class=\"wpb_wrapper\"><h5>Principaux risques li\u00e9s au trading de CFD<\/h5>\n<ul>\n<li><strong>Volatilit\u00e9 du march\u00e9 :<\/strong> les cours des CFD peuvent \u00e9voluer rapidement, et l&rsquo;effet de levier peut amplifier les pertes potentielles.<\/li>\n<li><strong>Risque de perte totale :<\/strong> vous risquez de perdre la totalit\u00e9 de votre investissement. N&rsquo;investissez que des fonds que vous pouvez vous permettre de perdre et privil\u00e9giez votre s\u00e9curit\u00e9 financi\u00e8re.<\/li>\n<\/ul>\n<\/div><\/div><\/div><\/div><\/div><\/div><div class=\"w-separator size_custom\" style=\"height:30px\"><\/div><div class=\"g-cols wpb_row via_flex valign_top type_default stacking_default\"><div class=\"vc_col-sm-12 wpb_column vc_column_container\"><div class=\"vc_column-inner\"><div class=\"wpb_wrapper\"><div class=\"wpb_text_column\"><div class=\"wpb_wrapper\"><h5>Mesures de s\u00e9curit\u00e9 indispensables<\/h5>\n<ul>\n<li><strong>Sensibilisation aux risques :<\/strong> assurez-vous de bien comprendre les risques encourus avant de vous lancer dans le trading de CFD.<\/li>\n<li><strong>Conseils professionnels :<\/strong> consultez un conseiller financier agr\u00e9\u00e9 pour prendre des d\u00e9cisions en toute connaissance de cause.<\/li>\n<\/ul>\n<\/div><\/div><\/div><\/div><\/div><\/div><div class=\"w-separator size_custom\" style=\"height:30px\"><\/div><div class=\"g-cols wpb_row via_flex valign_top type_default stacking_default\"><div class=\"vc_col-sm-12 wpb_column vc_column_container\"><div class=\"vc_column-inner\"><div class=\"wpb_wrapper\"><div class=\"wpb_text_column\"><div class=\"wpb_wrapper\"><h5>Fusion CFX Avertissement<\/h5>\n<p>Fusion CFX d\u00e9cline toute responsabilit\u00e9 pour les pertes li\u00e9es au trading de CFD, notamment :<\/p>\n<ul>\n<li>Pertes financi\u00e8res directes ou indirectes.<\/li>\n<li>Dommages-int\u00e9r\u00eats sp\u00e9ciaux, accessoires ou indirects.<\/li>\n<\/ul>\n<\/div><\/div><\/div><\/div><\/div><\/div><div class=\"w-separator size_custom\" style=\"height:30px\"><\/div><div class=\"g-cols wpb_row via_flex valign_top type_default stacking_default\"><div class=\"vc_col-sm-12 wpb_column vc_column_container\"><div class=\"vc_column-inner\"><div class=\"wpb_wrapper\"><div class=\"wpb_text_column\"><div class=\"wpb_wrapper\"><h5>Autres \u00e9l\u00e9ments \u00e0 prendre en consid\u00e9ration<\/h5>\n<ul>\n<li><strong>Risques li\u00e9s au copy trading :<\/strong> le fait de copier les strat\u00e9gies d&rsquo;autres traders n&rsquo;offre aucune garantie de succ\u00e8s. Votre situation financi\u00e8re personnelle et votre tol\u00e9rance au risque auront une incidence sur vos r\u00e9sultats.<\/li>\n<li><strong>Performances pass\u00e9es et futures :<\/strong> les r\u00e9sultats historiques enregistr\u00e9s sur la plateforme Fusion CFX ne garantissent pas les performances futures. Les informations fournies ne doivent pas \u00eatre consid\u00e9r\u00e9es comme des conseils financiers ni comme une prise de position officielle de la part de Fusion CFX.<\/li>\n<\/ul>\n<\/div><\/div><\/div><\/div><\/div><\/div><div class=\"w-separator size_custom\" style=\"height:30px\"><\/div><div class=\"g-cols wpb_row via_flex valign_top type_default stacking_default\"><div class=\"vc_col-sm-12 wpb_column vc_column_container\"><div class=\"vc_column-inner\"><div class=\"wpb_wrapper\"><div class=\"wpb_text_column\"><div class=\"wpb_wrapper\"><h5>Perspectives de la communaut\u00e9 des traders<\/h5>\n<p>La communaut\u00e9 de trading Fusion CFX est un espace pr\u00e9cieux pour \u00e9changer des id\u00e9es, mais n&rsquo;oubliez pas que les opinions qui y sont exprim\u00e9es ne refl\u00e8tent pas la position officielle de Fusion CFX. Veillez \u00e0 toujours mener vos propres recherches approfondies et \u00e0 demander conseil \u00e0 des professionnels de la finance avant de prendre des d\u00e9cisions de trading.<\/p>\n<\/div><\/div><\/div><\/div><\/div><\/div><\/div><\/div><\/div><div class=\"vc_col-sm-4 wpb_column vc_column_container\"><div class=\"vc_column-inner type_sticky\"><div class=\"wpb_wrapper\"><div class=\"g-cols wpb_row via_flex valign_top type_boxes stacking_default\"><div class=\"vc_col-sm-12 wpb_column vc_column_container has_bg_color\"><div class=\"vc_column-inner us_custom_cbd1df16\"><div class=\"wpb_wrapper\"><section class=\"l-section wpb_row height_auto width_full\"><div class=\"l-section-h i-cf\"><div class=\"g-cols vc_row via_flex valign_top type_default stacking_default\"><div class=\"vc_col-sm-12 wpb_column vc_column_container\"><div class=\"vc_column-inner\"><div class=\"wpb_wrapper\"><div class=\"g-cols wpb_row side-a via_flex valign_top type_default stacking_default\"><div class=\"vc_col-sm-12 wpb_column vc_column_container\"><div class=\"vc_column-inner\"><div class=\"wpb_wrapper\"><div class=\"wpb_text_column\"><div class=\"wpb_wrapper\"><h5>Autres Politiques<\/h5>\n<\/div><\/div><div class=\"w-separator size_custom\" style=\"height:30px\"><\/div><div class=\"wpb_text_column ulmoy link-ul\"><div class=\"wpb_wrapper\"><ul>\n<li><a href=\"\/fr\/risk-disclosure\/\">Divulgation des Risques<\/a><\/li>\n<li><a href=\"\/fr\/kyc-process\/\">Proc\u00e9dures KYC<\/a><\/li>\n<li><a href=\"\/fr\/bonus-terms-and-conditions\/\">Termes et Conditions des Bonus<\/a><\/li>\n<li><a href=\"\/fr\/terms-and-conditions\/\">Termes et Conditions<\/a><\/li>\n<li><a href=\"\/fr\/cookie-policy\/\">La Politique de Cookies<\/a><\/li>\n<li><a href=\"\/fr\/privacy-policy\/\">La Politique de Confidentialit\u00e9<\/a><\/li>\n<li><a href=\"\/fr\/complaints-dispute-policy\/\">Politique des Plaintes et Litiges<\/a><\/li>\n<\/ul>\n<\/div><\/div><\/div><\/div><\/div><\/div><\/div><\/div><\/div><\/div><\/div><\/section>\n<\/div><\/div><\/div><\/div><\/div><\/div><\/div><\/div><\/div><\/section>\n","protected":false},"excerpt":{"rendered":"Divulgation des risques Commencer \u00e0 TraderAccueilPagesComprendre les risques li\u00e9s au trading de CFD avec Fusion CFX Relever les d\u00e9fis du trading sur le march\u00e9 des changes Le trading de contrats sur diff\u00e9rence (CFD) exige une gestion rigoureuse des risques, en particulier lorsque l&rsquo;on recourt \u00e0 l&rsquo;effet de levier. Pour les d\u00e9butants ou les personnes ayant...","protected":false},"author":1,"featured_media":0,"parent":0,"menu_order":0,"comment_status":"closed","ping_status":"closed","template":"","meta":{"footnotes":""},"class_list":["post-1158","page","type-page","status-publish","hentry"],"_links":{"self":[{"href":"https:\/\/nlp3.mycube.kz\/fr\/wp-json\/wp\/v2\/pages\/1158","targetHints":{"allow":["GET"]}}],"collection":[{"href":"https:\/\/nlp3.mycube.kz\/fr\/wp-json\/wp\/v2\/pages"}],"about":[{"href":"https:\/\/nlp3.mycube.kz\/fr\/wp-json\/wp\/v2\/types\/page"}],"author":[{"embeddable":true,"href":"https:\/\/nlp3.mycube.kz\/fr\/wp-json\/wp\/v2\/users\/1"}],"replies":[{"embeddable":true,"href":"https:\/\/nlp3.mycube.kz\/fr\/wp-json\/wp\/v2\/comments?post=1158"}],"version-history":[{"count":3,"href":"https:\/\/nlp3.mycube.kz\/fr\/wp-json\/wp\/v2\/pages\/1158\/revisions"}],"predecessor-version":[{"id":1162,"href":"https:\/\/nlp3.mycube.kz\/fr\/wp-json\/wp\/v2\/pages\/1158\/revisions\/1162"}],"wp:attachment":[{"href":"https:\/\/nlp3.mycube.kz\/fr\/wp-json\/wp\/v2\/media?parent=1158"}],"curies":[{"name":"wp","href":"https:\/\/api.w.org\/{rel}","templated":true}]}}