{"id":1092,"date":"2025-07-11T15:20:30","date_gmt":"2025-07-11T12:20:30","guid":{"rendered":"https:\/\/nlp3.mycube.kz\/withdrawing-your-profits\/"},"modified":"2026-03-23T07:41:38","modified_gmt":"2026-03-23T04:41:38","slug":"withdrawing-your-profits","status":"publish","type":"page","link":"https:\/\/nlp3.mycube.kz\/fr\/withdrawing-your-profits\/","title":{"rendered":"Retirer Vos Gains"},"content":{"rendered":"<section class=\"l-section wpb_row us_custom_5be59d26 height_large full_height valign_center with_video\"><div id=\"us_bg_video_labf\" class=\"l-section-video\"><script id=\"us_bg_video_labf-script\">!function(w){var node = document.getElementById( 'us_bg_video_labf' );if ( w.innerWidth <= 100 ) { node.remove() }}(window);<\/script><style>@media(max-width:100px){#us_bg_video_labf{display:none!important}}<\/style><video  autoplay loop muted playsinline preload=\"auto\"><source type=\"video\/webm\" src=\"\/wp-content\/uploads\/2025\/07\/red.webm\" \/><\/video><\/div><div class=\"l-section-h i-cf\"><div class=\"g-cols vc_row via_flex valign_top type_default stacking_default\"><div class=\"vc_col-sm-12 wpb_column vc_column_container\"><div class=\"vc_column-inner\"><div class=\"wpb_wrapper\"><div class=\"g-cols wpb_row via_flex valign_top type_default stacking_default\"><div class=\"vc_col-sm-12 wpb_column vc_column_container\"><div class=\"vc_column-inner us_custom_558ec5ca\"><div class=\"wpb_wrapper\"><div class=\"wpb_text_column us_custom_6df4bc3a has_text_color\"><div class=\"wpb_wrapper\"><h1>Retraits rapides et s\u00e9curis\u00e9s avec Fusion CFX<\/h1>\n<\/div><\/div><\/div><\/div><\/div><\/div><div class=\"w-separator us_custom_9321a470 has_text_color size_custom with_line width_default thick_2 style_dashed color_border align_left with_content\" style=\"height:5rem\"><div class=\"w-separator-h\"><i class=\"fas fa-fas fa-dot-circle\"><\/i><\/div><\/div><div class=\"g-cols wpb_row via_flex valign_top type_default stacking_default\"><div class=\"vc_col-sm-9 wpb_column vc_column_container\"><div class=\"vc_column-inner us_custom_dc08afa2\"><div class=\"wpb_wrapper\"><div class=\"wpb_text_column us_custom_6df4bc3a has_text_color\"><div class=\"wpb_wrapper\"><h4>Prot\u00e9gez vos b\u00e9n\u00e9fices en toute confiance<\/h4>\n<p>Chez Fusion CFX, nous accordons la priorit\u00e9 \u00e0 la s\u00e9curit\u00e9 et \u00e0 l&rsquo;accessibilit\u00e9 de vos fonds en les conservant dans des comptes s\u00e9par\u00e9s et s\u00e9curis\u00e9s. Profitez d&rsquo;un processus de retrait simple et sans souci, qui vous permet d&rsquo;acc\u00e9der imm\u00e9diatement \u00e0 vos gains quand vous le souhaitez.<\/p>\n<\/div><\/div><div class=\"w-separator size_custom\" style=\"height:30px\"><\/div><div class=\"w-btn-wrapper align_none\"><a class=\"w-btn us-btn-style_4 us_custom_a61e2493\" href=\"\/platform.html\"><span class=\"w-btn-label\">Lancez-vous dans le trading<\/span><\/a><\/div><\/div><\/div><\/div><div class=\"vc_col-sm-3 wpb_column vc_column_container\"><div class=\"vc_column-inner us_custom_04c40667\"><div class=\"wpb_wrapper\"><nav class=\"g-breadcrumbs us_custom_64e1dcdb has_text_color separator_icon align_none\" itemscope itemtype=\"http:\/\/schema.org\/BreadcrumbList\"><div class=\"g-breadcrumbs-item\" itemscope itemprop=\"itemListElement\" itemtype=\"http:\/\/schema.org\/ListItem\"><a itemprop=\"item\" href=\"https:\/\/nlp3.mycube.kz\/fr\/\"><span itemprop=\"name\">Accueil<\/span><\/a><meta itemprop=\"position\" content=\"1\"\/><\/div><div class=\"g-breadcrumbs-separator\"><i class=\"far fa-angle-right\"><\/i><\/div><div class=\"g-breadcrumbs-item\">Pages<\/div><\/nav><\/div><\/div><\/div><\/div><div class=\"w-separator hide_on_default hide_on_laptops size_custom\" style=\"height:2rem\"><\/div><\/div><\/div><\/div><\/div><\/div><\/section><section class=\"l-section wpb_row height_auto\"><div class=\"l-section-h i-cf\"><div class=\"g-cols vc_row via_flex valign_top type_default stacking_default\"><div class=\"vc_col-sm-12 wpb_column vc_column_container\"><div class=\"vc_column-inner\"><div class=\"wpb_wrapper\"><div class=\"g-cols wpb_row us_custom_06927fe0 via_flex valign_top type_default stacking_default\"><div class=\"vc_col-sm-12 wpb_column vc_column_container\"><div class=\"vc_column-inner\"><div class=\"wpb_wrapper\"><div class=\"w-image align_center\"><a href=\"#one\" aria-label=\"w-tr\" class=\"w-image-h\"><img decoding=\"async\" width=\"157\" height=\"100\" src=\"https:\/\/nlp3.mycube.kz\/wp-content\/uploads\/2025\/07\/w-tr.png\" class=\"attachment-full size-full\" alt=\"\" loading=\"lazy\" \/><\/a><\/div><\/div><\/div><\/div><\/div><\/div><\/div><\/div><\/div><\/div><\/section><section class=\"l-section wpb_row height_large\" id=\"one\"><div class=\"l-section-h i-cf\"><div class=\"g-cols vc_row via_flex valign_top type_default stacking_default\"><div class=\"vc_col-sm-12 wpb_column vc_column_container\"><div class=\"vc_column-inner\"><div class=\"wpb_wrapper\"><div class=\"g-cols wpb_row via_flex valign_middle type_default stacking_default\"><div class=\"vc_col-sm-6 wpb_column vc_column_container stretched\"><div class=\"vc_column-inner\"><div class=\"wpb_wrapper\"><div data-us-scroll=\"{&quot;from_initial_position&quot;:&quot;0&quot;,&quot;start_position&quot;:&quot;0%&quot;,&quot;end_position&quot;:&quot;100%&quot;,&quot;delay&quot;:&quot;0s&quot;,&quot;translate_y_direction&quot;:&quot;down&quot;,&quot;translate_y_speed&quot;:&quot;0.1x&quot;}\" class=\"w-image us_custom_c2bfed51 hide_on_tablets hide_on_mobiles has_scroll_effects has_translate_y align_none\"><div class=\"w-image-h\"><img decoding=\"async\" width=\"664\" height=\"442\" src=\"https:\/\/nlp3.mycube.kz\/wp-content\/uploads\/2025\/07\/coin-usd.png\" class=\"attachment-full size-full\" alt=\"\" loading=\"lazy\" srcset=\"https:\/\/nlp3.mycube.kz\/wp-content\/uploads\/2025\/07\/coin-usd.png 664w, https:\/\/nlp3.mycube.kz\/wp-content\/uploads\/2025\/07\/coin-usd-300x200.png 300w\" sizes=\"auto, (max-width: 664px) 100vw, 664px\" \/><\/div><\/div><div data-us-scroll=\"{&quot;from_initial_position&quot;:&quot;0&quot;,&quot;start_position&quot;:&quot;0%&quot;,&quot;end_position&quot;:&quot;100%&quot;,&quot;delay&quot;:&quot;0s&quot;}\" class=\"w-image us_custom_caef1d38 has_scroll_effects align_none\"><div class=\"w-image-h\"><img decoding=\"async\" width=\"883\" height=\"639\" src=\"https:\/\/nlp3.mycube.kz\/wp-content\/uploads\/2025\/07\/img-w.jpg\" class=\"attachment-full size-full\" alt=\"\" loading=\"lazy\" srcset=\"https:\/\/nlp3.mycube.kz\/wp-content\/uploads\/2025\/07\/img-w.jpg 883w, https:\/\/nlp3.mycube.kz\/wp-content\/uploads\/2025\/07\/img-w-300x217.jpg 300w\" sizes=\"auto, (max-width: 883px) 100vw, 883px\" \/><\/div><\/div><\/div><\/div><\/div><div class=\"vc_col-sm-6 wpb_column vc_column_container\"><div class=\"vc_column-inner us_custom_558ec5ca\"><div class=\"wpb_wrapper\"><div class=\"wpb_text_column\"><div class=\"wpb_wrapper\"><h2>Acc\u00e8s imm\u00e9diat et sans tracas \u00e0 vos fonds<\/h2>\n<p>Pr\u00eat \u00e0 retirer vos gains ou \u00e0 les r\u00e9investir ? G\u00e9rer vos fonds avec Fusion CFX est simple et rapide. Il vous suffit de vous connecter et de soumettre votre demande de retrait en quelques \u00e9tapes faciles.<\/p>\n<\/div><\/div><div class=\"w-separator size_custom\" style=\"height:30px\"><\/div><div class=\"w-btn-wrapper align_none\"><a class=\"w-btn us-btn-style_1\" href=\"\/platform.html\"><span class=\"w-btn-label\">Commencez \u00e0 trader d\u00e8s maintenant<\/span><\/a><\/div><\/div><\/div><\/div><\/div><div class=\"w-separator hide_on_default hide_on_laptops size_custom\" style=\"height:3rem\"><\/div><\/div><\/div><\/div><\/div><\/div><\/section><section class=\"l-section wpb_row us_custom_9b25de4f height_large with_img\"><div class=\"l-section-img\" role=\"img\" data-img-width=\"1389\" data-img-height=\"695\" style=\"background-image: url(https:\/\/nlp3.mycube.kz\/wp-content\/uploads\/2025\/07\/graey-map.png);background-repeat: no-repeat;background-size: auto;\"><\/div><div class=\"l-section-h i-cf\"><div class=\"g-cols vc_row via_flex valign_top type_default stacking_default\"><div class=\"vc_col-sm-12 wpb_column vc_column_container\"><div class=\"vc_column-inner\"><div class=\"wpb_wrapper\"><div class=\"g-cols wpb_row via_flex valign_top type_default stacking_default\"><div class=\"vc_col-sm-2 wpb_column vc_column_container hide_on_tablets hide_on_mobiles\"><div class=\"vc_column-inner\"><div class=\"wpb_wrapper\"><\/div><\/div><\/div><div class=\"vc_col-sm-8 wpb_column vc_column_container\"><div class=\"vc_column-inner\"><div class=\"wpb_wrapper\"><div class=\"wpb_text_column us_custom_eb849559\"><div class=\"wpb_wrapper\"><h2>Comment retirer vos fonds<\/h2>\n<p>Chez Fusion CFX, vos fonds sont en s\u00e9curit\u00e9 et facilement accessibles. Notre proc\u00e9dure de retrait simplifi\u00e9e garantit des transactions rapides tout en assurant une s\u00e9curit\u00e9 optimale.<\/p>\n<h4>Proc\u00e9dure de retrait simplifi\u00e9e:<\/h4>\n<\/div><\/div><\/div><\/div><\/div><\/div><div class=\"w-separator size_custom\" style=\"height:4rem\" id=\"zbbb\"><style>@media(max-width:767px){ #zbbb{height:3rem!important}}<\/style><\/div><div class=\"g-cols wpb_row via_flex valign_top type_boxes stacking_default\" style=\"--additional-gap:0.8rem;\"><div class=\"vc_col-sm-3 wpb_column vc_column_container has_bg_color\"><div class=\"vc_column-inner us_custom_70f8b2f6\"><div class=\"wpb_wrapper\"><div class=\"w-hwrapper valign_middle align_justify\"><div class=\"w-text us_custom_1f81ddf9 has_text_color\"><span class=\"w-text-h\"><span class=\"w-text-value\">01<\/span><\/span><\/div><div class=\"w-image align_none\"><div class=\"w-image-h\"><img decoding=\"async\" width=\"213\" height=\"94\" src=\"https:\/\/nlp3.mycube.kz\/wp-content\/uploads\/2025\/07\/g6.png\" class=\"attachment-full size-full\" alt=\"\" loading=\"lazy\" \/><\/div><\/div><\/div><div class=\"w-separator us_custom_1bf4260d has_text_color size_custom with_line width_default thick_1 style_solid color_border align_center\" style=\"height:3rem\"><div class=\"w-separator-h\"><\/div><\/div><div class=\"wpb_text_column us_custom_6df4bc3a has_text_color\"><div class=\"wpb_wrapper\"><h6>Envoyez votre demande<\/h6>\n<p>Connectez-vous \u00e0 votre espace client et lancez votre demande de retrait.<\/p>\n<\/div><\/div><\/div><\/div><\/div><div class=\"vc_col-sm-3 wpb_column vc_column_container has_bg_color\"><div class=\"vc_column-inner us_custom_70f8b2f6\"><div class=\"wpb_wrapper\"><div class=\"w-hwrapper valign_middle align_justify\"><div class=\"w-text us_custom_1f81ddf9 has_text_color\"><span class=\"w-text-h\"><span class=\"w-text-value\">02<\/span><\/span><\/div><div class=\"w-image align_none\"><div class=\"w-image-h\"><img decoding=\"async\" width=\"213\" height=\"94\" src=\"https:\/\/nlp3.mycube.kz\/wp-content\/uploads\/2025\/07\/g6.png\" class=\"attachment-full size-full\" alt=\"\" loading=\"lazy\" \/><\/div><\/div><\/div><div class=\"w-separator us_custom_1bf4260d has_text_color size_custom with_line width_default thick_1 style_solid color_border align_center\" style=\"height:3rem\"><div class=\"w-separator-h\"><\/div><\/div><div class=\"wpb_text_column us_custom_6df4bc3a has_text_color\"><div class=\"wpb_wrapper\"><h6>Demander une r\u00e9vision<\/h6>\n<p>Notre \u00e9quipe examine votre demande et la transmet au service financier.<\/p>\n<\/div><\/div><\/div><\/div><\/div><div class=\"vc_col-sm-3 wpb_column vc_column_container has_bg_color\"><div class=\"vc_column-inner us_custom_70f8b2f6\"><div class=\"wpb_wrapper\"><div class=\"w-hwrapper valign_middle align_justify\"><div class=\"w-text us_custom_1f81ddf9 has_text_color\"><span class=\"w-text-h\"><span class=\"w-text-value\">03<\/span><\/span><\/div><div class=\"w-image align_none\"><div class=\"w-image-h\"><img decoding=\"async\" width=\"213\" height=\"94\" src=\"https:\/\/nlp3.mycube.kz\/wp-content\/uploads\/2025\/07\/g6.png\" class=\"attachment-full size-full\" alt=\"\" loading=\"lazy\" \/><\/div><\/div><\/div><div class=\"w-separator us_custom_1bf4260d has_text_color size_custom with_line width_default thick_1 style_solid color_border align_center\" style=\"height:3rem\"><div class=\"w-separator-h\"><\/div><\/div><div class=\"wpb_text_column us_custom_6df4bc3a has_text_color\"><div class=\"wpb_wrapper\"><h6>Processus d&rsquo;approbation<\/h6>\n<p>L&rsquo;\u00e9quipe financi\u00e8re v\u00e9rifie les d\u00e9tails et traite votre transaction.<\/p>\n<\/div><\/div><\/div><\/div><\/div><div class=\"vc_col-sm-3 wpb_column vc_column_container has_bg_color\"><div class=\"vc_column-inner us_custom_70f8b2f6\"><div class=\"wpb_wrapper\"><div class=\"w-hwrapper valign_middle align_justify\"><div class=\"w-text us_custom_1f81ddf9 has_text_color\"><span class=\"w-text-h\"><span class=\"w-text-value\">04<\/span><\/span><\/div><div class=\"w-image align_none\"><div class=\"w-image-h\"><img decoding=\"async\" width=\"213\" height=\"94\" src=\"https:\/\/nlp3.mycube.kz\/wp-content\/uploads\/2025\/07\/g6.png\" class=\"attachment-full size-full\" alt=\"\" loading=\"lazy\" \/><\/div><\/div><\/div><div class=\"w-separator us_custom_1bf4260d has_text_color size_custom with_line width_default thick_1 style_solid color_border align_center\" style=\"height:3rem\"><div class=\"w-separator-h\"><\/div><\/div><div class=\"wpb_text_column us_custom_6df4bc3a has_text_color\"><div class=\"wpb_wrapper\"><h6>Recevez votre argent<\/h6>\n<p>Acc\u00e9dez \u00e0 vos b\u00e9n\u00e9fices rapidement et sans difficult\u00e9.<\/p>\n<\/div><\/div><\/div><\/div><\/div><\/div><div class=\"w-separator size_custom\" style=\"height:2rem\"><\/div><div class=\"g-cols wpb_row via_flex valign_top type_default stacking_default\"><div class=\"vc_col-sm-12 wpb_column vc_column_container\"><div class=\"vc_column-inner\"><div class=\"wpb_wrapper\"><div class=\"w-btn-wrapper align_center hide_on_tablets hide_on_mobiles\"><a class=\"w-btn us-btn-style_3\" href=\"\/platform.html\"><span class=\"w-btn-label\">Demandez votre retrait d\u00e8s maintenant<\/span><\/a><\/div><\/div><\/div><\/div><\/div><\/div><\/div><\/div><\/div><\/div><\/section><section class=\"l-section wpb_row height_large\"><div class=\"l-section-h i-cf\"><div class=\"g-cols vc_row via_flex valign_top type_default stacking_default\"><div class=\"vc_col-sm-12 wpb_column vc_column_container\"><div class=\"vc_column-inner\"><div class=\"wpb_wrapper\"><div class=\"g-cols wpb_row via_flex valign_bottom type_default stacking_default\"><div class=\"vc_col-sm-6 wpb_column vc_column_container\"><div class=\"vc_column-inner us_custom_558ec5ca\"><div class=\"wpb_wrapper\"><div class=\"wpb_text_column\"><div class=\"wpb_wrapper\"><h2>Nous nous engageons \u00e0 assurer votre r\u00e9ussite \u00e0 long terme<\/h2>\n<p>Chez Fusion CFX, chaque trader travaille avec un expert en trading d\u00e9di\u00e9, dont la mission est d&rsquo;optimiser les strat\u00e9gies financi\u00e8res. Vous ne savez pas si un retrait est la meilleure d\u00e9cision \u00e0 prendre pour le moment ? B\u00e9n\u00e9ficiez de conseils personnalis\u00e9s pour vous aider \u00e0 tirer le meilleur parti de vos opportunit\u00e9s de trading.<\/p>\n<\/div><\/div><\/div><\/div><\/div><div class=\"vc_col-sm-6 wpb_column vc_column_container\"><div class=\"vc_column-inner\"><div class=\"wpb_wrapper\"><div class=\"w-image us_custom_8d5aa4e2 align_none\"><div class=\"w-image-h\"><img decoding=\"async\" width=\"108\" height=\"70\" src=\"https:\/\/nlp3.mycube.kz\/wp-content\/uploads\/2025\/07\/cav.png\" class=\"attachment-full size-full\" alt=\"\" loading=\"lazy\" \/><\/div><\/div><div class=\"wpb_text_column\"><div class=\"wpb_wrapper\"><h4>Besoin d&rsquo;aide pour effectuer un retrait?<\/h4>\n<p>Si vous avez des questions concernant les d\u00e9p\u00f4ts ou les retraits, notre service client est l\u00e0 pour vous aider. Contactez-nous via le chat en direct pendant les heures d&rsquo;ouverture pour b\u00e9n\u00e9ficier d&rsquo;une assistance rapide et fiable.<\/p>\n<\/div><\/div><\/div><\/div><\/div><\/div><div class=\"w-separator us_custom_37643a01 has_text_color size_custom with_line width_default thick_1 style_solid color_border align_left with_content\" style=\"height:6rem\"><div class=\"w-separator-h\"><i class=\"fas fa-fas fa-dot-circle\"><\/i><\/div><\/div><div class=\"g-cols wpb_row via_flex valign_top type_default stacking_default\"><div class=\"vc_col-sm-12 wpb_column vc_column_container\"><div class=\"vc_column-inner\"><div class=\"wpb_wrapper\"><div class=\"w-btn-wrapper align_none\"><a class=\"w-btn us-btn-style_1\" href=\"\/platform.html\"><span class=\"w-btn-label\">Investissez en toute confiance<\/span><\/a><\/div><\/div><\/div><\/div><\/div><\/div><\/div><\/div><\/div><\/div><\/section>\n","protected":false},"excerpt":{"rendered":"Retraits rapides et s\u00e9curis\u00e9s avec Fusion CFX Prot\u00e9gez vos b\u00e9n\u00e9fices en toute confiance Chez Fusion CFX, nous accordons la priorit\u00e9 \u00e0 la s\u00e9curit\u00e9 et \u00e0 l&rsquo;accessibilit\u00e9 de vos fonds en les conservant dans des comptes s\u00e9par\u00e9s et s\u00e9curis\u00e9s. Profitez d&rsquo;un processus de retrait simple et sans souci, qui vous permet d&rsquo;acc\u00e9der imm\u00e9diatement \u00e0 vos gains...","protected":false},"author":1,"featured_media":0,"parent":0,"menu_order":0,"comment_status":"closed","ping_status":"closed","template":"","meta":{"footnotes":""},"class_list":["post-1092","page","type-page","status-publish","hentry"],"_links":{"self":[{"href":"https:\/\/nlp3.mycube.kz\/fr\/wp-json\/wp\/v2\/pages\/1092","targetHints":{"allow":["GET"]}}],"collection":[{"href":"https:\/\/nlp3.mycube.kz\/fr\/wp-json\/wp\/v2\/pages"}],"about":[{"href":"https:\/\/nlp3.mycube.kz\/fr\/wp-json\/wp\/v2\/types\/page"}],"author":[{"embeddable":true,"href":"https:\/\/nlp3.mycube.kz\/fr\/wp-json\/wp\/v2\/users\/1"}],"replies":[{"embeddable":true,"href":"https:\/\/nlp3.mycube.kz\/fr\/wp-json\/wp\/v2\/comments?post=1092"}],"version-history":[{"count":5,"href":"https:\/\/nlp3.mycube.kz\/fr\/wp-json\/wp\/v2\/pages\/1092\/revisions"}],"predecessor-version":[{"id":1098,"href":"https:\/\/nlp3.mycube.kz\/fr\/wp-json\/wp\/v2\/pages\/1092\/revisions\/1098"}],"wp:attachment":[{"href":"https:\/\/nlp3.mycube.kz\/fr\/wp-json\/wp\/v2\/media?parent=1092"}],"curies":[{"name":"wp","href":"https:\/\/api.w.org\/{rel}","templated":true}]}}