{"id":1062,"date":"2025-07-10T12:54:56","date_gmt":"2025-07-10T09:54:56","guid":{"rendered":"https:\/\/nlp3.mycube.kz\/trading-platform\/"},"modified":"2026-03-22T17:00:43","modified_gmt":"2026-03-22T14:00:43","slug":"trading-platform","status":"publish","type":"page","link":"https:\/\/nlp3.mycube.kz\/fr\/trading-platform\/","title":{"rendered":"La Plateforme"},"content":{"rendered":"<section class=\"l-section wpb_row us_custom_5be59d26 height_large full_height valign_center with_video\"><div id=\"us_bg_video_o6c0\" class=\"l-section-video\"><script id=\"us_bg_video_o6c0-script\">!function(w){var node = document.getElementById( 'us_bg_video_o6c0' );if ( w.innerWidth <= 100 ) { node.remove() }}(window);<\/script><style>@media(max-width:100px){#us_bg_video_o6c0{display:none!important}}<\/style><video  autoplay loop muted playsinline preload=\"auto\"><source type=\"video\/webm\" src=\"\/wp-content\/uploads\/2025\/07\/red.webm\" \/><\/video><\/div><div class=\"l-section-h i-cf\"><div class=\"g-cols vc_row via_flex valign_top type_default stacking_default\"><div class=\"vc_col-sm-12 wpb_column vc_column_container\"><div class=\"vc_column-inner\"><div class=\"wpb_wrapper\"><div class=\"g-cols wpb_row via_flex valign_top type_default stacking_default\"><div class=\"vc_col-sm-12 wpb_column vc_column_container\"><div class=\"vc_column-inner us_custom_558ec5ca\"><div class=\"wpb_wrapper\"><div class=\"wpb_text_column us_custom_6df4bc3a has_text_color\"><div class=\"wpb_wrapper\"><h1>Optimisez vos op\u00e9rations de trading gr\u00e2ce \u00e0 la plateforme Fusion CFX<\/h1>\n<\/div><\/div><\/div><\/div><\/div><\/div><div class=\"w-separator us_custom_9321a470 has_text_color size_custom with_line width_default thick_2 style_dashed color_border align_left with_content\" style=\"height:5rem\"><div class=\"w-separator-h\"><i class=\"fas fa-fas fa-dot-circle\"><\/i><\/div><\/div><div class=\"g-cols wpb_row via_flex valign_top type_default stacking_default\"><div class=\"vc_col-sm-9 wpb_column vc_column_container\"><div class=\"vc_column-inner us_custom_dc08afa2\"><div class=\"wpb_wrapper\"><div class=\"wpb_text_column us_custom_6df4bc3a has_text_color\"><div class=\"wpb_wrapper\"><h4>Atteignez de nouveaux sommets en mati\u00e8re de r\u00e9ussite dans le trading<\/h4>\n<p>Acc\u00e9dez sans effort aux march\u00e9s mondiaux gr\u00e2ce \u00e0 la plateforme de trading avanc\u00e9e Fusion CFX. Con\u00e7ue pour surpasser les plateformes traditionnelles telles que MT4 et MT5, elle r\u00e9volutionne votre exp\u00e9rience de trading. Que vous soyez d\u00e9butant ou trader exp\u00e9riment\u00e9, Fusion CFX vous offre une passerelle intuitive et riche en fonctionnalit\u00e9s vers les march\u00e9s financiers mondiaux.<\/p>\n<\/div><\/div><div class=\"w-separator size_custom\" style=\"height:30px\"><\/div><div class=\"w-btn-wrapper align_none\"><a class=\"w-btn us-btn-style_4 us_custom_a61e2493\" href=\"\/platform.html\"><span class=\"w-btn-label\">Commencez \u00e0 trader d\u00e8s aujourd&rsquo;hui<\/span><\/a><\/div><\/div><\/div><\/div><div class=\"vc_col-sm-3 wpb_column vc_column_container\"><div class=\"vc_column-inner us_custom_04c40667\"><div class=\"wpb_wrapper\"><nav class=\"g-breadcrumbs us_custom_64e1dcdb has_text_color separator_icon align_none\" itemscope itemtype=\"http:\/\/schema.org\/BreadcrumbList\"><div class=\"g-breadcrumbs-item\" itemscope itemprop=\"itemListElement\" itemtype=\"http:\/\/schema.org\/ListItem\"><a itemprop=\"item\" href=\"https:\/\/nlp3.mycube.kz\/fr\/\"><span itemprop=\"name\">Accueil<\/span><\/a><meta itemprop=\"position\" content=\"1\"\/><\/div><div class=\"g-breadcrumbs-separator\"><i class=\"far fa-angle-right\"><\/i><\/div><div class=\"g-breadcrumbs-item\">Pages<\/div><\/nav><\/div><\/div><\/div><\/div><div class=\"w-separator hide_on_default hide_on_laptops size_custom\" style=\"height:2rem\"><\/div><\/div><\/div><\/div><\/div><\/div><\/section><section class=\"l-section wpb_row height_auto\"><div class=\"l-section-h i-cf\"><div class=\"g-cols vc_row via_flex valign_top type_default stacking_default\"><div class=\"vc_col-sm-12 wpb_column vc_column_container\"><div class=\"vc_column-inner\"><div class=\"wpb_wrapper\"><div class=\"g-cols wpb_row us_custom_06927fe0 via_flex valign_top type_default stacking_default\"><div class=\"vc_col-sm-12 wpb_column vc_column_container\"><div class=\"vc_column-inner\"><div class=\"wpb_wrapper\"><div class=\"w-image align_center\"><a href=\"#one\" aria-label=\"w-tr\" class=\"w-image-h\"><img decoding=\"async\" width=\"157\" height=\"100\" src=\"https:\/\/nlp3.mycube.kz\/wp-content\/uploads\/2025\/07\/w-tr.png\" class=\"attachment-full size-full\" alt=\"\" loading=\"lazy\" \/><\/a><\/div><\/div><\/div><\/div><\/div><\/div><\/div><\/div><\/div><\/div><\/section><section class=\"l-section wpb_row height_medium\" id=\"one\"><div class=\"l-section-h i-cf\"><div class=\"g-cols vc_row via_flex valign_top type_default stacking_default\"><div class=\"vc_col-sm-12 wpb_column vc_column_container\"><div class=\"vc_column-inner\"><div class=\"wpb_wrapper\"><div class=\"g-cols wpb_row via_flex valign_middle type_default stacking_default\"><div class=\"vc_col-sm-5 wpb_column vc_column_container\"><div class=\"vc_column-inner us_custom_fd9743d4\"><div class=\"wpb_wrapper\"><div class=\"wpb_text_column\"><div class=\"wpb_wrapper\"><h2>D\u00e9couvrez la plateforme de trading Fusion CFX<\/h2>\n<p>Con\u00e7ue sp\u00e9cialement pour vous accompagner \u00e0 chaque \u00e9tape de votre parcours de trading, la plateforme Fusion CFX offre des fonctionnalit\u00e9s avanc\u00e9es qui vont au-del\u00e0 des fonctionnalit\u00e9s classiques de MT4 et MT5. Gr\u00e2ce \u00e0 un acc\u00e8s fluide \u00e0 de nombreux march\u00e9s, elle convient parfaitement aux traders, quel que soit leur niveau d&rsquo;exp\u00e9rience.<\/p>\n<\/div><\/div><div class=\"w-separator size_custom\" style=\"height:30px\"><\/div><div class=\"w-btn-wrapper align_none\"><a class=\"w-btn us-btn-style_1 us_custom_a61e2493\" href=\"\/platform.html\"><span class=\"w-btn-label\">En cours de n\u00e9gociation<\/span><\/a><\/div><\/div><\/div><\/div><div class=\"vc_col-sm-7 wpb_column vc_column_container stretched\"><div class=\"vc_column-inner us_custom_39355447\"><div class=\"wpb_wrapper\"><div data-us-scroll=\"{&quot;from_initial_position&quot;:&quot;0&quot;,&quot;start_position&quot;:&quot;0%&quot;,&quot;end_position&quot;:&quot;100%&quot;,&quot;delay&quot;:&quot;0s&quot;,&quot;translate_y_direction&quot;:&quot;down&quot;,&quot;translate_y_speed&quot;:&quot;0.1x&quot;}\" class=\"w-image us_custom_27fde2e6 hide_on_tablets hide_on_mobiles has_scroll_effects has_translate_y align_none\"><div class=\"w-image-h\"><img decoding=\"async\" width=\"607\" height=\"547\" src=\"https:\/\/nlp3.mycube.kz\/wp-content\/uploads\/2025\/07\/coins-2.png\" class=\"attachment-full size-full\" alt=\"\" loading=\"lazy\" srcset=\"https:\/\/nlp3.mycube.kz\/wp-content\/uploads\/2025\/07\/coins-2.png 607w, https:\/\/nlp3.mycube.kz\/wp-content\/uploads\/2025\/07\/coins-2-300x270.png 300w\" sizes=\"auto, (max-width: 607px) 100vw, 607px\" \/><\/div><\/div><div class=\"w-image align_center\"><div class=\"w-image-h\"><img decoding=\"async\" width=\"1078\" height=\"715\" src=\"https:\/\/nlp3.mycube.kz\/wp-content\/uploads\/2025\/07\/img-pl.png\" class=\"attachment-full size-full\" alt=\"\" loading=\"lazy\" srcset=\"https:\/\/nlp3.mycube.kz\/wp-content\/uploads\/2025\/07\/img-pl.png 1078w, https:\/\/nlp3.mycube.kz\/wp-content\/uploads\/2025\/07\/img-pl-300x199.png 300w, https:\/\/nlp3.mycube.kz\/wp-content\/uploads\/2025\/07\/img-pl-1024x679.png 1024w\" sizes=\"auto, (max-width: 1078px) 100vw, 1078px\" \/><\/div><\/div><\/div><\/div><\/div><\/div><\/div><\/div><\/div><\/div><\/div><\/section><section class=\"l-section wpb_row us_custom_0c5144e5 height_large with_img\"><div class=\"l-section-img\" role=\"img\" data-img-width=\"1389\" data-img-height=\"695\" style=\"background-image: url(https:\/\/nlp3.mycube.kz\/wp-content\/uploads\/2025\/07\/graey-map.png);background-repeat: no-repeat;background-size: auto;\"><\/div><div class=\"l-section-h i-cf\"><div class=\"g-cols vc_row via_flex valign_middle type_default stacking_default\"><div class=\"vc_col-sm-12 wpb_column vc_column_container\"><div class=\"vc_column-inner\"><div class=\"wpb_wrapper\"><div class=\"g-cols wpb_row us_custom_00f6bd43 via_flex valign_top type_default stacking_default\"><div class=\"vc_col-sm-2 wpb_column vc_column_container hide_on_tablets hide_on_mobiles\"><div class=\"vc_column-inner\"><div class=\"wpb_wrapper\"><\/div><\/div><\/div><div class=\"vc_col-sm-8 wpb_column vc_column_container\"><div class=\"vc_column-inner\"><div class=\"wpb_wrapper\"><div class=\"wpb_text_column us_custom_40c523d3 has_text_color\"><div class=\"wpb_wrapper\"><h2>Principales fonctionnalit\u00e9s de la plateforme Fusion CFX<\/h2>\n<\/div><\/div><\/div><\/div><\/div><\/div><div class=\"w-separator size_custom\" style=\"height:4rem\" id=\"dacd\"><style>@media(max-width:767px){ #dacd{height:3rem!important}}<\/style><\/div><div class=\"g-cols wpb_row via_flex valign_top type_boxes stacking_default\" style=\"--additional-gap:0.8rem;\"><div class=\"vc_col-sm-3 wpb_column vc_column_container has_bg_color\"><div class=\"vc_column-inner us_custom_0aea9432\"><div class=\"wpb_wrapper\"><div class=\"w-image align_center\"><div class=\"w-image-h\"><img decoding=\"async\" width=\"302\" height=\"109\" src=\"https:\/\/nlp3.mycube.kz\/wp-content\/uploads\/2025\/07\/ic01.png\" class=\"attachment-full size-full\" alt=\"\" loading=\"lazy\" srcset=\"https:\/\/nlp3.mycube.kz\/wp-content\/uploads\/2025\/07\/ic01.png 302w, https:\/\/nlp3.mycube.kz\/wp-content\/uploads\/2025\/07\/ic01-300x108.png 300w\" sizes=\"auto, (max-width: 302px) 100vw, 302px\" \/><\/div><\/div><div class=\"wpb_text_column us_custom_cb789b65\"><div class=\"wpb_wrapper\"><h6>Acc\u00e8s \u00e0 plusieurs march\u00e9s<\/h6>\n<p>N\u00e9gociez le Forex, les cryptomonnaies et les actions \u00e0 partir d&rsquo;un seul compte, avec acc\u00e8s \u00e0 plus de 200 instruments.<\/p>\n<\/div><\/div><\/div><\/div><\/div><div class=\"vc_col-sm-3 wpb_column vc_column_container has_bg_color\"><div class=\"vc_column-inner us_custom_0aea9432\"><div class=\"wpb_wrapper\"><div class=\"w-image align_center\"><div class=\"w-image-h\"><img decoding=\"async\" width=\"302\" height=\"109\" src=\"https:\/\/nlp3.mycube.kz\/wp-content\/uploads\/2025\/07\/ic2.png\" class=\"attachment-full size-full\" alt=\"\" loading=\"lazy\" srcset=\"https:\/\/nlp3.mycube.kz\/wp-content\/uploads\/2025\/07\/ic2.png 302w, https:\/\/nlp3.mycube.kz\/wp-content\/uploads\/2025\/07\/ic2-300x108.png 300w\" sizes=\"auto, (max-width: 302px) 100vw, 302px\" \/><\/div><\/div><div class=\"wpb_text_column us_custom_cb789b65\"><div class=\"wpb_wrapper\"><h6>Une exp\u00e9rience de trading fluide<\/h6>\n<p>Passez facilement de votre ordinateur \u00e0 vos appareils mobiles pour trader sans interruption.<\/p>\n<\/div><\/div><\/div><\/div><\/div><div class=\"vc_col-sm-3 wpb_column vc_column_container has_bg_color\"><div class=\"vc_column-inner us_custom_0aea9432\"><div class=\"wpb_wrapper\"><div class=\"w-image align_center\"><div class=\"w-image-h\"><img decoding=\"async\" width=\"302\" height=\"109\" src=\"https:\/\/nlp3.mycube.kz\/wp-content\/uploads\/2025\/07\/ic3.png\" class=\"attachment-full size-full\" alt=\"\" loading=\"lazy\" srcset=\"https:\/\/nlp3.mycube.kz\/wp-content\/uploads\/2025\/07\/ic3.png 302w, https:\/\/nlp3.mycube.kz\/wp-content\/uploads\/2025\/07\/ic3-300x108.png 300w\" sizes=\"auto, (max-width: 302px) 100vw, 302px\" \/><\/div><\/div><div class=\"wpb_text_column us_custom_cb789b65\"><div class=\"wpb_wrapper\"><h6>Ex\u00e9cution pr\u00e9cise des ordres<\/h6>\n<p>B\u00e9n\u00e9ficiez d&rsquo;une ex\u00e9cution ultra-rapide et fiable de vos ordres pour une pr\u00e9cision de trading optimale.<\/p>\n<\/div><\/div><\/div><\/div><\/div><div class=\"vc_col-sm-3 wpb_column vc_column_container has_bg_color\"><div class=\"vc_column-inner us_custom_0aea9432\"><div class=\"wpb_wrapper\"><div class=\"w-image align_center\"><div class=\"w-image-h\"><img decoding=\"async\" width=\"302\" height=\"109\" src=\"https:\/\/nlp3.mycube.kz\/wp-content\/uploads\/2025\/07\/ic4.png\" class=\"attachment-full size-full\" alt=\"\" loading=\"lazy\" srcset=\"https:\/\/nlp3.mycube.kz\/wp-content\/uploads\/2025\/07\/ic4.png 302w, https:\/\/nlp3.mycube.kz\/wp-content\/uploads\/2025\/07\/ic4-300x108.png 300w\" sizes=\"auto, (max-width: 302px) 100vw, 302px\" \/><\/div><\/div><div class=\"wpb_text_column us_custom_cb789b65\"><div class=\"wpb_wrapper\"><h6>Interface de trading personnalisable<\/h6>\n<p>Personnalisez la plateforme selon vos pr\u00e9f\u00e9rences pour b\u00e9n\u00e9ficier d&rsquo;un environnement de trading sur mesure.<\/p>\n<\/div><\/div><\/div><\/div><\/div><\/div><div class=\"w-separator hide_on_tablets hide_on_mobiles size_custom\" style=\"height:0.8rem\"><\/div><div class=\"g-cols wpb_row via_flex valign_top type_boxes stacking_default\" style=\"--additional-gap:0.8rem;\"><div class=\"vc_col-sm-3 wpb_column vc_column_container has_bg_color\"><div class=\"vc_column-inner us_custom_0aea9432\"><div class=\"wpb_wrapper\"><div class=\"w-image align_center\"><div class=\"w-image-h\"><img decoding=\"async\" width=\"302\" height=\"109\" src=\"https:\/\/nlp3.mycube.kz\/wp-content\/uploads\/2025\/07\/ic5.png\" class=\"attachment-full size-full\" alt=\"\" loading=\"lazy\" srcset=\"https:\/\/nlp3.mycube.kz\/wp-content\/uploads\/2025\/07\/ic5.png 302w, https:\/\/nlp3.mycube.kz\/wp-content\/uploads\/2025\/07\/ic5-300x108.png 300w\" sizes=\"auto, (max-width: 302px) 100vw, 302px\" \/><\/div><\/div><div class=\"wpb_text_column us_custom_cb789b65\"><div class=\"wpb_wrapper\"><h6>Outils avanc\u00e9s de cr\u00e9ation de graphiques<\/h6>\n<p>R\u00e9alisez des analyses de march\u00e9 approfondies \u00e0 l&rsquo;aide de graphiques performants et de qualit\u00e9 professionnelle.<\/p>\n<\/div><\/div><\/div><\/div><\/div><div class=\"vc_col-sm-3 wpb_column vc_column_container has_bg_color\"><div class=\"vc_column-inner us_custom_0aea9432\"><div class=\"wpb_wrapper\"><div class=\"w-image align_center\"><div class=\"w-image-h\"><img decoding=\"async\" width=\"302\" height=\"109\" src=\"https:\/\/nlp3.mycube.kz\/wp-content\/uploads\/2025\/07\/ic6.png\" class=\"attachment-full size-full\" alt=\"\" loading=\"lazy\" srcset=\"https:\/\/nlp3.mycube.kz\/wp-content\/uploads\/2025\/07\/ic6.png 302w, https:\/\/nlp3.mycube.kz\/wp-content\/uploads\/2025\/07\/ic6-300x108.png 300w\" sizes=\"auto, (max-width: 302px) 100vw, 302px\" \/><\/div><\/div><div class=\"wpb_text_column us_custom_cb789b65\"><div class=\"wpb_wrapper\"><h6>Alertes et outils personnalis\u00e9s<\/h6>\n<p>Restez proactif gr\u00e2ce \u00e0 des alertes personnalis\u00e9es et des outils de trading intelligents.<\/p>\n<\/div><\/div><\/div><\/div><\/div><div class=\"vc_col-sm-3 wpb_column vc_column_container has_bg_color\"><div class=\"vc_column-inner us_custom_0aea9432\"><div class=\"wpb_wrapper\"><div class=\"w-image align_center\"><div class=\"w-image-h\"><img decoding=\"async\" width=\"302\" height=\"109\" src=\"https:\/\/nlp3.mycube.kz\/wp-content\/uploads\/2025\/07\/ic7.png\" class=\"attachment-full size-full\" alt=\"\" loading=\"lazy\" srcset=\"https:\/\/nlp3.mycube.kz\/wp-content\/uploads\/2025\/07\/ic7.png 302w, https:\/\/nlp3.mycube.kz\/wp-content\/uploads\/2025\/07\/ic7-300x108.png 300w\" sizes=\"auto, (max-width: 302px) 100vw, 302px\" \/><\/div><\/div><div class=\"wpb_text_column us_custom_cb789b65\"><div class=\"wpb_wrapper\"><h6>Une gestion des risques rigoureuse<\/h6>\n<p>Ma\u00eetrisez totalement la situation gr\u00e2ce \u00e0 des solutions sophistiqu\u00e9es de gestion des risques.<\/p>\n<\/div><\/div><\/div><\/div><\/div><div class=\"vc_col-sm-3 wpb_column vc_column_container has_bg_color\"><div class=\"vc_column-inner us_custom_0aea9432\"><div class=\"wpb_wrapper\"><div class=\"w-image align_center\"><div class=\"w-image-h\"><img decoding=\"async\" width=\"302\" height=\"109\" src=\"https:\/\/nlp3.mycube.kz\/wp-content\/uploads\/2025\/07\/ic8.png\" class=\"attachment-full size-full\" alt=\"\" loading=\"lazy\" srcset=\"https:\/\/nlp3.mycube.kz\/wp-content\/uploads\/2025\/07\/ic8.png 302w, https:\/\/nlp3.mycube.kz\/wp-content\/uploads\/2025\/07\/ic8-300x108.png 300w\" sizes=\"auto, (max-width: 302px) 100vw, 302px\" \/><\/div><\/div><div class=\"wpb_text_column us_custom_cb789b65\"><div class=\"wpb_wrapper\"><h6>Tableau de bord convivial<\/h6>\n<p>Naviguez en toute simplicit\u00e9 gr\u00e2ce \u00e0 une interface intuitive et \u00e9pur\u00e9e, pour un processus de trading efficace.<\/p>\n<\/div><\/div><\/div><\/div><\/div><\/div><div class=\"w-separator size_custom\" style=\"height:2rem\"><\/div><div class=\"g-cols wpb_row via_flex valign_top type_default stacking_default\"><div class=\"vc_col-sm-12 wpb_column vc_column_container\"><div class=\"vc_column-inner\"><div class=\"wpb_wrapper\"><div class=\"w-btn-wrapper align_center\"><a class=\"w-btn us-btn-style_1 us_custom_a61e2493\" href=\"\/platform.html\"><span class=\"w-btn-label\">Passez au niveau sup\u00e9rieur en mati\u00e8re de trading<\/span><\/a><\/div><\/div><\/div><\/div><\/div><\/div><\/div><\/div><\/div><\/div><\/section><section class=\"l-section wpb_row height_auto\"><div class=\"l-section-h i-cf\"><div class=\"g-cols vc_row via_flex valign_top type_default stacking_default\"><div class=\"vc_col-sm-12 wpb_column vc_column_container\"><div class=\"vc_column-inner\"><div class=\"wpb_wrapper\"><div class=\"w-separator size_custom\" style=\"height:2rem\"><\/div><\/div><\/div><\/div><\/div><\/div><\/section>\n","protected":false},"excerpt":{"rendered":"Optimisez vos op\u00e9rations de trading gr\u00e2ce \u00e0 la plateforme Fusion CFX Atteignez de nouveaux sommets en mati\u00e8re de r\u00e9ussite dans le trading Acc\u00e9dez sans effort aux march\u00e9s mondiaux gr\u00e2ce \u00e0 la plateforme de trading avanc\u00e9e Fusion CFX. Con\u00e7ue pour surpasser les plateformes traditionnelles telles que MT4 et MT5, elle r\u00e9volutionne votre exp\u00e9rience de trading. Que...","protected":false},"author":1,"featured_media":0,"parent":0,"menu_order":0,"comment_status":"closed","ping_status":"closed","template":"","meta":{"footnotes":""},"class_list":["post-1062","page","type-page","status-publish","hentry"],"_links":{"self":[{"href":"https:\/\/nlp3.mycube.kz\/fr\/wp-json\/wp\/v2\/pages\/1062","targetHints":{"allow":["GET"]}}],"collection":[{"href":"https:\/\/nlp3.mycube.kz\/fr\/wp-json\/wp\/v2\/pages"}],"about":[{"href":"https:\/\/nlp3.mycube.kz\/fr\/wp-json\/wp\/v2\/types\/page"}],"author":[{"embeddable":true,"href":"https:\/\/nlp3.mycube.kz\/fr\/wp-json\/wp\/v2\/users\/1"}],"replies":[{"embeddable":true,"href":"https:\/\/nlp3.mycube.kz\/fr\/wp-json\/wp\/v2\/comments?post=1062"}],"version-history":[{"count":3,"href":"https:\/\/nlp3.mycube.kz\/fr\/wp-json\/wp\/v2\/pages\/1062\/revisions"}],"predecessor-version":[{"id":1066,"href":"https:\/\/nlp3.mycube.kz\/fr\/wp-json\/wp\/v2\/pages\/1062\/revisions\/1066"}],"wp:attachment":[{"href":"https:\/\/nlp3.mycube.kz\/fr\/wp-json\/wp\/v2\/media?parent=1062"}],"curies":[{"name":"wp","href":"https:\/\/api.w.org\/{rel}","templated":true}]}}