{"id":1046,"date":"2025-07-08T14:48:00","date_gmt":"2025-07-08T11:48:00","guid":{"rendered":"https:\/\/nlp3.mycube.kz\/trading-schedule\/"},"modified":"2026-03-22T16:25:49","modified_gmt":"2026-03-22T13:25:49","slug":"trading-schedule","status":"publish","type":"page","link":"https:\/\/nlp3.mycube.kz\/fr\/trading-schedule\/","title":{"rendered":"Calendrier de Commerce"},"content":{"rendered":"<section class=\"l-section wpb_row us_custom_5be59d26 height_large full_height valign_center with_video\"><div id=\"us_bg_video_r9e6\" class=\"l-section-video\"><script id=\"us_bg_video_r9e6-script\">!function(w){var node = document.getElementById( 'us_bg_video_r9e6' );if ( w.innerWidth <= 100 ) { node.remove() }}(window);<\/script><style>@media(max-width:100px){#us_bg_video_r9e6{display:none!important}}<\/style><video  autoplay loop muted playsinline preload=\"auto\"><source type=\"video\/webm\" src=\"\/wp-content\/uploads\/2025\/07\/red.webm\" \/><\/video><\/div><div class=\"l-section-h i-cf\"><div class=\"g-cols vc_row via_flex valign_top type_default stacking_default\"><div class=\"vc_col-sm-12 wpb_column vc_column_container\"><div class=\"vc_column-inner\"><div class=\"wpb_wrapper\"><div class=\"g-cols wpb_row via_flex valign_top type_default stacking_default\"><div class=\"vc_col-sm-12 wpb_column vc_column_container\"><div class=\"vc_column-inner us_custom_558ec5ca\"><div class=\"wpb_wrapper\"><div class=\"wpb_text_column us_custom_6df4bc3a has_text_color\"><div class=\"wpb_wrapper\"><h1>Optimisez votre strat\u00e9gie de trading gr\u00e2ce aux horaires de march\u00e9 de Fusion CFX<\/h1>\n<\/div><\/div><\/div><\/div><\/div><\/div><div class=\"w-separator us_custom_9321a470 has_text_color size_custom with_line width_default thick_2 style_dashed color_border align_left with_content\" style=\"height:5rem\"><div class=\"w-separator-h\"><i class=\"fas fa-fas fa-dot-circle\"><\/i><\/div><\/div><div class=\"g-cols wpb_row via_flex valign_top type_default stacking_default\"><div class=\"vc_col-sm-9 wpb_column vc_column_container\"><div class=\"vc_column-inner us_custom_dc08afa2\"><div class=\"wpb_wrapper\"><div class=\"wpb_text_column us_custom_6df4bc3a has_text_color\"><div class=\"wpb_wrapper\"><h4>Optimisez votre timing de trading<\/h4>\n<p>Le timing est tout aussi important que le choix des actifs appropri\u00e9s. Notre guide d\u00e9taill\u00e9 des horaires de n\u00e9gociation vous donne les outils n\u00e9cessaires pour affiner vos strat\u00e9gies sur les march\u00e9s mondiaux, vous aidant ainsi \u00e0 prendre des d\u00e9cisions opportunes et en toute confiance.<\/p>\n<\/div><\/div><div class=\"w-separator size_custom\" style=\"height:30px\"><\/div><div class=\"w-btn-wrapper align_none\"><a class=\"w-btn us-btn-style_4 us_custom_a61e2493\" href=\"\/platform.html\"><span class=\"w-btn-label\">Commencez \u00e0 trader<\/span><\/a><\/div><\/div><\/div><\/div><div class=\"vc_col-sm-3 wpb_column vc_column_container\"><div class=\"vc_column-inner us_custom_04c40667\"><div class=\"wpb_wrapper\"><nav class=\"g-breadcrumbs us_custom_64e1dcdb has_text_color separator_icon align_none\" itemscope itemtype=\"http:\/\/schema.org\/BreadcrumbList\"><div class=\"g-breadcrumbs-item\" itemscope itemprop=\"itemListElement\" itemtype=\"http:\/\/schema.org\/ListItem\"><a itemprop=\"item\" href=\"https:\/\/nlp3.mycube.kz\/fr\/\"><span itemprop=\"name\">Accueil<\/span><\/a><meta itemprop=\"position\" content=\"1\"\/><\/div><div class=\"g-breadcrumbs-separator\"><i class=\"far fa-angle-right\"><\/i><\/div><div class=\"g-breadcrumbs-item\">Pages<\/div><\/nav><\/div><\/div><\/div><\/div><div class=\"w-separator hide_on_default hide_on_laptops size_custom\" style=\"height:2rem\"><\/div><\/div><\/div><\/div><\/div><\/div><\/section><section class=\"l-section wpb_row height_auto\"><div class=\"l-section-h i-cf\"><div class=\"g-cols vc_row via_flex valign_top type_default stacking_default\"><div class=\"vc_col-sm-12 wpb_column vc_column_container\"><div class=\"vc_column-inner\"><div class=\"wpb_wrapper\"><div class=\"g-cols wpb_row us_custom_06927fe0 via_flex valign_top type_default stacking_default\"><div class=\"vc_col-sm-12 wpb_column vc_column_container\"><div class=\"vc_column-inner\"><div class=\"wpb_wrapper\"><div class=\"w-image align_center\"><a href=\"#one\" aria-label=\"w-tr\" class=\"w-image-h\"><img decoding=\"async\" width=\"157\" height=\"100\" src=\"https:\/\/nlp3.mycube.kz\/wp-content\/uploads\/2025\/07\/w-tr.png\" class=\"attachment-full size-full\" alt=\"\" loading=\"lazy\" \/><\/a><\/div><\/div><\/div><\/div><\/div><\/div><\/div><\/div><\/div><\/div><\/section><section class=\"l-section wpb_row height_large\" id=\"one\"><div class=\"l-section-h i-cf\"><div class=\"g-cols vc_row via_flex valign_top type_default stacking_default\"><div class=\"vc_col-sm-12 wpb_column vc_column_container\"><div class=\"vc_column-inner\"><div class=\"wpb_wrapper\"><div class=\"g-cols wpb_row via_flex valign_middle type_default stacking_default\"><div class=\"vc_col-sm-6 wpb_column vc_column_container\"><div class=\"vc_column-inner us_custom_558ec5ca\"><div class=\"wpb_wrapper\"><div class=\"wpb_text_column\"><div class=\"wpb_wrapper\"><h2>Ma\u00eetrisez l&rsquo;art du timing boursier avec Fusion CFX<\/h2>\n<p>Chez Fusion CFX, nous savons que le choix du moment opportun sur le march\u00e9 est essentiel pour r\u00e9ussir ses op\u00e9rations boursi\u00e8res. Notre guide complet des horaires de bourse vous tient inform\u00e9 tout au long de l&rsquo;ann\u00e9e, vous permettant ainsi de passer sans encombre des s\u00e9ances d&rsquo;\u00e9t\u00e9 aux s\u00e9ances d&rsquo;hiver.<\/p>\n<\/div><\/div><div class=\"w-separator size_custom\" style=\"height:30px\"><\/div><div class=\"w-btn-wrapper align_none\"><a class=\"w-btn us-btn-style_1\" href=\"\/platform.html\"><span class=\"w-btn-label\">Commencez \u00e0 trader d\u00e8s maintenant<\/span><\/a><\/div><\/div><\/div><\/div><div class=\"vc_col-sm-6 wpb_column vc_column_container\"><div class=\"vc_column-inner\"><div class=\"wpb_wrapper\"><div data-us-scroll=\"{&quot;from_initial_position&quot;:&quot;0&quot;,&quot;start_position&quot;:&quot;0%&quot;,&quot;end_position&quot;:&quot;100%&quot;,&quot;delay&quot;:&quot;0s&quot;,&quot;translate_y_direction&quot;:&quot;down&quot;,&quot;translate_y_speed&quot;:&quot;0.1x&quot;}\" class=\"w-image us_custom_d5d57d67 hide_on_tablets hide_on_mobiles has_scroll_effects has_translate_y align_center\"><div class=\"w-image-h\"><img decoding=\"async\" width=\"608\" height=\"589\" src=\"https:\/\/nlp3.mycube.kz\/wp-content\/uploads\/2025\/07\/coins-bg.png\" class=\"attachment-full size-full\" alt=\"\" loading=\"lazy\" srcset=\"https:\/\/nlp3.mycube.kz\/wp-content\/uploads\/2025\/07\/coins-bg.png 608w, https:\/\/nlp3.mycube.kz\/wp-content\/uploads\/2025\/07\/coins-bg-300x291.png 300w\" sizes=\"auto, (max-width: 608px) 100vw, 608px\" \/><\/div><\/div><div class=\"w-image align_center\"><div class=\"w-image-h\"><img decoding=\"async\" width=\"640\" height=\"626\" src=\"https:\/\/nlp3.mycube.kz\/wp-content\/uploads\/2025\/07\/phone2.png\" class=\"attachment-full size-full\" alt=\"\" loading=\"lazy\" srcset=\"https:\/\/nlp3.mycube.kz\/wp-content\/uploads\/2025\/07\/phone2.png 640w, https:\/\/nlp3.mycube.kz\/wp-content\/uploads\/2025\/07\/phone2-300x293.png 300w\" sizes=\"auto, (max-width: 640px) 100vw, 640px\" \/><\/div><\/div><\/div><\/div><\/div><\/div><\/div><\/div><\/div><\/div><\/div><\/section><section class=\"l-section wpb_row us_custom_0c5144e5 height_large with_img\"><div class=\"l-section-img\" role=\"img\" data-img-width=\"1389\" data-img-height=\"695\" style=\"background-image: url(https:\/\/nlp3.mycube.kz\/wp-content\/uploads\/2025\/07\/graey-map.png);background-repeat: no-repeat;background-size: auto;\"><\/div><div class=\"l-section-h i-cf\"><div class=\"g-cols vc_row via_flex valign_middle type_default stacking_default\"><div class=\"vc_col-sm-12 wpb_column vc_column_container\"><div class=\"vc_column-inner\"><div class=\"wpb_wrapper\"><div class=\"g-cols wpb_row via_flex valign_top type_default stacking_default\"><div class=\"vc_col-sm-12 wpb_column vc_column_container hide_on_tablets hide_on_mobiles stretched\"><div class=\"vc_column-inner\"><div class=\"wpb_wrapper\"><div data-us-scroll=\"{&quot;from_initial_position&quot;:&quot;0&quot;,&quot;start_position&quot;:&quot;0%&quot;,&quot;end_position&quot;:&quot;100%&quot;,&quot;delay&quot;:&quot;0s&quot;,&quot;translate_y_direction&quot;:&quot;down&quot;,&quot;translate_y_speed&quot;:&quot;0.2x&quot;}\" class=\"w-image us_custom_651f18a6 has_scroll_effects has_translate_y align_none\"><div class=\"w-image-h\"><img decoding=\"async\" width=\"371\" height=\"448\" src=\"https:\/\/nlp3.mycube.kz\/wp-content\/uploads\/2025\/07\/shape1.png\" class=\"attachment-full size-full\" alt=\"\" loading=\"lazy\" srcset=\"https:\/\/nlp3.mycube.kz\/wp-content\/uploads\/2025\/07\/shape1.png 371w, https:\/\/nlp3.mycube.kz\/wp-content\/uploads\/2025\/07\/shape1-248x300.png 248w\" sizes=\"auto, (max-width: 371px) 100vw, 371px\" \/><\/div><\/div><\/div><\/div><\/div><\/div><div class=\"g-cols wpb_row us_custom_00f6bd43 via_flex valign_top type_default stacking_default\"><div class=\"vc_col-sm-12 wpb_column vc_column_container\"><div class=\"vc_column-inner\"><div class=\"wpb_wrapper\"><div class=\"wpb_text_column us_custom_40c523d3 has_text_color\"><div class=\"wpb_wrapper\"><h2>S&rsquo;adapter aux horaires saisonniers des march\u00e9s<\/h2>\n<p>Les horaires d&rsquo;ouverture varient en fonction des saisons, et il est essentiel de se tenir inform\u00e9 pour<br \/>\nconserver votre avantage concurrentiel.<\/p>\n<\/div><\/div><\/div><\/div><\/div><\/div><div class=\"w-separator size_custom\" style=\"height:4rem\" id=\"h54f\"><style>@media(max-width:767px){ #h54f{height:3rem!important}}<\/style><\/div><div class=\"g-cols wpb_row via_flex valign_top type_boxes stacking_default\" style=\"--additional-gap:0.8rem;\"><div class=\"vc_col-sm-2 wpb_column vc_column_container hide_on_tablets hide_on_mobiles\"><div class=\"vc_column-inner us_custom_57f5615c\"><div class=\"wpb_wrapper\"><\/div><\/div><\/div><div class=\"vc_col-sm-4 wpb_column vc_column_container has_bg_color\"><div class=\"vc_column-inner us_custom_3c63032c\"><div class=\"wpb_wrapper\"><div class=\"w-iconbox us_custom_6df4bc3a icon_hm has_text_color iconpos_left style_default color_primary align_left icontype_img\"><div class=\"w-iconbox-icon\" style=\"font-size:70px;\"><img loading=\"lazy\" decoding=\"async\" width=\"70\" height=\"70\" src=\"https:\/\/nlp3.mycube.kz\/wp-content\/uploads\/2025\/07\/wn.png\" class=\"attachment-full size-full\" alt=\"\" \/><\/div><div class=\"w-iconbox-meta\"><h6 class=\"w-iconbox-title\" style=\"font-size:20px;\">Session d\u2019\u00e9t\u00e9<\/h6><div class=\"w-iconbox-text\"><p>Fusion CFX est \u00e0 l&rsquo;heure GMT +3<\/p>\n<\/div><\/div><\/div><div class=\"w-separator us_custom_33c47bad has_text_color size_custom with_line width_default thick_1 style_dotted color_border align_center\" style=\"height:4rem\"><div class=\"w-separator-h\"><\/div><\/div><div class=\"wpb_text_column us_custom_6df4bc3a ulmoy2 has_text_color\"><div class=\"wpb_wrapper\"><ul>\n<li>Australie: 9 pm \u2013 6 am<\/li>\n<li>Tokyo: 12 am \u2013 9 am<\/li>\n<li>Londres: 7 am \u2013 3 pm<\/li>\n<li>New York: 12 pm \u2013 9 pm<\/li>\n<\/ul>\n<\/div><\/div><\/div><\/div><\/div><div class=\"vc_col-sm-4 wpb_column vc_column_container has_bg_color\"><div class=\"vc_column-inner us_custom_da952dd7\"><div class=\"wpb_wrapper\"><div class=\"w-iconbox icon_hm iconpos_left style_default color_primary align_left icontype_img\"><div class=\"w-iconbox-icon\" style=\"font-size:70px;\"><img loading=\"lazy\" decoding=\"async\" width=\"70\" height=\"70\" src=\"https:\/\/nlp3.mycube.kz\/wp-content\/uploads\/2025\/07\/cm.png\" class=\"attachment-full size-full\" alt=\"\" \/><\/div><div class=\"w-iconbox-meta\"><h6 class=\"w-iconbox-title\" style=\"font-size:20px;\">Session d\u2019hiver<\/h6><div class=\"w-iconbox-text\"><p>Fusion CFX est \u00e0 l&rsquo;heure GMT +2<\/p>\n<\/div><\/div><\/div><div class=\"w-separator us_custom_7940c76c has_text_color size_custom with_line width_default thick_1 style_dotted color_border align_center\" style=\"height:4rem\"><div class=\"w-separator-h\"><\/div><\/div><div class=\"wpb_text_column ulmoy\"><div class=\"wpb_wrapper\"><ul>\n<li>Australie: 8 pm- 5 am<\/li>\n<li>Tokyo: 12 am- 9 am<\/li>\n<li>Londres: 8 am \u2013 4 pm<\/li>\n<li>New York: 1 pm \u2013 10 pm<\/li>\n<\/ul>\n<\/div><\/div><\/div><\/div><\/div><\/div><div class=\"w-separator size_custom\" style=\"height:3rem\" id=\"xa25\"><style>@media(max-width:767px){ #xa25{height:2rem!important}}<\/style><\/div><div class=\"g-cols wpb_row us_custom_00f6bd43 via_flex valign_top type_default stacking_default\"><div class=\"vc_col-sm-2 wpb_column vc_column_container hide_on_tablets hide_on_mobiles\"><div class=\"vc_column-inner\"><div class=\"wpb_wrapper\"><\/div><\/div><\/div><div class=\"vc_col-sm-8 wpb_column vc_column_container\"><div class=\"vc_column-inner\"><div class=\"wpb_wrapper\"><div class=\"wpb_text_column us_custom_40c523d3 has_text_color\"><div class=\"wpb_wrapper\"><p>Ces graphiques sont parfaitement int\u00e9gr\u00e9s \u00e0 votre plateforme de trading<br \/>\npour un acc\u00e8s rapide et pratique.<\/p>\n<\/div><\/div><div class=\"w-separator size_custom\" style=\"height:30px\"><\/div><div class=\"w-btn-wrapper align_center\"><a class=\"w-btn us-btn-style_1\" href=\"\/platform.html\"><span class=\"w-btn-label\">Affinez votre strat\u00e9gie de trading<\/span><\/a><\/div><\/div><\/div><\/div><\/div><\/div><\/div><\/div><\/div><\/div><\/section><section class=\"l-section wpb_row height_large\"><div class=\"l-section-h i-cf\"><div class=\"g-cols vc_row via_flex valign_top type_default stacking_default\"><div class=\"vc_col-sm-12 wpb_column vc_column_container\"><div class=\"vc_column-inner\"><div class=\"wpb_wrapper\"><div class=\"g-cols wpb_row via_flex valign_top type_default reversed stacking_default\"><div class=\"vc_col-sm-8 wpb_column vc_column_container\"><div class=\"vc_column-inner us_custom_558ec5ca\"><div class=\"wpb_wrapper\"><div class=\"wpb_text_column\"><div class=\"wpb_wrapper\"><h2>Suivez les tendances du march\u00e9 pour r\u00e9ussir vos op\u00e9rations de trading<\/h2>\n<\/div><\/div><\/div><\/div><\/div><div class=\"vc_col-sm-4 wpb_column vc_column_container\"><div class=\"vc_column-inner us_custom_04c40667\"><div class=\"wpb_wrapper\"><div class=\"w-image us_custom_8d5aa4e2 align_none\"><div class=\"w-image-h\"><img decoding=\"async\" width=\"108\" height=\"70\" src=\"https:\/\/nlp3.mycube.kz\/wp-content\/uploads\/2025\/07\/cav.png\" class=\"attachment-full size-full\" alt=\"\" loading=\"lazy\" \/><\/div><\/div><\/div><\/div><\/div><\/div><div class=\"w-separator size_custom\" style=\"height:2rem\"><\/div><div class=\"g-cols wpb_row via_flex valign_top type_default stacking_default\"><div class=\"vc_col-sm-6 wpb_column vc_column_container\"><div class=\"vc_column-inner us_custom_558ec5ca\"><div class=\"wpb_wrapper\"><div class=\"wpb_text_column\"><div class=\"wpb_wrapper\"><p>L&rsquo;activit\u00e9 sur les march\u00e9s conna\u00eet des fluctuations tout au long de la journ\u00e9e, avec des pics d&rsquo;activit\u00e9 lorsque les grands centres financiers comme Tokyo et Londres ouvrent leurs portes. Le march\u00e9 des changes reste ouvert 24 heures sur 24, cinq jours par semaine, offrant ainsi une grande flexibilit\u00e9 pour trader \u00e0 toute heure.<\/p>\n<p>Collaborez \u00e9troitement avec votre charg\u00e9 de compte Fusion CFX pour obtenir des informations pr\u00e9cieuses sur les tendances du march\u00e9 et optimiser votre strat\u00e9gie de trading.<\/p>\n<\/div><\/div><\/div><\/div><\/div><div class=\"vc_col-sm-6 wpb_column vc_column_container\"><div class=\"vc_column-inner us_custom_558ec5ca\"><div class=\"wpb_wrapper\"><div class=\"wpb_text_column\"><div class=\"wpb_wrapper\"><p>Concentrez-vous sur les chevauchements entre les sessions de trading, qui s&rsquo;accompagnent souvent d&rsquo;une volatilit\u00e9 accrue, de spreads plus serr\u00e9s et d&rsquo;une forte \u00e9volution des cours.<\/p>\n<p>Pour conna\u00eetre les horaires pr\u00e9cis, consultez le graphique de trading Fusion CFX \u2014 votre ressource indispensable pour optimiser votre potentiel de trading.<\/p>\n<\/div><\/div><\/div><\/div><\/div><\/div><div class=\"w-separator us_custom_37643a01 has_text_color size_custom with_line width_default thick_1 style_solid color_border align_left with_content\" style=\"height:6rem\"><div class=\"w-separator-h\"><i class=\"fas fa-fas fa-dot-circle\"><\/i><\/div><\/div><div class=\"w-tabs us_custom_a61e2493 layout_hor style_radio3 switch_click has_scrolling\" style=\"--sections-title-size:16px\"><div class=\"w-tabs-list items_2 align_center\" style=\"font-family:Inter;font-weight:600;\"><div class=\"w-tabs-list-h\"><button class=\"w-tabs-item active\" aria-controls=\"content-w1b1\" aria-expanded=\"false\"><span class=\"w-tabs-item-title\">Session d&rsquo;\u00e9t\u00e9<\/span><\/button><button class=\"w-tabs-item\" aria-controls=\"content-gc85\" aria-expanded=\"false\"><span class=\"w-tabs-item-title\">Session d&rsquo;hiver<\/span><\/button><\/div><\/div><div class=\"w-tabs-sections titles-align_none icon_chevron cpos_right\"><div class=\"w-tabs-section active\" id=\"w1b1\"><button class=\"w-tabs-section-header active\" aria-controls=\"content-w1b1\" aria-expanded=\"true\"><div class=\"w-tabs-section-title\">Session d&rsquo;\u00e9t\u00e9<\/div><div class=\"w-tabs-section-control\"><\/div><\/button><div  class=\"w-tabs-section-content\" id=\"content-w1b1\"><div class=\"w-tabs-section-content-h i-cf\"><div class=\"w-image us_custom_b706b399 align_center has_bg_color\"><div class=\"w-image-h\"><img decoding=\"async\" width=\"1319\" height=\"473\" src=\"https:\/\/nlp3.mycube.kz\/wp-content\/uploads\/2025\/07\/summer.png\" class=\"attachment-full size-full\" alt=\"\" loading=\"lazy\" srcset=\"https:\/\/nlp3.mycube.kz\/wp-content\/uploads\/2025\/07\/summer.png 1319w, https:\/\/nlp3.mycube.kz\/wp-content\/uploads\/2025\/07\/summer-300x108.png 300w, https:\/\/nlp3.mycube.kz\/wp-content\/uploads\/2025\/07\/summer-1024x367.png 1024w\" sizes=\"auto, (max-width: 1319px) 100vw, 1319px\" \/><\/div><\/div><\/div><\/div><\/div><div class=\"w-tabs-section\" id=\"gc85\"><button class=\"w-tabs-section-header\" aria-controls=\"content-gc85\" aria-expanded=\"false\"><div class=\"w-tabs-section-title\">Session d&rsquo;hiver<\/div><div class=\"w-tabs-section-control\"><\/div><\/button><div  class=\"w-tabs-section-content\" id=\"content-gc85\"><div class=\"w-tabs-section-content-h i-cf\"><div class=\"w-image us_custom_b706b399 align_center has_bg_color\"><div class=\"w-image-h\"><img decoding=\"async\" width=\"1319\" height=\"473\" src=\"https:\/\/nlp3.mycube.kz\/wp-content\/uploads\/2025\/07\/winter.png\" class=\"attachment-full size-full\" alt=\"\" loading=\"lazy\" srcset=\"https:\/\/nlp3.mycube.kz\/wp-content\/uploads\/2025\/07\/winter.png 1319w, https:\/\/nlp3.mycube.kz\/wp-content\/uploads\/2025\/07\/winter-300x108.png 300w, https:\/\/nlp3.mycube.kz\/wp-content\/uploads\/2025\/07\/winter-1024x367.png 1024w\" sizes=\"auto, (max-width: 1319px) 100vw, 1319px\" \/><\/div><\/div><\/div><\/div><\/div><\/div><\/div><\/div><\/div><\/div><\/div><\/div><\/section>\n","protected":false},"excerpt":{"rendered":"Optimisez votre strat\u00e9gie de trading gr\u00e2ce aux horaires de march\u00e9 de Fusion CFX Optimisez votre timing de trading Le timing est tout aussi important que le choix des actifs appropri\u00e9s. Notre guide d\u00e9taill\u00e9 des horaires de n\u00e9gociation vous donne les outils n\u00e9cessaires pour affiner vos strat\u00e9gies sur les march\u00e9s mondiaux, vous aidant ainsi \u00e0 prendre...","protected":false},"author":1,"featured_media":0,"parent":0,"menu_order":0,"comment_status":"closed","ping_status":"closed","template":"","meta":{"footnotes":""},"class_list":["post-1046","page","type-page","status-publish","hentry"],"_links":{"self":[{"href":"https:\/\/nlp3.mycube.kz\/fr\/wp-json\/wp\/v2\/pages\/1046","targetHints":{"allow":["GET"]}}],"collection":[{"href":"https:\/\/nlp3.mycube.kz\/fr\/wp-json\/wp\/v2\/pages"}],"about":[{"href":"https:\/\/nlp3.mycube.kz\/fr\/wp-json\/wp\/v2\/types\/page"}],"author":[{"embeddable":true,"href":"https:\/\/nlp3.mycube.kz\/fr\/wp-json\/wp\/v2\/users\/1"}],"replies":[{"embeddable":true,"href":"https:\/\/nlp3.mycube.kz\/fr\/wp-json\/wp\/v2\/comments?post=1046"}],"version-history":[{"count":6,"href":"https:\/\/nlp3.mycube.kz\/fr\/wp-json\/wp\/v2\/pages\/1046\/revisions"}],"predecessor-version":[{"id":1054,"href":"https:\/\/nlp3.mycube.kz\/fr\/wp-json\/wp\/v2\/pages\/1046\/revisions\/1054"}],"wp:attachment":[{"href":"https:\/\/nlp3.mycube.kz\/fr\/wp-json\/wp\/v2\/media?parent=1046"}],"curies":[{"name":"wp","href":"https:\/\/api.w.org\/{rel}","templated":true}]}}