{"id":1205,"date":"2025-07-12T21:49:19","date_gmt":"2025-07-12T18:49:19","guid":{"rendered":"https:\/\/nlp3.mycube.kz\/cookie-policy\/"},"modified":"2026-03-23T10:17:48","modified_gmt":"2026-03-23T07:17:48","slug":"cookie-policy","status":"publish","type":"page","link":"https:\/\/nlp3.mycube.kz\/de\/cookie-policy\/","title":{"rendered":"Cookie-Richtlinie"},"content":{"rendered":"<section class=\"l-section wpb_row us_custom_5be59d26 height_huge with_video\"><div id=\"us_bg_video_j77d\" class=\"l-section-video\"><script id=\"us_bg_video_j77d-script\">!function(w){var node = document.getElementById( 'us_bg_video_j77d' );if ( w.innerWidth <= 100 ) { node.remove() }}(window);<\/script><style>@media(max-width:100px){#us_bg_video_j77d{display:none!important}}<\/style><video  autoplay loop muted playsinline preload=\"auto\"><source type=\"video\/webm\" src=\"\/wp-content\/uploads\/2025\/07\/red.webm\" \/><\/video><\/div><div class=\"l-section-h i-cf\"><div class=\"g-cols vc_row via_flex valign_top type_default stacking_default\"><div class=\"vc_col-sm-12 wpb_column vc_column_container\"><div class=\"vc_column-inner\"><div class=\"wpb_wrapper\"><div class=\"w-separator size_custom\" style=\"height:3rem\"><\/div><div class=\"g-cols wpb_row via_flex valign_top type_default stacking_default\"><div class=\"vc_col-sm-12 wpb_column vc_column_container\"><div class=\"vc_column-inner us_custom_558ec5ca\"><div class=\"wpb_wrapper\"><div class=\"wpb_text_column us_custom_6df4bc3a has_text_color\"><div class=\"wpb_wrapper\"><h1>Cookie-Richtlinie<\/h1>\n<\/div><\/div><\/div><\/div><\/div><\/div><div class=\"w-separator us_custom_9321a470 has_text_color size_custom with_line width_default thick_2 style_dashed color_border align_left with_content\" style=\"height:5rem\"><div class=\"w-separator-h\"><i class=\"fas fa-fas fa-dot-circle\"><\/i><\/div><\/div><div class=\"g-cols wpb_row via_flex valign_top type_default stacking_default\"><div class=\"vc_col-sm-9 wpb_column vc_column_container\"><div class=\"vc_column-inner us_custom_dc08afa2\"><div class=\"wpb_wrapper\"><div class=\"w-btn-wrapper align_none\"><a class=\"w-btn us-btn-style_4 us_custom_a61e2493\" href=\"\/platform.html\"><span class=\"w-btn-label\">Jetzt Handeln<\/span><\/a><\/div><\/div><\/div><\/div><div class=\"vc_col-sm-3 wpb_column vc_column_container\"><div class=\"vc_column-inner us_custom_04c40667\"><div class=\"wpb_wrapper\"><nav class=\"g-breadcrumbs us_custom_64e1dcdb has_text_color separator_icon align_none\" itemscope itemtype=\"http:\/\/schema.org\/BreadcrumbList\"><div class=\"g-breadcrumbs-item\" itemscope itemprop=\"itemListElement\" itemtype=\"http:\/\/schema.org\/ListItem\"><a itemprop=\"item\" href=\"https:\/\/nlp3.mycube.kz\/de\/\"><span itemprop=\"name\">Start<\/span><\/a><meta itemprop=\"position\" content=\"1\"\/><\/div><div class=\"g-breadcrumbs-separator\"><i class=\"far fa-angle-right\"><\/i><\/div><div class=\"g-breadcrumbs-item\">Seiten<\/div><\/nav><\/div><\/div><\/div><\/div><div class=\"w-separator hide_on_default hide_on_laptops size_custom\" style=\"height:2rem\"><\/div><\/div><\/div><\/div><\/div><\/div><\/section><section class=\"l-section wpb_row height_auto\"><div class=\"l-section-h i-cf\"><div class=\"g-cols vc_row via_flex valign_top type_default stacking_default\"><div class=\"vc_col-sm-12 wpb_column vc_column_container\"><div class=\"vc_column-inner\"><div class=\"wpb_wrapper\"><div class=\"g-cols wpb_row us_custom_06927fe0 via_flex valign_top type_default stacking_default\"><div class=\"vc_col-sm-12 wpb_column vc_column_container\"><div class=\"vc_column-inner\"><div class=\"wpb_wrapper\"><div class=\"w-image align_center\"><a href=\"#one\" aria-label=\"w-tr\" class=\"w-image-h\"><img decoding=\"async\" width=\"157\" height=\"100\" src=\"https:\/\/nlp3.mycube.kz\/wp-content\/uploads\/2025\/07\/w-tr.png\" class=\"attachment-full size-full\" alt=\"\" loading=\"lazy\" \/><\/a><\/div><\/div><\/div><\/div><\/div><\/div><\/div><\/div><\/div><\/div><\/section><section class=\"l-section wpb_row height_large\" id=\"one\"><div class=\"l-section-h i-cf\"><div class=\"g-cols vc_row via_flex valign_top type_default stacking_default\"><div class=\"vc_col-sm-8 wpb_column vc_column_container ulmoy\"><div class=\"vc_column-inner\"><div class=\"wpb_wrapper\"><div class=\"g-cols wpb_row via_flex valign_top type_default stacking_default\"><div class=\"vc_col-sm-12 wpb_column vc_column_container\"><div class=\"vc_column-inner\"><div class=\"wpb_wrapper\"><div class=\"wpb_text_column\"><div class=\"wpb_wrapper\"><h5>Von Fusion CFX verwendete Arten von Cookies<\/h5>\n<ul>\n<li><strong>Cookies zur Kontoverwaltung:<\/strong><br \/>\nDiese Cookies sind f\u00fcr die Einrichtung von Konten und die Verwaltung von Benutzereinstellungen unerl\u00e4sslich. Sie sorgen daf\u00fcr, dass Ihre Einstellungen auch nach dem Abmelden erhalten bleiben.<\/li>\n<li><strong>Anmelde-Cookies:<\/strong><br \/>\nAnmelde-Cookies sorgen daf\u00fcr, dass Sie angemeldet bleiben, sodass Sie Ihre Anmeldedaten nicht wiederholt eingeben m\u00fcssen. Sie werden beim Abmelden automatisch gel\u00f6scht, um die Sicherheit Ihrer Sitzung zu gew\u00e4hrleisten.<\/li>\n<li><strong>Newsletter- und E-Mail-Cookies:<\/strong><br \/>\nDiese Cookies helfen bei der Verwaltung Ihrer Abonnement-Einstellungen und stellen sicher, dass Sie f\u00fcr Ihre Interessen relevante Updates erhalten.<\/li>\n<li><strong>Cookies zur Teilnahme an Umfragen:<\/strong><br \/>\nDiese Cookies erfassen Ihre Teilnahme an Umfragen und stellen sicher, dass die gesammelten Daten korrekt und vollst\u00e4ndig sind.<\/li>\n<li><strong>Cookies zur Formularinteraktion:<\/strong><br \/>\nDiese Cookies speichern die Informationen, die Sie in Formulare eingeben, wodurch Ihre Website-Nutzung reibungsloser wird und Sie Zeit sparen.<\/li>\n<li><strong>Cookies zur Website-Anpassung:<\/strong><br \/>\nDiese Cookies merken sich Ihre Layout- und Anpassungsoptionen und tragen so zu einem individuelleren Browsing-Erlebnis bei.<\/li>\n<\/ul>\n<\/div><\/div><\/div><\/div><\/div><\/div><\/div><\/div><\/div><div class=\"vc_col-sm-4 wpb_column vc_column_container\"><div class=\"vc_column-inner type_sticky\"><div class=\"wpb_wrapper\"><div class=\"g-cols wpb_row via_flex valign_top type_boxes stacking_default\"><div class=\"vc_col-sm-12 wpb_column vc_column_container has_bg_color\"><div class=\"vc_column-inner us_custom_cbd1df16\"><div class=\"wpb_wrapper\"><section class=\"l-section wpb_row height_auto width_full\"><div class=\"l-section-h i-cf\"><div class=\"g-cols vc_row via_flex valign_top type_default stacking_default\"><div class=\"vc_col-sm-12 wpb_column vc_column_container\"><div class=\"vc_column-inner\"><div class=\"wpb_wrapper\"><div class=\"g-cols wpb_row side-a via_flex valign_top type_default stacking_default\"><div class=\"vc_col-sm-12 wpb_column vc_column_container\"><div class=\"vc_column-inner\"><div class=\"wpb_wrapper\"><div class=\"wpb_text_column\"><div class=\"wpb_wrapper\"><h5>Andere Richtlinien<\/h5>\n<\/div><\/div><div class=\"w-separator size_custom\" style=\"height:30px\"><\/div><div class=\"wpb_text_column ulmoy link-ul\"><div class=\"wpb_wrapper\"><ul>\n<li><a href=\"\/de\/risk-disclosure\/\">Risikohinweis<\/a><\/li>\n<li><a href=\"\/de\/kyc-process\/\">KYC-Prozess<\/a><\/li>\n<li><a href=\"\/de\/bonus-terms-and-conditions\/\">Bonusbedingungen<\/a><\/li>\n<li><a href=\"\/de\/terms-and-conditions\/\">Allgemeine Gesch\u00e4ftsbedingungen<\/a><\/li>\n<li><a href=\"\/de\/cookie-policy\/\">Cookie-Richtlinie<\/a><\/li>\n<li><a href=\"\/de\/privacy-policy\/\">Datenschutzrichtlinie<\/a><\/li>\n<li><a href=\"\/de\/complaints-dispute-policy\/\">Die Beschwerde- und Streitbeilegungsrichtlinie<\/a><\/li>\n<\/ul>\n<\/div><\/div><\/div><\/div><\/div><\/div><\/div><\/div><\/div><\/div><\/div><\/section>\n<\/div><\/div><\/div><\/div><\/div><\/div><\/div><\/div><\/div><\/section>\n","protected":false},"excerpt":{"rendered":"Cookie-Richtlinie Jetzt HandelnStartSeitenVon Fusion CFX verwendete Arten von Cookies Cookies zur Kontoverwaltung: Diese Cookies sind f\u00fcr die Einrichtung von Konten und die Verwaltung von Benutzereinstellungen unerl\u00e4sslich. Sie sorgen daf\u00fcr, dass Ihre Einstellungen auch nach dem Abmelden erhalten bleiben. Anmelde-Cookies: Anmelde-Cookies sorgen daf\u00fcr, dass Sie angemeldet bleiben, sodass Sie Ihre Anmeldedaten nicht wiederholt eingeben m\u00fcssen. Sie...","protected":false},"author":1,"featured_media":0,"parent":0,"menu_order":0,"comment_status":"closed","ping_status":"closed","template":"","meta":{"footnotes":""},"class_list":["post-1205","page","type-page","status-publish","hentry"],"_links":{"self":[{"href":"https:\/\/nlp3.mycube.kz\/de\/wp-json\/wp\/v2\/pages\/1205","targetHints":{"allow":["GET"]}}],"collection":[{"href":"https:\/\/nlp3.mycube.kz\/de\/wp-json\/wp\/v2\/pages"}],"about":[{"href":"https:\/\/nlp3.mycube.kz\/de\/wp-json\/wp\/v2\/types\/page"}],"author":[{"embeddable":true,"href":"https:\/\/nlp3.mycube.kz\/de\/wp-json\/wp\/v2\/users\/1"}],"replies":[{"embeddable":true,"href":"https:\/\/nlp3.mycube.kz\/de\/wp-json\/wp\/v2\/comments?post=1205"}],"version-history":[{"count":2,"href":"https:\/\/nlp3.mycube.kz\/de\/wp-json\/wp\/v2\/pages\/1205\/revisions"}],"predecessor-version":[{"id":1207,"href":"https:\/\/nlp3.mycube.kz\/de\/wp-json\/wp\/v2\/pages\/1205\/revisions\/1207"}],"wp:attachment":[{"href":"https:\/\/nlp3.mycube.kz\/de\/wp-json\/wp\/v2\/media?parent=1205"}],"curies":[{"name":"wp","href":"https:\/\/api.w.org\/{rel}","templated":true}]}}