{"id":1194,"date":"2025-07-12T21:39:36","date_gmt":"2025-07-12T18:39:36","guid":{"rendered":"https:\/\/nlp3.mycube.kz\/terms-and-conditions\/"},"modified":"2026-03-23T10:09:16","modified_gmt":"2026-03-23T07:09:16","slug":"terms-and-conditions","status":"publish","type":"page","link":"https:\/\/nlp3.mycube.kz\/de\/terms-and-conditions\/","title":{"rendered":"Allgemeine Gesch\u00e4ftsbedingungen"},"content":{"rendered":"<section class=\"l-section wpb_row us_custom_5be59d26 height_huge with_video\"><div id=\"us_bg_video_e95e\" class=\"l-section-video\"><script id=\"us_bg_video_e95e-script\">!function(w){var node = document.getElementById( 'us_bg_video_e95e' );if ( w.innerWidth <= 100 ) { node.remove() }}(window);<\/script><style>@media(max-width:100px){#us_bg_video_e95e{display:none!important}}<\/style><video  autoplay loop muted playsinline preload=\"auto\"><source type=\"video\/webm\" src=\"\/wp-content\/uploads\/2025\/07\/red.webm\" \/><\/video><\/div><div class=\"l-section-h i-cf\"><div class=\"g-cols vc_row via_flex valign_top type_default stacking_default\"><div class=\"vc_col-sm-12 wpb_column vc_column_container\"><div class=\"vc_column-inner\"><div class=\"wpb_wrapper\"><div class=\"w-separator size_custom\" style=\"height:3rem\"><\/div><div class=\"g-cols wpb_row via_flex valign_top type_default stacking_default\"><div class=\"vc_col-sm-12 wpb_column vc_column_container\"><div class=\"vc_column-inner us_custom_558ec5ca\"><div class=\"wpb_wrapper\"><div class=\"wpb_text_column us_custom_6df4bc3a has_text_color\"><div class=\"wpb_wrapper\"><h1>Allgemeine Gesch\u00e4ftsbedingungen<\/h1>\n<\/div><\/div><\/div><\/div><\/div><\/div><div class=\"w-separator us_custom_9321a470 has_text_color size_custom with_line width_default thick_2 style_dashed color_border align_left with_content\" style=\"height:5rem\"><div class=\"w-separator-h\"><i class=\"fas fa-fas fa-dot-circle\"><\/i><\/div><\/div><div class=\"g-cols wpb_row via_flex valign_top type_default stacking_default\"><div class=\"vc_col-sm-6 wpb_column vc_column_container\"><div class=\"vc_column-inner us_custom_dc08afa2\"><div class=\"wpb_wrapper\"><div class=\"w-btn-wrapper align_none\"><a class=\"w-btn us-btn-style_4 us_custom_a61e2493\" href=\"\/platform.html\"><span class=\"w-btn-label\">Jetzt Handeln<\/span><\/a><\/div><\/div><\/div><\/div><div class=\"vc_col-sm-6 wpb_column vc_column_container\"><div class=\"vc_column-inner us_custom_04c40667\"><div class=\"wpb_wrapper\"><nav class=\"g-breadcrumbs us_custom_64e1dcdb has_text_color separator_icon align_none\" itemscope itemtype=\"http:\/\/schema.org\/BreadcrumbList\"><div class=\"g-breadcrumbs-item\" itemscope itemprop=\"itemListElement\" itemtype=\"http:\/\/schema.org\/ListItem\"><a itemprop=\"item\" href=\"https:\/\/nlp3.mycube.kz\/de\/\"><span itemprop=\"name\">Start<\/span><\/a><meta itemprop=\"position\" content=\"1\"\/><\/div><div class=\"g-breadcrumbs-separator\"><i class=\"far fa-angle-right\"><\/i><\/div><div class=\"g-breadcrumbs-item\">Seiten<\/div><\/nav><\/div><\/div><\/div><\/div><div class=\"w-separator hide_on_default hide_on_laptops size_custom\" style=\"height:2rem\"><\/div><\/div><\/div><\/div><\/div><\/div><\/section><section class=\"l-section wpb_row height_auto\"><div class=\"l-section-h i-cf\"><div class=\"g-cols vc_row via_flex valign_top type_default stacking_default\"><div class=\"vc_col-sm-12 wpb_column vc_column_container\"><div class=\"vc_column-inner\"><div class=\"wpb_wrapper\"><div class=\"g-cols wpb_row us_custom_06927fe0 via_flex valign_top type_default stacking_default\"><div class=\"vc_col-sm-12 wpb_column vc_column_container\"><div class=\"vc_column-inner\"><div class=\"wpb_wrapper\"><div class=\"w-image align_center\"><a href=\"#one\" aria-label=\"w-tr\" class=\"w-image-h\"><img decoding=\"async\" width=\"157\" height=\"100\" src=\"https:\/\/nlp3.mycube.kz\/wp-content\/uploads\/2025\/07\/w-tr.png\" class=\"attachment-full size-full\" alt=\"\" loading=\"lazy\" \/><\/a><\/div><\/div><\/div><\/div><\/div><\/div><\/div><\/div><\/div><\/div><\/section><section class=\"l-section wpb_row height_large\" id=\"one\"><div class=\"l-section-h i-cf\"><div class=\"g-cols vc_row via_flex valign_top type_default stacking_default\"><div class=\"vc_col-sm-8 wpb_column vc_column_container ulmoy\"><div class=\"vc_column-inner\"><div class=\"wpb_wrapper\"><div class=\"g-cols wpb_row via_flex valign_top type_default stacking_default\"><div class=\"vc_col-sm-12 wpb_column vc_column_container\"><div class=\"vc_column-inner\"><div class=\"wpb_wrapper\"><div class=\"wpb_text_column\"><div class=\"wpb_wrapper\"><h5>Ben\u00f6tigen Sie Hilfe?<\/h5>\n<p>Sollten Sie Unterst\u00fctzung ben\u00f6tigen, steht Ihnen unser engagiertes Kundenservice-Team bei Fusion CFX mit fachkundiger Beratung zur Seite. Ganz gleich, ob Sie Stop-Loss-Orders einrichten m\u00f6chten oder Fragen zum Handel haben \u2013 wir sind f\u00fcr Sie da, um Ihr Handelserlebnis zu optimieren. Kontaktieren Sie uns f\u00fcr eine individuelle Beratung.<\/p>\n<\/div><\/div><\/div><\/div><\/div><\/div><div class=\"w-separator size_custom\" style=\"height:30px\"><\/div><div class=\"g-cols wpb_row via_flex valign_top type_default stacking_default\"><div class=\"vc_col-sm-12 wpb_column vc_column_container\"><div class=\"vc_column-inner\"><div class=\"wpb_wrapper\"><div class=\"wpb_text_column\"><div class=\"wpb_wrapper\"><h5>Verpflichtung zu Fairness und Einhaltung der Bonusrichtlinien bei Fusion CFX<\/h5>\n<p>Bei Fusion CFX legen wir gro\u00dfen Wert auf faire Gesch\u00e4ftspraktiken. Wir behalten uns das Recht vor, Konten zu sperren, Boni zu widerrufen oder Gelder zur\u00fcckzufordern, wenn wir einen Missbrauch feststellen. Unsere strengen Richtlinien zum Bonusmissbrauch beziehen sich auf Handlungen wie:<\/p>\n<ul>\n<li>Das F\u00fchren mehrerer aktiver Konten oder Unstimmigkeiten zwischen den Namen der Kontoinhaber und den Zahlungsdaten.<\/li>\n<li>Die gemeinsame Nutzung von Zahlungsmethoden oder Bankdaten durch verschiedene Nutzer.<\/li>\n<li>Streitigkeiten im Zusammenhang mit Einzahlungsgeb\u00fchren.<\/li>\n<li>Die Er\u00f6ffnung mehrerer Konten, um Bonusangebote oder Werbeaktionen auszunutzen.<\/li>\n<li>Die Anwendung irref\u00fchrender Handelsstrategien, wie z. B. Cash-Arbitrage, um sich durch Bonusgelder garantierte Gewinne zu sichern.<\/li>\n<\/ul>\n<\/div><\/div><\/div><\/div><\/div><\/div><div class=\"w-separator size_custom\" style=\"height:30px\"><\/div><div class=\"g-cols wpb_row via_flex valign_top type_default stacking_default\"><div class=\"vc_col-sm-12 wpb_column vc_column_container\"><div class=\"vc_column-inner\"><div class=\"wpb_wrapper\"><div class=\"wpb_text_column\"><div class=\"wpb_wrapper\"><h5>Durchsetzungsma\u00dfnahmen von Fusion CFX<\/h5>\n<p>Bei Missbrauch von Bonusangeboten kann Fusion CFX folgende Ma\u00dfnahmen ergreifen:<\/p>\n<ul>\n<li>Alle Gewinne auf dem betroffenen Konto stornieren und einziehen.<\/li>\n<li>Das betreffende Konto schlie\u00dfen.<\/li>\n<li>Alle Gelder auf dem Konto einbehalten.<\/li>\n<li>Der betreffenden Person den Zugang zu k\u00fcnftigen Boni und Werbeaktionen verweigern.<\/li>\n<\/ul>\n<p>Diese Ma\u00dfnahmen dienen dazu, sicherzustellen, dass unsere Werbeangebote ordnungsgem\u00e4\u00df genutzt werden. F\u00fcr weitere Informationen wenden Sie sich bitte an unseren Kundensupport.<\/p>\n<\/div><\/div><\/div><\/div><\/div><\/div><div class=\"w-separator size_custom\" style=\"height:30px\"><\/div><div class=\"g-cols wpb_row via_flex valign_top type_default stacking_default\"><div class=\"vc_col-sm-12 wpb_column vc_column_container\"><div class=\"vc_column-inner\"><div class=\"wpb_wrapper\"><div class=\"wpb_text_column\"><div class=\"wpb_wrapper\"><h5>Haftungsbeschr\u00e4nkung und rechtlicher Rahmen<\/h5>\n<ul>\n<li><strong>Haftungsausschluss:<\/strong><br \/>\nFusion CFX haftet nicht f\u00fcr direkte oder indirekte Sch\u00e4den, die sich aus der Durchsetzung dieser Bonusrichtlinie ergeben, einschlie\u00dflich entgangener Gewinne, Datenverluste oder Einkommensausf\u00e4lle, unabh\u00e4ngig davon, ob die Ziele der Richtlinie erreicht werden.<\/li>\n<li><strong>Gerichtsstand:<\/strong><br \/>\nDiese Bonusrichtlinie unterliegt den ICC-ADR-Regeln. Durch die Nutzung von Fusion CFX erkl\u00e4ren Sie sich damit einverstanden, sich bei allen Streitigkeiten im Zusammenhang mit dieser Richtlinie der Gerichtsbarkeit von St. Vincent und den Grenadinen zu unterwerfen. Dies schr\u00e4nkt unsere Befugnis, Urteile zu vollstrecken oder einstweilige Rechtsbehelfe in anderen zust\u00e4ndigen Gerichtsbarkeiten zu beantragen, nicht ein.<\/li>\n<\/ul>\n<\/div><\/div><\/div><\/div><\/div><\/div><div class=\"w-separator size_custom\" style=\"height:30px\"><\/div><div class=\"g-cols wpb_row via_flex valign_top type_default stacking_default\"><div class=\"vc_col-sm-12 wpb_column vc_column_container\"><div class=\"vc_column-inner\"><div class=\"wpb_wrapper\"><div class=\"wpb_text_column\"><div class=\"wpb_wrapper\"><h5>Lizenzvereinbarung mit Fusion CFX<\/h5>\n<p>Fusion CFX gew\u00e4hrt Ihnen eine beschr\u00e4nkte, nicht ausschlie\u00dfliche und nicht \u00fcbertragbare Lizenz f\u00fcr den Zugriff auf und die Nutzung unserer Plattform, sofern Sie diese Vereinbarung einhalten. Die unbefugte Vervielf\u00e4ltigung oder Nutzung von Materialien dieser Website ohne vorherige schriftliche Zustimmung von Fusion CFX ist strengstens untersagt.<\/p>\n<\/div><\/div><\/div><\/div><\/div><\/div><div class=\"w-separator size_custom\" style=\"height:30px\"><\/div><div class=\"g-cols wpb_row via_flex valign_top type_default stacking_default\"><div class=\"vc_col-sm-12 wpb_column vc_column_container\"><div class=\"vc_column-inner\"><div class=\"wpb_wrapper\"><div class=\"wpb_text_column\"><div class=\"wpb_wrapper\"><h5>Voraussetzungen f\u00fcr den Entzug der Lizenz<\/h5>\n<p>Sollten die von Ihnen gegen\u00fcber Fusion CFX gemachten Angaben, wie beispielsweise Ihre E-Mail-Adresse, falsch sein oder sollten Sie gegen die Bestimmungen dieser Vereinbarung versto\u00dfen, kann Ihre Lizenz zur Nutzung unserer Dienste unverz\u00fcglich widerrufen werden. Solche Verst\u00f6\u00dfe k\u00f6nnen nach unserem Ermessen ohne vorherige Ank\u00fcndigung zur Sperrung des Zugangs, zur Schlie\u00dfung offener Positionen und zur L\u00f6schung von Inhalten f\u00fchren.<\/p>\n<\/div><\/div><\/div><\/div><\/div><\/div><div class=\"w-separator size_custom\" style=\"height:30px\"><\/div><div class=\"g-cols wpb_row via_flex valign_top type_default stacking_default\"><div class=\"vc_col-sm-12 wpb_column vc_column_container\"><div class=\"vc_column-inner\"><div class=\"wpb_wrapper\"><div class=\"wpb_text_column\"><div class=\"wpb_wrapper\"><h5>Best\u00e4tigung des Risikohinweises<\/h5>\n<p>Durch die Nutzung der Website von Fusion CFX erkennen Sie die mit dem Handel verbundenen Risiken an und akzeptieren diese, einschlie\u00dflich der M\u00f6glichkeit von Verlusten. Es ist wichtig, dass Sie diese Risiken vollst\u00e4ndig verstehen, bevor Sie mit Handelsaktivit\u00e4ten beginnen.<\/p>\n<\/div><\/div><\/div><\/div><\/div><\/div><div class=\"w-separator size_custom\" style=\"height:30px\"><\/div><div class=\"g-cols wpb_row via_flex valign_top type_default stacking_default\"><div class=\"vc_col-sm-12 wpb_column vc_column_container\"><div class=\"vc_column-inner\"><div class=\"wpb_wrapper\"><div class=\"wpb_text_column\"><div class=\"wpb_wrapper\"><h5>Beschwerden und Streitbeilegung<\/h5>\n<p>Wir sind bestrebt, Streitigkeiten oder Beschwerden im Rahmen offener Gespr\u00e4che in gutem Glauben beizulegen. Kann keine Einigung erzielt werden, kann jede Partei ein vertrauliches Schiedsverfahren gem\u00e4\u00df den ICC-ADR-Regeln einleiten. Der Schiedsspruch ist endg\u00fcltig und bindend.<\/p>\n<\/div><\/div><\/div><\/div><\/div><\/div><div class=\"w-separator size_custom\" style=\"height:30px\"><\/div><div class=\"g-cols wpb_row via_flex valign_top type_default stacking_default\"><div class=\"vc_col-sm-12 wpb_column vc_column_container\"><div class=\"vc_column-inner\"><div class=\"wpb_wrapper\"><div class=\"wpb_text_column\"><div class=\"wpb_wrapper\"><h5>Schutz der Privatsph\u00e4re von Kindern im Internet<\/h5>\n<p>Wir setzen uns f\u00fcr den Schutz der Privatsph\u00e4re von Kindern im Internet ein. Unsere Dienste richten sich nicht an Personen unter 18 Jahren, und wir erheben wissentlich keine personenbezogenen Daten von Minderj\u00e4hrigen. Wir empfehlen Eltern, die Internetnutzung ihrer Kinder zu beaufsichtigen.<\/p>\n<\/div><\/div><\/div><\/div><\/div><\/div><div class=\"w-separator size_custom\" style=\"height:30px\"><\/div><div class=\"g-cols wpb_row via_flex valign_top type_default stacking_default\"><div class=\"vc_col-sm-12 wpb_column vc_column_container\"><div class=\"vc_column-inner\"><div class=\"wpb_wrapper\"><div class=\"wpb_text_column\"><div class=\"wpb_wrapper\"><h5>Verwendung von Finanzinformationen<\/h5>\n<p>Die Finanzdaten auf der Fusion CFX-Plattform dienen ausschlie\u00dflich allgemeinen Informationszwecken und sind nicht als konkrete Anlageberatung zu verstehen.<\/p>\n<ul>\n<li><strong>Haftungsausschluss bez\u00fcglich Richtigkeit und Aktualit\u00e4t:<\/strong><br \/>\nFusion CFX \u00fcbernimmt keine Gew\u00e4hr f\u00fcr die Richtigkeit, Vollst\u00e4ndigkeit oder Aktualit\u00e4t der bereitgestellten Finanzdaten. Die Nutzer sind daf\u00fcr verantwortlich, die Relevanz und Richtigkeit dieser Informationen entsprechend ihren individuellen Bed\u00fcrfnissen zu \u00fcberpr\u00fcfen.<\/li>\n<li><strong>Richtlinie zur \u00dcberarbeitung von Informationen:<\/strong><br \/>\nFusion CFX beh\u00e4lt sich das Recht vor, die Bereitstellung von Finanzinformationen jederzeit ohne vorherige Ank\u00fcndigung einzustellen oder zu \u00e4ndern.<\/li>\n<\/ul>\n<\/div><\/div><\/div><\/div><\/div><\/div><div class=\"w-separator size_custom\" style=\"height:30px\"><\/div><div class=\"g-cols wpb_row via_flex valign_top type_default stacking_default\"><div class=\"vc_col-sm-12 wpb_column vc_column_container\"><div class=\"vc_column-inner\"><div class=\"wpb_wrapper\"><div class=\"wpb_text_column\"><div class=\"wpb_wrapper\"><h5>Haftungsausschluss f\u00fcr externe Links und Websites Dritter<\/h5>\n<p>Links zu externen Websites dienen lediglich der Benutzerfreundlichkeit. Fusion CFX unterst\u00fctzt die Inhalte von Websites Dritter nicht und \u00fcbernimmt keine Verantwortung daf\u00fcr. Nutzer sollten die mit dem Besuch dieser externen Websites verbundenen Risiken selbstst\u00e4ndig abw\u00e4gen.<\/p>\n<\/div><\/div><\/div><\/div><\/div><\/div><div class=\"w-separator size_custom\" style=\"height:30px\"><\/div><div class=\"g-cols wpb_row via_flex valign_top type_default stacking_default\"><div class=\"vc_col-sm-12 wpb_column vc_column_container\"><div class=\"vc_column-inner\"><div class=\"wpb_wrapper\"><div class=\"wpb_text_column\"><div class=\"wpb_wrapper\"><h5>Widerrufs- und Ablehnungsrechte<\/h5>\n<p>Fusion CFX beh\u00e4lt sich das Recht vor, Dienstleistungen zu verweigern oder zu stornieren und Gewinnauszahlungen zur\u00fcckzuhalten, falls auf unserer Plattform verd\u00e4chtige Aktivit\u00e4ten oder Verst\u00f6\u00dfe gegen diese Vereinbarung festgestellt werden.<\/p>\n<\/div><\/div><\/div><\/div><\/div><\/div><div class=\"w-separator size_custom\" style=\"height:30px\"><\/div><div class=\"g-cols wpb_row via_flex valign_top type_default stacking_default\"><div class=\"vc_col-sm-12 wpb_column vc_column_container\"><div class=\"vc_column-inner\"><div class=\"wpb_wrapper\"><div class=\"wpb_text_column\"><div class=\"wpb_wrapper\"><h5>Verf\u00fcgbarkeit des Dienstes in bestimmten Regionen<\/h5>\n<p>Aufgrund gesetzlicher und regulatorischer Auflagen kann es sein, dass Fusion CFX in einigen Regionen keine Handelsdienstleistungen anbieten kann.<\/p>\n<p>F\u00fcr weitere Informationen zu unseren Richtlinien oder Nutzungsbedingungen wenden Sie sich bitte an unseren Kundensupport unter support@fusioncfx.com. Wir sind weiterhin bestrebt, allen unseren Kunden ein sicheres, transparentes und vorschriftsm\u00e4\u00dfiges Handelsumfeld zu bieten.<\/p>\n<\/div><\/div><\/div><\/div><\/div><\/div><\/div><\/div><\/div><div class=\"vc_col-sm-4 wpb_column vc_column_container\"><div class=\"vc_column-inner type_sticky\"><div class=\"wpb_wrapper\"><div class=\"g-cols wpb_row via_flex valign_top type_boxes stacking_default\"><div class=\"vc_col-sm-12 wpb_column vc_column_container has_bg_color\"><div class=\"vc_column-inner us_custom_cbd1df16\"><div class=\"wpb_wrapper\"><section class=\"l-section wpb_row height_auto width_full\"><div class=\"l-section-h i-cf\"><div class=\"g-cols vc_row via_flex valign_top type_default stacking_default\"><div class=\"vc_col-sm-12 wpb_column vc_column_container\"><div class=\"vc_column-inner\"><div class=\"wpb_wrapper\"><div class=\"g-cols wpb_row side-a via_flex valign_top type_default stacking_default\"><div class=\"vc_col-sm-12 wpb_column vc_column_container\"><div class=\"vc_column-inner\"><div class=\"wpb_wrapper\"><div class=\"wpb_text_column\"><div class=\"wpb_wrapper\"><h5>Andere Richtlinien<\/h5>\n<\/div><\/div><div class=\"w-separator size_custom\" style=\"height:30px\"><\/div><div class=\"wpb_text_column ulmoy link-ul\"><div class=\"wpb_wrapper\"><ul>\n<li><a href=\"\/de\/risk-disclosure\/\">Risikohinweis<\/a><\/li>\n<li><a href=\"\/de\/kyc-process\/\">KYC-Prozess<\/a><\/li>\n<li><a href=\"\/de\/bonus-terms-and-conditions\/\">Bonusbedingungen<\/a><\/li>\n<li><a href=\"\/de\/terms-and-conditions\/\">Allgemeine Gesch\u00e4ftsbedingungen<\/a><\/li>\n<li><a href=\"\/de\/cookie-policy\/\">Cookie-Richtlinie<\/a><\/li>\n<li><a href=\"\/de\/privacy-policy\/\">Datenschutzrichtlinie<\/a><\/li>\n<li><a href=\"\/de\/complaints-dispute-policy\/\">Die Beschwerde- und Streitbeilegungsrichtlinie<\/a><\/li>\n<\/ul>\n<\/div><\/div><\/div><\/div><\/div><\/div><\/div><\/div><\/div><\/div><\/div><\/section>\n<\/div><\/div><\/div><\/div><\/div><\/div><\/div><\/div><\/div><\/section>\n","protected":false},"excerpt":{"rendered":"Allgemeine Gesch\u00e4ftsbedingungen Jetzt HandelnStartSeitenBen\u00f6tigen Sie Hilfe? Sollten Sie Unterst\u00fctzung ben\u00f6tigen, steht Ihnen unser engagiertes Kundenservice-Team bei Fusion CFX mit fachkundiger Beratung zur Seite. Ganz gleich, ob Sie Stop-Loss-Orders einrichten m\u00f6chten oder Fragen zum Handel haben \u2013 wir sind f\u00fcr Sie da, um Ihr Handelserlebnis zu optimieren. Kontaktieren Sie uns f\u00fcr eine individuelle Beratung. Verpflichtung zu...","protected":false},"author":1,"featured_media":0,"parent":0,"menu_order":0,"comment_status":"closed","ping_status":"closed","template":"","meta":{"footnotes":""},"class_list":["post-1194","page","type-page","status-publish","hentry"],"_links":{"self":[{"href":"https:\/\/nlp3.mycube.kz\/de\/wp-json\/wp\/v2\/pages\/1194","targetHints":{"allow":["GET"]}}],"collection":[{"href":"https:\/\/nlp3.mycube.kz\/de\/wp-json\/wp\/v2\/pages"}],"about":[{"href":"https:\/\/nlp3.mycube.kz\/de\/wp-json\/wp\/v2\/types\/page"}],"author":[{"embeddable":true,"href":"https:\/\/nlp3.mycube.kz\/de\/wp-json\/wp\/v2\/users\/1"}],"replies":[{"embeddable":true,"href":"https:\/\/nlp3.mycube.kz\/de\/wp-json\/wp\/v2\/comments?post=1194"}],"version-history":[{"count":4,"href":"https:\/\/nlp3.mycube.kz\/de\/wp-json\/wp\/v2\/pages\/1194\/revisions"}],"predecessor-version":[{"id":1199,"href":"https:\/\/nlp3.mycube.kz\/de\/wp-json\/wp\/v2\/pages\/1194\/revisions\/1199"}],"wp:attachment":[{"href":"https:\/\/nlp3.mycube.kz\/de\/wp-json\/wp\/v2\/media?parent=1194"}],"curies":[{"name":"wp","href":"https:\/\/api.w.org\/{rel}","templated":true}]}}