{"id":1184,"date":"2025-07-12T20:13:06","date_gmt":"2025-07-12T17:13:06","guid":{"rendered":"https:\/\/nlp3.mycube.kz\/bonus-terms-and-conditions\/"},"modified":"2026-03-23T09:52:31","modified_gmt":"2026-03-23T06:52:31","slug":"bonus-terms-and-conditions","status":"publish","type":"page","link":"https:\/\/nlp3.mycube.kz\/de\/bonus-terms-and-conditions\/","title":{"rendered":"Bonusbedingungen"},"content":{"rendered":"<section class=\"l-section wpb_row us_custom_5be59d26 height_huge with_video\"><div id=\"us_bg_video_i5d5\" class=\"l-section-video\"><script id=\"us_bg_video_i5d5-script\">!function(w){var node = document.getElementById( 'us_bg_video_i5d5' );if ( w.innerWidth <= 100 ) { node.remove() }}(window);<\/script><style>@media(max-width:100px){#us_bg_video_i5d5{display:none!important}}<\/style><video  autoplay loop muted playsinline preload=\"auto\"><source type=\"video\/webm\" src=\"\/wp-content\/uploads\/2025\/07\/red.webm\" \/><\/video><\/div><div class=\"l-section-h i-cf\"><div class=\"g-cols vc_row via_flex valign_top type_default stacking_default\"><div class=\"vc_col-sm-12 wpb_column vc_column_container\"><div class=\"vc_column-inner\"><div class=\"wpb_wrapper\"><div class=\"w-separator size_custom\" style=\"height:3rem\"><\/div><div class=\"g-cols wpb_row via_flex valign_top type_default stacking_default\"><div class=\"vc_col-sm-12 wpb_column vc_column_container\"><div class=\"vc_column-inner us_custom_558ec5ca\"><div class=\"wpb_wrapper\"><div class=\"wpb_text_column us_custom_6df4bc3a has_text_color\"><div class=\"wpb_wrapper\"><h1>Bonusbedingungen<\/h1>\n<\/div><\/div><\/div><\/div><\/div><\/div><div class=\"w-separator us_custom_9321a470 has_text_color size_custom with_line width_default thick_2 style_dashed color_border align_left with_content\" style=\"height:5rem\"><div class=\"w-separator-h\"><i class=\"fas fa-fas fa-dot-circle\"><\/i><\/div><\/div><div class=\"g-cols wpb_row via_flex valign_top type_default stacking_default\"><div class=\"vc_col-sm-9 wpb_column vc_column_container\"><div class=\"vc_column-inner us_custom_dc08afa2\"><div class=\"wpb_wrapper\"><div class=\"w-btn-wrapper align_none\"><a class=\"w-btn us-btn-style_4 us_custom_a61e2493\" href=\"\/platform.html\"><span class=\"w-btn-label\">Jetzt Handeln<\/span><\/a><\/div><\/div><\/div><\/div><div class=\"vc_col-sm-3 wpb_column vc_column_container\"><div class=\"vc_column-inner us_custom_04c40667\"><div class=\"wpb_wrapper\"><nav class=\"g-breadcrumbs us_custom_64e1dcdb has_text_color separator_icon align_none\" itemscope itemtype=\"http:\/\/schema.org\/BreadcrumbList\"><div class=\"g-breadcrumbs-item\" itemscope itemprop=\"itemListElement\" itemtype=\"http:\/\/schema.org\/ListItem\"><a itemprop=\"item\" href=\"https:\/\/nlp3.mycube.kz\/de\/\"><span itemprop=\"name\">Start<\/span><\/a><meta itemprop=\"position\" content=\"1\"\/><\/div><div class=\"g-breadcrumbs-separator\"><i class=\"far fa-angle-right\"><\/i><\/div><div class=\"g-breadcrumbs-item\">Seiten<\/div><\/nav><\/div><\/div><\/div><\/div><div class=\"w-separator hide_on_default hide_on_laptops size_custom\" style=\"height:2rem\"><\/div><\/div><\/div><\/div><\/div><\/div><\/section><section class=\"l-section wpb_row height_auto\"><div class=\"l-section-h i-cf\"><div class=\"g-cols vc_row via_flex valign_top type_default stacking_default\"><div class=\"vc_col-sm-12 wpb_column vc_column_container\"><div class=\"vc_column-inner\"><div class=\"wpb_wrapper\"><div class=\"g-cols wpb_row us_custom_06927fe0 via_flex valign_top type_default stacking_default\"><div class=\"vc_col-sm-12 wpb_column vc_column_container\"><div class=\"vc_column-inner\"><div class=\"wpb_wrapper\"><div class=\"w-image align_center\"><a href=\"#one\" aria-label=\"w-tr\" class=\"w-image-h\"><img decoding=\"async\" width=\"157\" height=\"100\" src=\"https:\/\/nlp3.mycube.kz\/wp-content\/uploads\/2025\/07\/w-tr.png\" class=\"attachment-full size-full\" alt=\"\" loading=\"lazy\" \/><\/a><\/div><\/div><\/div><\/div><\/div><\/div><\/div><\/div><\/div><\/div><\/section><section class=\"l-section wpb_row height_large\" id=\"one\"><div class=\"l-section-h i-cf\"><div class=\"g-cols vc_row via_flex valign_top type_default stacking_default\"><div class=\"vc_col-sm-8 wpb_column vc_column_container ulmoy\"><div class=\"vc_column-inner\"><div class=\"wpb_wrapper\"><div class=\"g-cols wpb_row via_flex valign_top type_default stacking_default\"><div class=\"vc_col-sm-12 wpb_column vc_column_container\"><div class=\"vc_column-inner\"><div class=\"wpb_wrapper\"><div class=\"wpb_text_column\"><div class=\"wpb_wrapper\"><h5>Bleiben Sie auf dem Laufenden mit Fusion CFX Management Ltd \u00ae2026<\/h5>\n<p><strong>Aktuelle Nachrichten und Neuigkeiten<\/strong><br \/>\nDie neuesten Informationen von Fusion CFX Management Ltd finden Sie auf unserer Website unter www.fusioncfx.com. Unser B\u00fcro befindet sich in Waterloo House, Waterloo Road, London SE1 8XD, United Kingdom, und wir freuen uns, unserer Trading-Community exklusive Boni und Sonderaktionen anbieten zu k\u00f6nnen. Ausf\u00fchrliche Informationen entnehmen Sie bitte unseren Bonusrichtlinien, die Teil unserer umfassenden Allgemeinen Gesch\u00e4ftsbedingungen sind, einschlie\u00dflich aller webseitenspezifischen Regeln. Im Falle von Widerspr\u00fcchen gilt folgende Rangfolge:<\/p>\n<ul>\n<li>Bonusbedingungen<\/li>\n<li>Allgemeine Gesch\u00e4ftsbedingungen<\/li>\n<li>Bonusberechtigung und -bedingungen<\/li>\n<\/ul>\n<\/div><\/div><\/div><\/div><\/div><\/div><div class=\"w-separator size_custom\" style=\"height:30px\"><\/div><div class=\"g-cols wpb_row via_flex valign_top type_default stacking_default\"><div class=\"vc_col-sm-12 wpb_column vc_column_container\"><div class=\"vc_column-inner\"><div class=\"wpb_wrapper\"><div class=\"wpb_text_column\"><div class=\"wpb_wrapper\"><h5>Regionale Einschr\u00e4nkungen<\/h5>\n<p>Bestimmte Boni und Werbeaktionen sind aufgrund gesetzlicher Vorschriften m\u00f6glicherweise nur in bestimmten Regionen verf\u00fcgbar. Die Bedingungen f\u00fcr die Auszahlung von Boni k\u00f6nnen je nach den \u00f6rtlichen Gesetzen variieren. F\u00fcr weitere Informationen kontaktieren Sie uns bitte unter support@fusioncfx.com.<\/p>\n<\/div><\/div><\/div><\/div><\/div><\/div><div class=\"w-separator size_custom\" style=\"height:30px\"><\/div><div class=\"g-cols wpb_row via_flex valign_top type_default stacking_default\"><div class=\"vc_col-sm-12 wpb_column vc_column_container\"><div class=\"vc_column-inner\"><div class=\"wpb_wrapper\"><div class=\"wpb_text_column\"><div class=\"wpb_wrapper\"><h5>Beschr\u00e4nkungen f\u00fcr Haushalte<\/h5>\n<p>Sofern nicht anders angegeben, ist pro Haushalt nur ein Bonus oder eine Werbeaktion zul\u00e4ssig, unabh\u00e4ngig davon, wie viele Konten bestehen.<\/p>\n<\/div><\/div><\/div><\/div><\/div><\/div><div class=\"w-separator size_custom\" style=\"height:30px\"><\/div><div class=\"g-cols wpb_row via_flex valign_top type_default stacking_default\"><div class=\"vc_col-sm-12 wpb_column vc_column_container\"><div class=\"vc_column-inner\"><div class=\"wpb_wrapper\"><div class=\"wpb_text_column\"><div class=\"wpb_wrapper\"><h5>\u00c4nderungsrechte<\/h5>\n<p>Fusion CFX beh\u00e4lt sich das Recht vor, Werbeangebote nach eigenem Ermessen ohne vorherige Ank\u00fcndigung zu \u00e4ndern, zu stornieren oder auszusetzen.<\/p>\n<\/div><\/div><\/div><\/div><\/div><\/div><div class=\"w-separator size_custom\" style=\"height:30px\"><\/div><div class=\"g-cols wpb_row via_flex valign_top type_default stacking_default\"><div class=\"vc_col-sm-12 wpb_column vc_column_container\"><div class=\"vc_column-inner\"><div class=\"wpb_wrapper\"><div class=\"wpb_text_column\"><div class=\"wpb_wrapper\"><h5>Zahlungsprobleme<\/h5>\n<p>Wird eine Zahlung vom Zahlungsdienstleister abgelehnt oder storniert, beh\u00e4lt sich Fusion CFX das Recht vor, alle damit verbundenen Boni oder Einnahmen zu widerrufen.<\/p>\n<\/div><\/div><\/div><\/div><\/div><\/div><div class=\"w-separator size_custom\" style=\"height:30px\"><\/div><div class=\"g-cols wpb_row via_flex valign_top type_default stacking_default\"><div class=\"vc_col-sm-12 wpb_column vc_column_container\"><div class=\"vc_column-inner\"><div class=\"wpb_wrapper\"><div class=\"wpb_text_column\"><div class=\"wpb_wrapper\"><h5>Informationen zu Stornierungen und R\u00fcckerstattungen<\/h5>\n<p>Weitere Informationen zur Auszahlung von Geldern finden Sie in unseren Auszahlungs- und R\u00fcckerstattungsrichtlinien.<\/p>\n<\/div><\/div><\/div><\/div><\/div><\/div><div class=\"w-separator size_custom\" style=\"height:30px\"><\/div><div class=\"g-cols wpb_row via_flex valign_top type_default stacking_default\"><div class=\"vc_col-sm-12 wpb_column vc_column_container\"><div class=\"vc_column-inner\"><div class=\"wpb_wrapper\"><div class=\"wpb_text_column\"><div class=\"wpb_wrapper\"><h5>Bonusbedingungen<\/h5>\n<ul>\n<li><strong>Gew\u00e4hrung von Boni<\/strong><br \/>\nFusion CFX kann nach eigenem Ermessen zeitlich begrenzte Boni anbieten, um das Handelskapital bei der Ersteinzahlung oder bei Folgeeinzahlungen zu erh\u00f6hen.<\/li>\n<li><strong>Annahme von Boni<\/strong><br \/>\nDie Annahme eines Bonus ist freiwillig. Indem Sie nach der Annahme eines Bonus weiter handeln, erkl\u00e4ren Sie sich mit den f\u00fcr diesen Bonus geltenden Bedingungen einverstanden.<\/li>\n<li><strong>Einhaltung der Aktionsbedingungen<\/strong><br \/>\nBoni unterliegen bestimmten Anforderungen, wie z. B. Mindesteinzahlungsbetr\u00e4gen oder Handelsvolumen-Zielen, die innerhalb eines festgelegten Zeitraums erreicht werden m\u00fcssen.<\/li>\n<\/ul>\n<\/div><\/div><\/div><\/div><\/div><\/div><div class=\"w-separator size_custom\" style=\"height:30px\"><\/div><div class=\"g-cols wpb_row via_flex valign_top type_default stacking_default\"><div class=\"vc_col-sm-12 wpb_column vc_column_container\"><div class=\"vc_column-inner\"><div class=\"wpb_wrapper\"><div class=\"wpb_text_column\"><div class=\"wpb_wrapper\"><h5>Richtlinien zum Bonusmanagement<\/h5>\n<ul>\n<li><strong>Anforderungen an das Handelsvolumen<\/strong><br \/>\nUm Boni auszahlen zu lassen, m\u00fcssen H\u00e4ndler ein Handelsvolumen in H\u00f6he von 1 Lot pro erhaltenem Bonusbetrag erreichen.<\/li>\n<li><strong>Kontobeschr\u00e4nkungen<\/strong><br \/>\nBoni k\u00f6nnen nicht \u00fcbertragen werden und m\u00fcssen auf dem Konto verbleiben, auf dem sie urspr\u00fcnglich gutgeschrieben wurden.<\/li>\n<li><strong>Widerrufsrecht<\/strong><br \/>\nFusion CFX beh\u00e4lt sich das Recht vor, Boni zu stornieren, wenn der Verdacht auf betr\u00fcgerische Aktivit\u00e4ten besteht.<\/li>\n<li><strong>Ma\u00dfnahmen zur Betrugsbek\u00e4mpfung<\/strong><br \/>\nIm Falle von Betrug oder R\u00fcckbuchungen kann Fusion CFX Gelder einbehalten, die \u00fcber die urspr\u00fcngliche Einzahlung hinausgehen, und rechtliche Schritte einleiten, um Verluste auszugleichen.<\/li>\n<\/ul>\n<\/div><\/div><\/div><\/div><\/div><\/div><div class=\"w-separator size_custom\" style=\"height:30px\"><\/div><div class=\"g-cols wpb_row via_flex valign_top type_default stacking_default\"><div class=\"vc_col-sm-12 wpb_column vc_column_container\"><div class=\"vc_column-inner\"><div class=\"wpb_wrapper\"><div class=\"wpb_text_column\"><div class=\"wpb_wrapper\"><h5>Stop-Loss- und Limit-Orders verstehen<\/h5>\n<ul>\n<li><strong>Stop-Loss-Auftr\u00e4ge<\/strong><br \/>\nDiese Auftr\u00e4ge werden bei Erreichen eines festgelegten Kurses ausgel\u00f6st, aber zum jeweils aktuellen Marktkurs ausgef\u00fchrt.<\/li>\n<li><strong>Limit-Auftr\u00e4ge<\/strong><br \/>\nDiese Auftr\u00e4ge werden so festgelegt, dass sie zu einem bestimmten Kurs oder einem g\u00fcnstigeren Kurs ausgef\u00fchrt werden.<\/li>\n<\/ul>\n<\/div><\/div><\/div><\/div><\/div><\/div><div class=\"w-separator size_custom\" style=\"height:30px\"><\/div><div class=\"g-cols wpb_row via_flex valign_top type_default stacking_default\"><div class=\"vc_col-sm-12 wpb_column vc_column_container\"><div class=\"vc_column-inner\"><div class=\"wpb_wrapper\"><div class=\"wpb_text_column\"><div class=\"wpb_wrapper\"><h5>So optimieren Sie Ihre Stop-Loss-Strategie<\/h5>\n<p>Die Umsetzung einer Stop-Loss-Strategie ist f\u00fcr das Management von Handelsrisiken von entscheidender Bedeutung. Daytrader sollten f\u00fcr jeden Trade Stop-Loss-Limits festlegen, die der potenziellen Marktvolatilit\u00e4t Rechnung tragen.<\/p>\n<\/div><\/div><\/div><\/div><\/div><\/div><div class=\"w-separator size_custom\" style=\"height:30px\"><\/div><div class=\"g-cols wpb_row via_flex valign_top type_default stacking_default\"><div class=\"vc_col-sm-12 wpb_column vc_column_container\"><div class=\"vc_column-inner\"><div class=\"wpb_wrapper\"><div class=\"wpb_text_column\"><div class=\"wpb_wrapper\"><h5>Stop-Loss-Unterst\u00fctzung bei Fusion CFX<\/h5>\n<p>Unser Kundensupport-Team steht Ihnen gerne zur Verf\u00fcgung, um Ihnen bei der Einrichtung von Stop-Loss-Auftr\u00e4gen zu helfen oder andere Fragen zum Handel zu beantworten.<\/p>\n<\/div><\/div><\/div><\/div><\/div><\/div><div class=\"w-separator size_custom\" style=\"height:30px\"><\/div><div class=\"g-cols wpb_row via_flex valign_top type_default stacking_default\"><div class=\"vc_col-sm-12 wpb_column vc_column_container\"><div class=\"vc_column-inner\"><div class=\"wpb_wrapper\"><div class=\"wpb_text_column\"><div class=\"wpb_wrapper\"><h5>Leitfaden f\u00fcr Dienste von Drittanbietern<\/h5>\n<p>Fusion CFX bietet Zugang zu Tools und Diensten von Drittanbietern. Kunden sollten die mit diesen Diensten verbundenen Risiken und Bedingungen sorgf\u00e4ltig pr\u00fcfen. Fusion CFX haftet nicht f\u00fcr Verluste oder Streitigkeiten, die sich aus den Diensten von Drittanbietern ergeben.<\/p>\n<\/div><\/div><\/div><\/div><\/div><\/div><div class=\"w-separator size_custom\" style=\"height:30px\"><\/div><div class=\"g-cols wpb_row via_flex valign_top type_default stacking_default\"><div class=\"vc_col-sm-12 wpb_column vc_column_container\"><div class=\"vc_column-inner\"><div class=\"wpb_wrapper\"><div class=\"wpb_text_column\"><div class=\"wpb_wrapper\"><h5>Haftungsbeschr\u00e4nkung<\/h5>\n<p>Obwohl wir bestrebt sind, einen zuverl\u00e4ssigen und unterbrechungsfreien Service anzubieten, k\u00f6nnen wir nicht garantieren, dass unsere Website oder unsere Dienste frei von technischen Problemen sind. Wir \u00fcbernehmen keine Haftung f\u00fcr St\u00f6rungen, die unsere Online-Systeme, Server oder die Konnektivit\u00e4t beeintr\u00e4chtigen.<\/p>\n<\/div><\/div><\/div><\/div><\/div><\/div><div class=\"w-separator size_custom\" style=\"height:30px\"><\/div><div class=\"g-cols wpb_row via_flex valign_top type_default stacking_default\"><div class=\"vc_col-sm-12 wpb_column vc_column_container\"><div class=\"vc_column-inner\"><div class=\"wpb_wrapper\"><div class=\"wpb_text_column\"><div class=\"wpb_wrapper\"><h5>Rechtlicher Haftungsrahmen<\/h5>\n<p>Soweit dies nach geltendem Recht zul\u00e4ssig ist, beschr\u00e4nkt Fusion CFX seine Haftung f\u00fcr indirekte, zuf\u00e4llige, Folge- oder Strafsch\u00e4den, die sich aus der Nutzung unserer Website oder unserer Dienste ergeben. Dies umfasst auch Handelsverluste, die durch das Vertrauen auf die auf unserer Website bereitgestellten Informationen entstehen. Die maximale Haftung von Fusion CFX gegen\u00fcber einem Kunden \u00fcbersteigt nicht den Gesamtbetrag, den der Kunde f\u00fcr die betreffende Transaktion eingezahlt hat.<\/p>\n<\/div><\/div><\/div><\/div><\/div><\/div><\/div><\/div><\/div><div class=\"vc_col-sm-4 wpb_column vc_column_container\"><div class=\"vc_column-inner type_sticky\"><div class=\"wpb_wrapper\"><div class=\"g-cols wpb_row via_flex valign_top type_boxes stacking_default\"><div class=\"vc_col-sm-12 wpb_column vc_column_container has_bg_color\"><div class=\"vc_column-inner us_custom_cbd1df16\"><div class=\"wpb_wrapper\"><section class=\"l-section wpb_row height_auto width_full\"><div class=\"l-section-h i-cf\"><div class=\"g-cols vc_row via_flex valign_top type_default stacking_default\"><div class=\"vc_col-sm-12 wpb_column vc_column_container\"><div class=\"vc_column-inner\"><div class=\"wpb_wrapper\"><div class=\"g-cols wpb_row side-a via_flex valign_top type_default stacking_default\"><div class=\"vc_col-sm-12 wpb_column vc_column_container\"><div class=\"vc_column-inner\"><div class=\"wpb_wrapper\"><div class=\"wpb_text_column\"><div class=\"wpb_wrapper\"><h5>Andere Richtlinien<\/h5>\n<\/div><\/div><div class=\"w-separator size_custom\" style=\"height:30px\"><\/div><div class=\"wpb_text_column ulmoy link-ul\"><div class=\"wpb_wrapper\"><ul>\n<li><a href=\"\/de\/risk-disclosure\/\">Risikohinweis<\/a><\/li>\n<li><a href=\"\/de\/kyc-process\/\">KYC-Prozess<\/a><\/li>\n<li><a href=\"\/de\/bonus-terms-and-conditions\/\">Bonusbedingungen<\/a><\/li>\n<li><a href=\"\/de\/terms-and-conditions\/\">Allgemeine Gesch\u00e4ftsbedingungen<\/a><\/li>\n<li><a href=\"\/de\/cookie-policy\/\">Cookie-Richtlinie<\/a><\/li>\n<li><a href=\"\/de\/privacy-policy\/\">Datenschutzrichtlinie<\/a><\/li>\n<li><a href=\"\/de\/complaints-dispute-policy\/\">Die Beschwerde- und Streitbeilegungsrichtlinie<\/a><\/li>\n<\/ul>\n<\/div><\/div><\/div><\/div><\/div><\/div><\/div><\/div><\/div><\/div><\/div><\/section>\n<\/div><\/div><\/div><\/div><\/div><\/div><\/div><\/div><\/div><\/section>\n","protected":false},"excerpt":{"rendered":"Bonusbedingungen Jetzt HandelnStartSeitenBleiben Sie auf dem Laufenden mit Fusion CFX Management Ltd \u00ae2026 Aktuelle Nachrichten und Neuigkeiten Die neuesten Informationen von Fusion CFX Management Ltd finden Sie auf unserer Website unter www.fusioncfx.com. Unser B\u00fcro befindet sich in Waterloo House, Waterloo Road, London SE1 8XD, United Kingdom, und wir freuen uns, unserer Trading-Community exklusive Boni und...","protected":false},"author":1,"featured_media":0,"parent":0,"menu_order":0,"comment_status":"closed","ping_status":"closed","template":"","meta":{"footnotes":""},"class_list":["post-1184","page","type-page","status-publish","hentry"],"_links":{"self":[{"href":"https:\/\/nlp3.mycube.kz\/de\/wp-json\/wp\/v2\/pages\/1184","targetHints":{"allow":["GET"]}}],"collection":[{"href":"https:\/\/nlp3.mycube.kz\/de\/wp-json\/wp\/v2\/pages"}],"about":[{"href":"https:\/\/nlp3.mycube.kz\/de\/wp-json\/wp\/v2\/types\/page"}],"author":[{"embeddable":true,"href":"https:\/\/nlp3.mycube.kz\/de\/wp-json\/wp\/v2\/users\/1"}],"replies":[{"embeddable":true,"href":"https:\/\/nlp3.mycube.kz\/de\/wp-json\/wp\/v2\/comments?post=1184"}],"version-history":[{"count":3,"href":"https:\/\/nlp3.mycube.kz\/de\/wp-json\/wp\/v2\/pages\/1184\/revisions"}],"predecessor-version":[{"id":1188,"href":"https:\/\/nlp3.mycube.kz\/de\/wp-json\/wp\/v2\/pages\/1184\/revisions\/1188"}],"wp:attachment":[{"href":"https:\/\/nlp3.mycube.kz\/de\/wp-json\/wp\/v2\/media?parent=1184"}],"curies":[{"name":"wp","href":"https:\/\/api.w.org\/{rel}","templated":true}]}}