{"id":1173,"date":"2025-07-12T19:30:41","date_gmt":"2025-07-12T16:30:41","guid":{"rendered":"https:\/\/nlp3.mycube.kz\/kyc-process\/"},"modified":"2026-03-23T09:33:06","modified_gmt":"2026-03-23T06:33:06","slug":"kyc-process","status":"publish","type":"page","link":"https:\/\/nlp3.mycube.kz\/de\/kyc-process\/","title":{"rendered":"KYC-Prozess"},"content":{"rendered":"<section class=\"l-section wpb_row us_custom_5be59d26 height_huge with_video\"><div id=\"us_bg_video_t93a\" class=\"l-section-video\"><script id=\"us_bg_video_t93a-script\">!function(w){var node = document.getElementById( 'us_bg_video_t93a' );if ( w.innerWidth <= 100 ) { node.remove() }}(window);<\/script><style>@media(max-width:100px){#us_bg_video_t93a{display:none!important}}<\/style><video  autoplay loop muted playsinline preload=\"auto\"><source type=\"video\/webm\" src=\"\/wp-content\/uploads\/2025\/07\/red.webm\" \/><\/video><\/div><div class=\"l-section-h i-cf\"><div class=\"g-cols vc_row via_flex valign_top type_default stacking_default\"><div class=\"vc_col-sm-12 wpb_column vc_column_container\"><div class=\"vc_column-inner\"><div class=\"wpb_wrapper\"><div class=\"w-separator size_custom\" style=\"height:3rem\"><\/div><div class=\"g-cols wpb_row via_flex valign_top type_default stacking_default\"><div class=\"vc_col-sm-12 wpb_column vc_column_container\"><div class=\"vc_column-inner us_custom_558ec5ca\"><div class=\"wpb_wrapper\"><div class=\"wpb_text_column us_custom_6df4bc3a has_text_color\"><div class=\"wpb_wrapper\"><h1>KYC-Prozess<\/h1>\n<\/div><\/div><\/div><\/div><\/div><\/div><div class=\"w-separator us_custom_9321a470 has_text_color size_custom with_line width_default thick_2 style_dashed color_border align_left with_content\" style=\"height:5rem\"><div class=\"w-separator-h\"><i class=\"fas fa-fas fa-dot-circle\"><\/i><\/div><\/div><div class=\"g-cols wpb_row via_flex valign_top type_default stacking_default\"><div class=\"vc_col-sm-9 wpb_column vc_column_container\"><div class=\"vc_column-inner us_custom_dc08afa2\"><div class=\"wpb_wrapper\"><div class=\"w-btn-wrapper align_none\"><a class=\"w-btn us-btn-style_4 us_custom_a61e2493\" href=\"\/platform.html\"><span class=\"w-btn-label\">Jetzt Handeln<\/span><\/a><\/div><\/div><\/div><\/div><div class=\"vc_col-sm-3 wpb_column vc_column_container\"><div class=\"vc_column-inner us_custom_04c40667\"><div class=\"wpb_wrapper\"><nav class=\"g-breadcrumbs us_custom_64e1dcdb has_text_color separator_icon align_none\" itemscope itemtype=\"http:\/\/schema.org\/BreadcrumbList\"><div class=\"g-breadcrumbs-item\" itemscope itemprop=\"itemListElement\" itemtype=\"http:\/\/schema.org\/ListItem\"><a itemprop=\"item\" href=\"https:\/\/nlp3.mycube.kz\/de\/\"><span itemprop=\"name\">Start<\/span><\/a><meta itemprop=\"position\" content=\"1\"\/><\/div><div class=\"g-breadcrumbs-separator\"><i class=\"far fa-angle-right\"><\/i><\/div><div class=\"g-breadcrumbs-item\">Seiten<\/div><\/nav><\/div><\/div><\/div><\/div><div class=\"w-separator hide_on_default hide_on_laptops size_custom\" style=\"height:2rem\"><\/div><\/div><\/div><\/div><\/div><\/div><\/section><section class=\"l-section wpb_row height_auto\"><div class=\"l-section-h i-cf\"><div class=\"g-cols vc_row via_flex valign_top type_default stacking_default\"><div class=\"vc_col-sm-12 wpb_column vc_column_container\"><div class=\"vc_column-inner\"><div class=\"wpb_wrapper\"><div class=\"g-cols wpb_row us_custom_06927fe0 via_flex valign_top type_default stacking_default\"><div class=\"vc_col-sm-12 wpb_column vc_column_container\"><div class=\"vc_column-inner\"><div class=\"wpb_wrapper\"><div class=\"w-image align_center\"><a href=\"#one\" aria-label=\"w-tr\" class=\"w-image-h\"><img decoding=\"async\" width=\"157\" height=\"100\" src=\"https:\/\/nlp3.mycube.kz\/wp-content\/uploads\/2025\/07\/w-tr.png\" class=\"attachment-full size-full\" alt=\"\" loading=\"lazy\" \/><\/a><\/div><\/div><\/div><\/div><\/div><\/div><\/div><\/div><\/div><\/div><\/section><section class=\"l-section wpb_row height_large\" id=\"one\"><div class=\"l-section-h i-cf\"><div class=\"g-cols vc_row via_flex valign_top type_default stacking_default\"><div class=\"vc_col-sm-8 wpb_column vc_column_container ulmoy\"><div class=\"vc_column-inner\"><div class=\"wpb_wrapper\"><div class=\"g-cols wpb_row via_flex valign_top type_default stacking_default\"><div class=\"vc_col-sm-12 wpb_column vc_column_container\"><div class=\"vc_column-inner\"><div class=\"wpb_wrapper\"><div class=\"wpb_text_column\"><div class=\"wpb_wrapper\"><h5>F\u00fcr Ihre Sicherheit: Die umfassenden Ma\u00dfnahmen von Fusion CFX zur Betrugsbek\u00e4mpfung<\/h5>\n<p><strong>Unser Engagement f\u00fcr Betrugsbek\u00e4mpfung und Identit\u00e4tsschutz<\/strong><br \/>\nBei Fusion CFX hat die Gew\u00e4hrleistung Ihrer Sicherheit oberste Priorit\u00e4t. Wir wenden strenge \u201eKnow Your Customer\u201c-Verfahren (KYC) an, um Betrug, Identit\u00e4tsdiebstahl und Finanzkriminalit\u00e4t zu bek\u00e4mpfen. Diese strengen Ma\u00dfnahmen sind entscheidend f\u00fcr die Verhinderung von Geldw\u00e4sche und Terrorismusfinanzierung und gew\u00e4hrleisten ein sicheres Handelsumfeld. Alle Konten, die mit illegalen Aktivit\u00e4ten in Verbindung stehen, werden umgehend geschlossen, und die damit verbundenen Gelder werden beschlagnahmt.<\/p>\n<\/div><\/div><\/div><\/div><\/div><\/div><div class=\"w-separator size_custom\" style=\"height:30px\"><\/div><div class=\"g-cols wpb_row via_flex valign_top type_default stacking_default\"><div class=\"vc_col-sm-12 wpb_column vc_column_container\"><div class=\"vc_column-inner\"><div class=\"wpb_wrapper\"><div class=\"wpb_text_column\"><div class=\"wpb_wrapper\"><h5>Erweiterte Datensicherheit<\/h5>\n<p>Wir setzen modernste Sicherheitstechnologien ein, um Ihre personenbezogenen Daten, Transaktionsdaten und Kontoaktivit\u00e4ten zu sch\u00fctzen. Um einen maximalen Schutz zu gew\u00e4hrleisten, verlangen wir bei allen elektronischen Transaktionen, einschlie\u00dflich Einzahlungen, eine Identit\u00e4tspr\u00fcfung.<\/p>\n<\/div><\/div><\/div><\/div><\/div><\/div><div class=\"w-separator size_custom\" style=\"height:30px\"><\/div><div class=\"g-cols wpb_row via_flex valign_top type_default stacking_default\"><div class=\"vc_col-sm-12 wpb_column vc_column_container\"><div class=\"vc_column-inner\"><div class=\"wpb_wrapper\"><div class=\"wpb_text_column\"><div class=\"wpb_wrapper\"><h5>KYC-Anforderungen f\u00fcr die \u00dcberpr\u00fcfung von Einzahlungen<\/h5>\n<\/div><\/div><\/div><\/div><\/div><\/div><div class=\"w-separator size_custom\" style=\"height:40px\"><\/div><div class=\"g-cols wpb_row via_flex valign_top type_default stacking_default\"><div class=\"vc_col-sm-4 wpb_column vc_column_container\"><div class=\"vc_column-inner\"><div class=\"wpb_wrapper\"><div class=\"w-image us_custom_b77942eb align_none\"><div class=\"w-image-h\"><img decoding=\"async\" width=\"262\" height=\"355\" src=\"https:\/\/nlp3.mycube.kz\/wp-content\/uploads\/2025\/07\/card1.jpg\" class=\"attachment-full size-full\" alt=\"\" loading=\"lazy\" srcset=\"https:\/\/nlp3.mycube.kz\/wp-content\/uploads\/2025\/07\/card1.jpg 262w, https:\/\/nlp3.mycube.kz\/wp-content\/uploads\/2025\/07\/card1-221x300.jpg 221w\" sizes=\"auto, (max-width: 262px) 100vw, 262px\" \/><\/div><\/div><div class=\"wpb_text_column\"><div class=\"wpb_wrapper\"><h6>Identit\u00e4tspr\u00fcfung:<\/h6>\n<p>Reichen Sie eine gut lesbare Farbkopie eines g\u00fcltigen Reisepasses (mit Foto und Unterschrift) oder eines amtlichen Ausweises (Vorder- und R\u00fcckseite) ein.<\/p>\n<\/div><\/div><\/div><\/div><\/div><div class=\"vc_col-sm-4 wpb_column vc_column_container\"><div class=\"vc_column-inner\"><div class=\"wpb_wrapper\"><div class=\"w-image us_custom_b77942eb align_none\"><div class=\"w-image-h\"><img decoding=\"async\" width=\"262\" height=\"355\" src=\"https:\/\/nlp3.mycube.kz\/wp-content\/uploads\/2025\/07\/card02.png\" class=\"attachment-full size-full\" alt=\"\" loading=\"lazy\" srcset=\"https:\/\/nlp3.mycube.kz\/wp-content\/uploads\/2025\/07\/card02.png 262w, https:\/\/nlp3.mycube.kz\/wp-content\/uploads\/2025\/07\/card02-221x300.png 221w\" sizes=\"auto, (max-width: 262px) 100vw, 262px\" \/><\/div><\/div><div class=\"wpb_text_column\"><div class=\"wpb_wrapper\"><h6>Karten\u00fcberpr\u00fcfung:<\/h6>\n<p>Bitte reichen Sie ein Farbfoto Ihrer Kredit- oder Debitkarte ein, auf dem nur die ersten 6 und die letzten 4 Ziffern auf der Vorderseite zu sehen sind. Die CVV-Ziffern und die mittleren Ziffern sollten unkenntlich gemacht werden, w\u00e4hrend Ihre Unterschrift sichtbar sein muss.<\/p>\n<\/div><\/div><\/div><\/div><\/div><div class=\"vc_col-sm-4 wpb_column vc_column_container\"><div class=\"vc_column-inner\"><div class=\"wpb_wrapper\"><div class=\"w-image us_custom_b77942eb align_none\"><div class=\"w-image-h\"><img decoding=\"async\" width=\"262\" height=\"355\" src=\"https:\/\/nlp3.mycube.kz\/wp-content\/uploads\/2025\/07\/card3.jpg\" class=\"attachment-full size-full\" alt=\"\" loading=\"lazy\" srcset=\"https:\/\/nlp3.mycube.kz\/wp-content\/uploads\/2025\/07\/card3.jpg 262w, https:\/\/nlp3.mycube.kz\/wp-content\/uploads\/2025\/07\/card3-221x300.jpg 221w\" sizes=\"auto, (max-width: 262px) 100vw, 262px\" \/><\/div><\/div><div class=\"wpb_text_column\"><div class=\"wpb_wrapper\"><h6>Wohnsitznachweis:<\/h6>\n<p>Legen Sie bitte eine aktuelle Strom-, Gas- oder Wasserrechnung, einen Steuerbescheid oder einen Kontoauszug (ausgestellt innerhalb der letzten 3 Monate) vor, auf dem derselbe Name wie auf Ihrem Ausweis steht.<\/p>\n<\/div><\/div><\/div><\/div><\/div><\/div><div class=\"w-separator size_custom\" style=\"height:30px\"><\/div><div class=\"g-cols wpb_row via_flex valign_top type_default stacking_default\"><div class=\"vc_col-sm-12 wpb_column vc_column_container\"><div class=\"vc_column-inner\"><div class=\"wpb_wrapper\"><div class=\"wpb_text_column\"><div class=\"wpb_wrapper\"><h5>Rechtzeitige Einreichung der Unterlagen<\/h5>\n<p>Um eine z\u00fcgige Bearbeitung Ihrer Transaktionen zu gew\u00e4hrleisten, reichen Sie bitte die erforderlichen Unterlagen so bald wie m\u00f6glich ein. W\u00e4hrend einige Kontofunktionen m\u00f6glicherweise sofort verf\u00fcgbar sind, werden Ein- und Auszahlungen erst nach Abschluss der Verifizierung bearbeitet. Fehlende Unterlagen k\u00f6nnen zur Stornierung von Auszahlungen und zu Einschr\u00e4nkungen Ihres Kontos f\u00fchren.<\/p>\n<\/div><\/div><\/div><\/div><\/div><\/div><div class=\"w-separator size_custom\" style=\"height:30px\"><\/div><div class=\"g-cols wpb_row via_flex valign_top type_default stacking_default\"><div class=\"vc_col-sm-12 wpb_column vc_column_container\"><div class=\"vc_column-inner\"><div class=\"wpb_wrapper\"><div class=\"wpb_text_column\"><div class=\"wpb_wrapper\"><h5>Richtlinien f\u00fcr die Einreichung von Dokumenten<\/h5>\n<ul>\n<li><strong>Hochwertige Bilder:<\/strong> Stellen Sie sicher, dass alle Dokumente klar und gut lesbar sind und in hoher Aufl\u00f6sung erfasst wurden. Speichern Sie die Dateien im JPEG-Format.<\/li>\n<li><strong>Einreichungsprozess:<\/strong> Senden Sie Ihre Dokumente per E-Mail an support@fusioncfx.com.<\/li>\n<\/ul>\n<\/div><\/div><\/div><\/div><\/div><\/div><div class=\"w-separator size_custom\" style=\"height:30px\"><\/div><div class=\"g-cols wpb_row via_flex valign_top type_default stacking_default\"><div class=\"vc_col-sm-12 wpb_column vc_column_container\"><div class=\"vc_column-inner\"><div class=\"wpb_wrapper\"><div class=\"wpb_text_column\"><div class=\"wpb_wrapper\"><h5>Sicherer Umgang mit Dokumenten<\/h5>\n<p>Alle eingereichten Dokumente werden verschl\u00fcsselt und sicher in individuellen Kundenordnern gespeichert, wodurch gew\u00e4hrleistet ist, dass Ihre Daten streng vertraulich behandelt werden.<\/p>\n<\/div><\/div><\/div><\/div><\/div><\/div><div class=\"w-separator size_custom\" style=\"height:30px\"><\/div><div class=\"g-cols wpb_row via_flex valign_top type_default stacking_default\"><div class=\"vc_col-sm-12 wpb_column vc_column_container\"><div class=\"vc_column-inner\"><div class=\"wpb_wrapper\"><div class=\"wpb_text_column\"><div class=\"wpb_wrapper\"><h5>Folgen der Nichteinhaltung der KYC-Vorschriften<\/h5>\n<p>Die Nichteinhaltung der KYC-Verfahren kann unter den folgenden Umst\u00e4nden zu einer w\u00f6chentlichen Strafgeb\u00fchr in H\u00f6he von 5 % f\u00fchren:<\/p>\n<ul>\n<li>Wenn die erforderlichen Unterlagen nicht innerhalb von 5 Werktagen nach Ihrer ersten Einzahlung vorgelegt werden.<\/li>\n<li>Wenn bei weiteren Einzahlungen die Einzahlungserkl\u00e4rung nicht innerhalb von 3 Werktagen eingereicht wird.<\/li>\n<\/ul>\n<p>Ihre Mithilfe ist entscheidend f\u00fcr die Aufrechterhaltung eines sicheren, transparenten und vorschriftsm\u00e4\u00dfigen Handelsumfelds bei Fusion CFX.<\/p>\n<\/div><\/div><\/div><\/div><\/div><\/div><\/div><\/div><\/div><div class=\"vc_col-sm-4 wpb_column vc_column_container\"><div class=\"vc_column-inner type_sticky\"><div class=\"wpb_wrapper\"><div class=\"g-cols wpb_row via_flex valign_top type_boxes stacking_default\"><div class=\"vc_col-sm-12 wpb_column vc_column_container has_bg_color\"><div class=\"vc_column-inner us_custom_cbd1df16\"><div class=\"wpb_wrapper\"><section class=\"l-section wpb_row height_auto width_full\"><div class=\"l-section-h i-cf\"><div class=\"g-cols vc_row via_flex valign_top type_default stacking_default\"><div class=\"vc_col-sm-12 wpb_column vc_column_container\"><div class=\"vc_column-inner\"><div class=\"wpb_wrapper\"><div class=\"g-cols wpb_row side-a via_flex valign_top type_default stacking_default\"><div class=\"vc_col-sm-12 wpb_column vc_column_container\"><div class=\"vc_column-inner\"><div class=\"wpb_wrapper\"><div class=\"wpb_text_column\"><div class=\"wpb_wrapper\"><h5>Andere Richtlinien<\/h5>\n<\/div><\/div><div class=\"w-separator size_custom\" style=\"height:30px\"><\/div><div class=\"wpb_text_column ulmoy link-ul\"><div class=\"wpb_wrapper\"><ul>\n<li><a href=\"\/de\/risk-disclosure\/\">Risikohinweis<\/a><\/li>\n<li><a href=\"\/de\/kyc-process\/\">KYC-Prozess<\/a><\/li>\n<li><a href=\"\/de\/bonus-terms-and-conditions\/\">Bonusbedingungen<\/a><\/li>\n<li><a href=\"\/de\/terms-and-conditions\/\">Allgemeine Gesch\u00e4ftsbedingungen<\/a><\/li>\n<li><a href=\"\/de\/cookie-policy\/\">Cookie-Richtlinie<\/a><\/li>\n<li><a href=\"\/de\/privacy-policy\/\">Datenschutzrichtlinie<\/a><\/li>\n<li><a href=\"\/de\/complaints-dispute-policy\/\">Die Beschwerde- und Streitbeilegungsrichtlinie<\/a><\/li>\n<\/ul>\n<\/div><\/div><\/div><\/div><\/div><\/div><\/div><\/div><\/div><\/div><\/div><\/section>\n<\/div><\/div><\/div><\/div><\/div><\/div><\/div><\/div><\/div><\/section>\n","protected":false},"excerpt":{"rendered":"KYC-Prozess Jetzt HandelnStartSeitenF\u00fcr Ihre Sicherheit: Die umfassenden Ma\u00dfnahmen von Fusion CFX zur Betrugsbek\u00e4mpfung Unser Engagement f\u00fcr Betrugsbek\u00e4mpfung und Identit\u00e4tsschutz Bei Fusion CFX hat die Gew\u00e4hrleistung Ihrer Sicherheit oberste Priorit\u00e4t. Wir wenden strenge \u201eKnow Your Customer\u201c-Verfahren (KYC) an, um Betrug, Identit\u00e4tsdiebstahl und Finanzkriminalit\u00e4t zu bek\u00e4mpfen. Diese strengen Ma\u00dfnahmen sind entscheidend f\u00fcr die Verhinderung von Geldw\u00e4sche und...","protected":false},"author":1,"featured_media":0,"parent":0,"menu_order":0,"comment_status":"closed","ping_status":"closed","template":"","meta":{"footnotes":""},"class_list":["post-1173","page","type-page","status-publish","hentry"],"_links":{"self":[{"href":"https:\/\/nlp3.mycube.kz\/de\/wp-json\/wp\/v2\/pages\/1173","targetHints":{"allow":["GET"]}}],"collection":[{"href":"https:\/\/nlp3.mycube.kz\/de\/wp-json\/wp\/v2\/pages"}],"about":[{"href":"https:\/\/nlp3.mycube.kz\/de\/wp-json\/wp\/v2\/types\/page"}],"author":[{"embeddable":true,"href":"https:\/\/nlp3.mycube.kz\/de\/wp-json\/wp\/v2\/users\/1"}],"replies":[{"embeddable":true,"href":"https:\/\/nlp3.mycube.kz\/de\/wp-json\/wp\/v2\/comments?post=1173"}],"version-history":[{"count":3,"href":"https:\/\/nlp3.mycube.kz\/de\/wp-json\/wp\/v2\/pages\/1173\/revisions"}],"predecessor-version":[{"id":1177,"href":"https:\/\/nlp3.mycube.kz\/de\/wp-json\/wp\/v2\/pages\/1173\/revisions\/1177"}],"wp:attachment":[{"href":"https:\/\/nlp3.mycube.kz\/de\/wp-json\/wp\/v2\/media?parent=1173"}],"curies":[{"name":"wp","href":"https:\/\/api.w.org\/{rel}","templated":true}]}}