{"id":1163,"date":"2025-07-12T16:21:44","date_gmt":"2025-07-12T13:21:44","guid":{"rendered":"https:\/\/nlp3.mycube.kz\/risk-disclosurer\/"},"modified":"2026-03-23T09:20:59","modified_gmt":"2026-03-23T06:20:59","slug":"risk-disclosurer","status":"publish","type":"page","link":"https:\/\/nlp3.mycube.kz\/de\/risk-disclosurer\/","title":{"rendered":"Risikohinweis!"},"content":{"rendered":"<section class=\"l-section wpb_row us_custom_5be59d26 height_huge with_video\"><div id=\"us_bg_video_oe0a\" class=\"l-section-video\"><script id=\"us_bg_video_oe0a-script\">!function(w){var node = document.getElementById( 'us_bg_video_oe0a' );if ( w.innerWidth <= 100 ) { node.remove() }}(window);<\/script><style>@media(max-width:100px){#us_bg_video_oe0a{display:none!important}}<\/style><video  autoplay loop muted playsinline preload=\"auto\"><source type=\"video\/webm\" src=\"\/wp-content\/uploads\/2025\/07\/red.webm\" \/><\/video><\/div><div class=\"l-section-h i-cf\"><div class=\"g-cols vc_row via_flex valign_top type_default stacking_default\"><div class=\"vc_col-sm-12 wpb_column vc_column_container\"><div class=\"vc_column-inner\"><div class=\"wpb_wrapper\"><div class=\"w-separator size_custom\" style=\"height:3rem\"><\/div><div class=\"g-cols wpb_row via_flex valign_top type_default stacking_default\"><div class=\"vc_col-sm-12 wpb_column vc_column_container\"><div class=\"vc_column-inner us_custom_558ec5ca\"><div class=\"wpb_wrapper\"><div class=\"wpb_text_column us_custom_6df4bc3a has_text_color\"><div class=\"wpb_wrapper\"><h1>Risikohinweis!<\/h1>\n<\/div><\/div><\/div><\/div><\/div><\/div><div class=\"w-separator us_custom_9321a470 has_text_color size_custom with_line width_default thick_2 style_dashed color_border align_left with_content\" style=\"height:5rem\"><div class=\"w-separator-h\"><i class=\"fas fa-fas fa-dot-circle\"><\/i><\/div><\/div><div class=\"g-cols wpb_row via_flex valign_top type_default stacking_default\"><div class=\"vc_col-sm-9 wpb_column vc_column_container\"><div class=\"vc_column-inner us_custom_dc08afa2\"><div class=\"wpb_wrapper\"><div class=\"w-btn-wrapper align_none\"><a class=\"w-btn us-btn-style_4 us_custom_a61e2493\" href=\"\/platform.html\"><span class=\"w-btn-label\">Jetzt Handeln<\/span><\/a><\/div><\/div><\/div><\/div><div class=\"vc_col-sm-3 wpb_column vc_column_container\"><div class=\"vc_column-inner us_custom_04c40667\"><div class=\"wpb_wrapper\"><nav class=\"g-breadcrumbs us_custom_64e1dcdb has_text_color separator_icon align_none\" itemscope itemtype=\"http:\/\/schema.org\/BreadcrumbList\"><div class=\"g-breadcrumbs-item\" itemscope itemprop=\"itemListElement\" itemtype=\"http:\/\/schema.org\/ListItem\"><a itemprop=\"item\" href=\"https:\/\/nlp3.mycube.kz\/de\/\"><span itemprop=\"name\">Start<\/span><\/a><meta itemprop=\"position\" content=\"1\"\/><\/div><div class=\"g-breadcrumbs-separator\"><i class=\"far fa-angle-right\"><\/i><\/div><div class=\"g-breadcrumbs-item\">Seiten<\/div><\/nav><\/div><\/div><\/div><\/div><div class=\"w-separator hide_on_default hide_on_laptops size_custom\" style=\"height:2rem\"><\/div><\/div><\/div><\/div><\/div><\/div><\/section><section class=\"l-section wpb_row height_auto\"><div class=\"l-section-h i-cf\"><div class=\"g-cols vc_row via_flex valign_top type_default stacking_default\"><div class=\"vc_col-sm-12 wpb_column vc_column_container\"><div class=\"vc_column-inner\"><div class=\"wpb_wrapper\"><div class=\"g-cols wpb_row us_custom_06927fe0 via_flex valign_top type_default stacking_default\"><div class=\"vc_col-sm-12 wpb_column vc_column_container\"><div class=\"vc_column-inner\"><div class=\"wpb_wrapper\"><div class=\"w-image align_center\"><a href=\"#one\" aria-label=\"w-tr\" class=\"w-image-h\"><img decoding=\"async\" width=\"157\" height=\"100\" src=\"https:\/\/nlp3.mycube.kz\/wp-content\/uploads\/2025\/07\/w-tr.png\" class=\"attachment-full size-full\" alt=\"\" loading=\"lazy\" \/><\/a><\/div><\/div><\/div><\/div><\/div><\/div><\/div><\/div><\/div><\/div><\/section><section class=\"l-section wpb_row height_large\" id=\"one\"><div class=\"l-section-h i-cf\"><div class=\"g-cols vc_row via_flex valign_top type_default stacking_default\"><div class=\"vc_col-sm-8 wpb_column vc_column_container ulmoy\"><div class=\"vc_column-inner\"><div class=\"wpb_wrapper\"><div class=\"g-cols wpb_row via_flex valign_top type_default stacking_default\"><div class=\"vc_col-sm-12 wpb_column vc_column_container\"><div class=\"vc_column-inner\"><div class=\"wpb_wrapper\"><div class=\"wpb_text_column\"><div class=\"wpb_wrapper\"><h5>CFD-Handelsrisiken verstehen mit Fusion CFX<\/h5>\n<p><strong>Die Herausforderungen des CFD-Handels meistern<\/strong><\/p>\n<p>Der Handel mit Differenzkontrakten (CFDs) erfordert ein sorgf\u00e4ltiges Risikomanagement, insbesondere bei der Nutzung von Hebeleffekten. F\u00fcr Anf\u00e4nger oder Personen mit geringer Risikobereitschaft k\u00f6nnen CFDs komplex sein und erhebliche Risiken bergen. Im Gegensatz zum traditionellen Aktienhandel, bei dem oft mit geringeren Hebeleffekten gearbeitet wird, k\u00f6nnen CFDs sowohl Gewinne als auch Verluste vervielfachen.<\/p>\n<\/div><\/div><\/div><\/div><\/div><\/div><div class=\"w-separator size_custom\" style=\"height:30px\"><\/div><div class=\"g-cols wpb_row via_flex valign_top type_default stacking_default\"><div class=\"vc_col-sm-12 wpb_column vc_column_container\"><div class=\"vc_column-inner\"><div class=\"wpb_wrapper\"><div class=\"wpb_text_column\"><div class=\"wpb_wrapper\"><h5>Die wichtigsten Risiken des CFD-Handels<\/h5>\n<ul>\n<li><strong>Marktvolatilit\u00e4t<\/strong> \u2013 CFD-Kurse k\u00f6nnen sich schnell \u00e4ndern, und der Einsatz von Hebeleffekten verst\u00e4rkt sowohl potenzielle Gewinne als auch Verluste.<\/li>\n<li><strong>Vollst\u00e4ndiger Kapitalverlust<\/strong> \u2013 Sie k\u00f6nnen Ihre gesamte Investition verlieren. Handeln Sie nur mit Geld, dessen Verlust Sie verkraften k\u00f6nnen, ohne Ihre finanzielle Sicherheit zu gef\u00e4hrden.<\/li>\n<\/ul>\n<\/div><\/div><\/div><\/div><\/div><\/div><div class=\"w-separator size_custom\" style=\"height:30px\"><\/div><div class=\"g-cols wpb_row via_flex valign_top type_default stacking_default\"><div class=\"vc_col-sm-12 wpb_column vc_column_container\"><div class=\"vc_column-inner\"><div class=\"wpb_wrapper\"><div class=\"wpb_text_column\"><div class=\"wpb_wrapper\"><h5>Wesentliche Risiken beim CFD-Handel<\/h5>\n<ul>\n<li><strong>Marktvolatilit\u00e4t:<\/strong> CFD-Kurse k\u00f6nnen sich schnell \u00e4ndern, und der Einsatz von Hebeleffekten kann potenzielle Verluste vergr\u00f6\u00dfern.<\/li>\n<li><strong>Risiko eines Totalverlusts:<\/strong> Es besteht die M\u00f6glichkeit, dass Sie Ihre gesamte Investition verlieren. Handeln Sie nur mit Geld, dessen Verlust Sie sich leisten k\u00f6nnen, und stellen Sie Ihre finanzielle Sicherheit an erste Stelle.<\/li>\n<\/ul>\n<\/div><\/div><\/div><\/div><\/div><\/div><div class=\"w-separator size_custom\" style=\"height:30px\"><\/div><div class=\"g-cols wpb_row via_flex valign_top type_default stacking_default\"><div class=\"vc_col-sm-12 wpb_column vc_column_container\"><div class=\"vc_column-inner\"><div class=\"wpb_wrapper\"><div class=\"wpb_text_column\"><div class=\"wpb_wrapper\"><h5>Wichtige Sicherheitsma\u00dfnahmen<\/h5>\n<ul>\n<li><strong>Risikobewusstsein:<\/strong> Vergewissern Sie sich, dass Sie die damit verbundenen Risiken vollst\u00e4ndig verstehen, bevor Sie mit dem CFD-Handel beginnen.<\/li>\n<li><strong>Professionelle Beratung:<\/strong> Wenden Sie sich an einen zugelassenen Finanzberater, um fundierte Entscheidungen treffen zu k\u00f6nnen.<\/li>\n<\/ul>\n<\/div><\/div><\/div><\/div><\/div><\/div><div class=\"w-separator size_custom\" style=\"height:30px\"><\/div><div class=\"g-cols wpb_row via_flex valign_top type_default stacking_default\"><div class=\"vc_col-sm-12 wpb_column vc_column_container\"><div class=\"vc_column-inner\"><div class=\"wpb_wrapper\"><div class=\"wpb_text_column\"><div class=\"wpb_wrapper\"><h5>Fusion CFX Haftungsausschluss<\/h5>\n<p>Fusion CFX haftet nicht f\u00fcr Verluste im Zusammenhang mit dem CFD-Handel, einschlie\u00dflich:<\/p>\n<ul>\n<li>Direkte oder indirekte finanzielle Verluste.<\/li>\n<li>Besondere, zuf\u00e4llige oder Folgesch\u00e4den.<\/li>\n<\/ul>\n<\/div><\/div><\/div><\/div><\/div><\/div><div class=\"w-separator size_custom\" style=\"height:30px\"><\/div><div class=\"g-cols wpb_row via_flex valign_top type_default stacking_default\"><div class=\"vc_col-sm-12 wpb_column vc_column_container\"><div class=\"vc_column-inner\"><div class=\"wpb_wrapper\"><div class=\"wpb_text_column\"><div class=\"wpb_wrapper\"><h5>Weitere \u00dcberlegungen<\/h5>\n<ul>\n<li><strong>Risiken beim Copy Trading:<\/strong> Das Kopieren der Strategien anderer Trader bietet keine Erfolgsgarantie. Ihre pers\u00f6nliche finanzielle Situation und Ihre Risikobereitschaft beeinflussen Ihre Ergebnisse.<\/li>\n<li><strong>Vergangene vs. zuk\u00fcnftige Wertentwicklung:<\/strong> Historische Ergebnisse auf der Fusion CFX-Plattform sind keine Garantie f\u00fcr die zuk\u00fcnftige Wertentwicklung. Die bereitgestellten Informationen sind nicht als Finanzberatung oder offizielle Stellungnahme von Fusion CFX zu verstehen.<\/li>\n<\/ul>\n<\/div><\/div><\/div><\/div><\/div><\/div><div class=\"w-separator size_custom\" style=\"height:30px\"><\/div><div class=\"g-cols wpb_row via_flex valign_top type_default stacking_default\"><div class=\"vc_col-sm-12 wpb_column vc_column_container\"><div class=\"vc_column-inner\"><div class=\"wpb_wrapper\"><div class=\"wpb_text_column\"><div class=\"wpb_wrapper\"><h5>Einblicke aus der Trading-Community<\/h5>\n<p>Die Fusion CFX-Trading-Community ist ein wertvoller Ort f\u00fcr den Austausch von Ideen, aber bitte beachten Sie, dass die dort ge\u00e4u\u00dferten Meinungen nicht die offizielle Haltung von Fusion CFX widerspiegeln. F\u00fchren Sie stets eigene gr\u00fcndliche Recherchen durch und lassen Sie sich von Finanzexperten beraten, bevor Sie Handelsentscheidungen treffen.<\/p>\n<\/div><\/div><\/div><\/div><\/div><\/div><\/div><\/div><\/div><div class=\"vc_col-sm-4 wpb_column vc_column_container\"><div class=\"vc_column-inner type_sticky\"><div class=\"wpb_wrapper\"><div class=\"g-cols wpb_row via_flex valign_top type_boxes stacking_default\"><div class=\"vc_col-sm-12 wpb_column vc_column_container has_bg_color\"><div class=\"vc_column-inner us_custom_cbd1df16\"><div class=\"wpb_wrapper\"><section class=\"l-section wpb_row height_auto width_full\"><div class=\"l-section-h i-cf\"><div class=\"g-cols vc_row via_flex valign_top type_default stacking_default\"><div class=\"vc_col-sm-12 wpb_column vc_column_container\"><div class=\"vc_column-inner\"><div class=\"wpb_wrapper\"><div class=\"g-cols wpb_row side-a via_flex valign_top type_default stacking_default\"><div class=\"vc_col-sm-12 wpb_column vc_column_container\"><div class=\"vc_column-inner\"><div class=\"wpb_wrapper\"><div class=\"wpb_text_column\"><div class=\"wpb_wrapper\"><h5>Andere Richtlinien<\/h5>\n<\/div><\/div><div class=\"w-separator size_custom\" style=\"height:30px\"><\/div><div class=\"wpb_text_column ulmoy link-ul\"><div class=\"wpb_wrapper\"><ul>\n<li><a href=\"\/de\/risk-disclosure\/\">Risikohinweis<\/a><\/li>\n<li><a href=\"\/de\/kyc-process\/\">KYC-Prozess<\/a><\/li>\n<li><a href=\"\/de\/bonus-terms-and-conditions\/\">Bonusbedingungen<\/a><\/li>\n<li><a href=\"\/de\/terms-and-conditions\/\">Allgemeine Gesch\u00e4ftsbedingungen<\/a><\/li>\n<li><a href=\"\/de\/cookie-policy\/\">Cookie-Richtlinie<\/a><\/li>\n<li><a href=\"\/de\/privacy-policy\/\">Datenschutzrichtlinie<\/a><\/li>\n<li><a href=\"\/de\/complaints-dispute-policy\/\">Die Beschwerde- und Streitbeilegungsrichtlinie<\/a><\/li>\n<\/ul>\n<\/div><\/div><\/div><\/div><\/div><\/div><\/div><\/div><\/div><\/div><\/div><\/section>\n<\/div><\/div><\/div><\/div><\/div><\/div><\/div><\/div><\/div><\/section>\n","protected":false},"excerpt":{"rendered":"Risikohinweis! Jetzt HandelnStartSeitenCFD-Handelsrisiken verstehen mit Fusion CFX Die Herausforderungen des CFD-Handels meistern Der Handel mit Differenzkontrakten (CFDs) erfordert ein sorgf\u00e4ltiges Risikomanagement, insbesondere bei der Nutzung von Hebeleffekten. F\u00fcr Anf\u00e4nger oder Personen mit geringer Risikobereitschaft k\u00f6nnen CFDs komplex sein und erhebliche Risiken bergen. Im Gegensatz zum traditionellen Aktienhandel, bei dem oft mit geringeren Hebeleffekten gearbeitet wird,...","protected":false},"author":1,"featured_media":0,"parent":0,"menu_order":0,"comment_status":"closed","ping_status":"closed","template":"","meta":{"footnotes":""},"class_list":["post-1163","page","type-page","status-publish","hentry"],"_links":{"self":[{"href":"https:\/\/nlp3.mycube.kz\/de\/wp-json\/wp\/v2\/pages\/1163","targetHints":{"allow":["GET"]}}],"collection":[{"href":"https:\/\/nlp3.mycube.kz\/de\/wp-json\/wp\/v2\/pages"}],"about":[{"href":"https:\/\/nlp3.mycube.kz\/de\/wp-json\/wp\/v2\/types\/page"}],"author":[{"embeddable":true,"href":"https:\/\/nlp3.mycube.kz\/de\/wp-json\/wp\/v2\/users\/1"}],"replies":[{"embeddable":true,"href":"https:\/\/nlp3.mycube.kz\/de\/wp-json\/wp\/v2\/comments?post=1163"}],"version-history":[{"count":3,"href":"https:\/\/nlp3.mycube.kz\/de\/wp-json\/wp\/v2\/pages\/1163\/revisions"}],"predecessor-version":[{"id":1167,"href":"https:\/\/nlp3.mycube.kz\/de\/wp-json\/wp\/v2\/pages\/1163\/revisions\/1167"}],"wp:attachment":[{"href":"https:\/\/nlp3.mycube.kz\/de\/wp-json\/wp\/v2\/media?parent=1163"}],"curies":[{"name":"wp","href":"https:\/\/api.w.org\/{rel}","templated":true}]}}