{"id":1087,"date":"2025-07-10T21:43:16","date_gmt":"2025-07-10T18:43:16","guid":{"rendered":"https:\/\/nlp3.mycube.kz\/why-trade-with\/"},"modified":"2026-03-23T07:35:51","modified_gmt":"2026-03-23T04:35:51","slug":"why-trade-with","status":"publish","type":"page","link":"https:\/\/nlp3.mycube.kz\/de\/why-trade-with\/","title":{"rendered":"Warum mit Fusion CFX handeln?"},"content":{"rendered":"<section class=\"l-section wpb_row us_custom_5be59d26 height_large full_height valign_center with_video\"><div id=\"us_bg_video_z380\" class=\"l-section-video\"><script id=\"us_bg_video_z380-script\">!function(w){var node = document.getElementById( 'us_bg_video_z380' );if ( w.innerWidth <= 100 ) { node.remove() }}(window);<\/script><style>@media(max-width:100px){#us_bg_video_z380{display:none!important}}<\/style><video  autoplay loop muted playsinline preload=\"auto\"><source type=\"video\/webm\" src=\"\/wp-content\/uploads\/2025\/07\/red.webm\" \/><\/video><\/div><div class=\"l-section-h i-cf\"><div class=\"g-cols vc_row via_flex valign_top type_default stacking_default\"><div class=\"vc_col-sm-12 wpb_column vc_column_container\"><div class=\"vc_column-inner\"><div class=\"wpb_wrapper\"><div class=\"g-cols wpb_row via_flex valign_top type_default stacking_default\"><div class=\"vc_col-sm-12 wpb_column vc_column_container\"><div class=\"vc_column-inner us_custom_558ec5ca\"><div class=\"wpb_wrapper\"><div class=\"wpb_text_column us_custom_6df4bc3a has_text_color\"><div class=\"wpb_wrapper\"><h1>Warum sollten Sie sich f\u00fcr Fusion CFX entscheiden, wenn Sie mit dem Trading beginnen?<\/h1>\n<\/div><\/div><\/div><\/div><\/div><\/div><div class=\"w-separator us_custom_9321a470 has_text_color size_custom with_line width_default thick_2 style_dashed color_border align_left with_content\" style=\"height:5rem\"><div class=\"w-separator-h\"><i class=\"fas fa-fas fa-dot-circle\"><\/i><\/div><\/div><div class=\"g-cols wpb_row via_flex valign_top type_default stacking_default\"><div class=\"vc_col-sm-4 wpb_column vc_column_container\"><div class=\"vc_column-inner us_custom_dc08afa2\"><div class=\"wpb_wrapper\"><div class=\"wpb_text_column us_custom_6df4bc3a has_text_color\"><div class=\"wpb_wrapper\"><h4>Werden Sie Teil einer dynamischen, globalen Trading-Community<\/h4>\n<p>Werden Sie Teil eines florierenden Netzwerks von \u00fcber 100.000 Tradern, die auf Fusion CFX vertrauen, um ihren Handelserfolg voranzutreiben!<\/p>\n<\/div><\/div><\/div><\/div><\/div><div class=\"vc_col-sm-4 wpb_column vc_column_container\"><div class=\"vc_column-inner us_custom_558ec5ca\"><div class=\"wpb_wrapper\"><div class=\"wpb_text_column us_custom_6df4bc3a has_text_color\"><div class=\"wpb_wrapper\"><h4>Schnelle und sichere Auszahlungen<\/h4>\n<p>Profitieren Sie von einem hervorragenden Kundensupport, engen Spreads, professionellen Schulungsmaterialien und dem Zugang zu mehr als 300 Handelsinstrumenten.<\/p>\n<\/div><\/div><\/div><\/div><\/div><div class=\"vc_col-sm-4 wpb_column vc_column_container\"><div class=\"vc_column-inner us_custom_04c40667\"><div class=\"wpb_wrapper\"><nav class=\"g-breadcrumbs us_custom_64e1dcdb has_text_color separator_icon align_none\" itemscope itemtype=\"http:\/\/schema.org\/BreadcrumbList\"><div class=\"g-breadcrumbs-item\" itemscope itemprop=\"itemListElement\" itemtype=\"http:\/\/schema.org\/ListItem\"><a itemprop=\"item\" href=\"https:\/\/nlp3.mycube.kz\/de\/\"><span itemprop=\"name\">Start<\/span><\/a><meta itemprop=\"position\" content=\"1\"\/><\/div><div class=\"g-breadcrumbs-separator\"><i class=\"far fa-angle-right\"><\/i><\/div><div class=\"g-breadcrumbs-item\">Seiten<\/div><\/nav><\/div><\/div><\/div><\/div><div class=\"w-separator size_custom\" style=\"height:30px\"><\/div><div class=\"w-btn-wrapper align_none\"><a class=\"w-btn us-btn-style_4 us_custom_a61e2493\" href=\"\/platform.html\"><span class=\"w-btn-label\">Bei Fusion CFX anmelden<\/span><\/a><\/div><div class=\"w-separator hide_on_default hide_on_laptops size_custom\" style=\"height:2rem\"><\/div><\/div><\/div><\/div><\/div><\/div><\/section><section class=\"l-section wpb_row height_auto\"><div class=\"l-section-h i-cf\"><div class=\"g-cols vc_row via_flex valign_top type_default stacking_default\"><div class=\"vc_col-sm-12 wpb_column vc_column_container\"><div class=\"vc_column-inner\"><div class=\"wpb_wrapper\"><div class=\"g-cols wpb_row us_custom_06927fe0 via_flex valign_top type_default stacking_default\"><div class=\"vc_col-sm-12 wpb_column vc_column_container\"><div class=\"vc_column-inner\"><div class=\"wpb_wrapper\"><div class=\"w-image align_center\"><a href=\"#one\" aria-label=\"w-tr\" class=\"w-image-h\"><img decoding=\"async\" width=\"157\" height=\"100\" src=\"https:\/\/nlp3.mycube.kz\/wp-content\/uploads\/2025\/07\/w-tr.png\" class=\"attachment-full size-full\" alt=\"\" loading=\"lazy\" \/><\/a><\/div><\/div><\/div><\/div><\/div><\/div><\/div><\/div><\/div><\/div><\/section><section class=\"l-section wpb_row height_large\" id=\"one\"><div class=\"l-section-h i-cf\"><div class=\"g-cols vc_row via_flex valign_top type_default stacking_default\"><div class=\"vc_col-sm-12 wpb_column vc_column_container\"><div class=\"vc_column-inner\"><div class=\"wpb_wrapper\"><div class=\"g-cols wpb_row via_flex valign_middle type_default stacking_default\"><div class=\"vc_col-sm-6 wpb_column vc_column_container\"><div class=\"vc_column-inner us_custom_558ec5ca\"><div class=\"wpb_wrapper\"><div class=\"wpb_text_column\"><div class=\"wpb_wrapper\"><h2>Was zeichnet<br \/>\nFusion CFX aus?<\/h2>\n<p>Vertrauen muss man sich verdienen. Erfahren Sie, warum Tausende von Tradern Fusion CFX zu ihrem bevorzugten Handelspartner machen \u2013 sehen Sie sich unsere Bewertungen auf TrustPilot an. Fusion CFX ist mehr als nur eine Plattform \u2013 es ist Ihr zuverl\u00e4ssiger Zugang zu den Finanzm\u00e4rkten.<\/p>\n<\/div><\/div><div class=\"w-separator size_custom\" style=\"height:30px\"><\/div><div class=\"w-btn-wrapper align_none\"><a class=\"w-btn us-btn-style_3 us_custom_a61e2493\" href=\"\/platform.html\"><span class=\"w-btn-label\">Starten Sie noch heute mit dem Handel<\/span><\/a><\/div><\/div><\/div><\/div><div class=\"vc_col-sm-6 wpb_column vc_column_container\"><div class=\"vc_column-inner\"><div class=\"wpb_wrapper\"><div class=\"w-image align_center\"><div class=\"w-image-h\"><img decoding=\"async\" width=\"700\" height=\"545\" src=\"https:\/\/nlp3.mycube.kz\/wp-content\/uploads\/2025\/07\/img-ab.png\" class=\"attachment-full size-full\" alt=\"\" loading=\"lazy\" srcset=\"https:\/\/nlp3.mycube.kz\/wp-content\/uploads\/2025\/07\/img-ab.png 700w, https:\/\/nlp3.mycube.kz\/wp-content\/uploads\/2025\/07\/img-ab-300x234.png 300w\" sizes=\"auto, (max-width: 700px) 100vw, 700px\" \/><\/div><\/div><\/div><\/div><\/div><\/div><\/div><\/div><\/div><\/div><\/div><\/section><section class=\"l-section wpb_row us_custom_6d6b4184 height_large with_img\"><div class=\"l-section-img\" role=\"img\" data-img-width=\"1389\" data-img-height=\"695\" style=\"background-image: url(https:\/\/nlp3.mycube.kz\/wp-content\/uploads\/2025\/07\/map-bg.png);background-repeat: no-repeat;background-size: auto;\"><\/div><div class=\"l-section-h i-cf\"><div class=\"g-cols vc_row via_flex valign_middle type_default stacking_default\"><div class=\"vc_col-sm-12 wpb_column vc_column_container\"><div class=\"vc_column-inner\"><div class=\"wpb_wrapper\"><div class=\"g-cols wpb_row us_custom_00f6bd43 via_flex valign_top type_default stacking_default\"><div class=\"vc_col-sm-2 wpb_column vc_column_container hide_on_tablets hide_on_mobiles\"><div class=\"vc_column-inner\"><div class=\"wpb_wrapper\"><\/div><\/div><\/div><div class=\"vc_col-sm-8 wpb_column vc_column_container\"><div class=\"vc_column-inner\"><div class=\"wpb_wrapper\"><div class=\"wpb_text_column us_custom_d44d8758 has_text_color\"><div class=\"wpb_wrapper\"><h2>Mit Fusion CFX immer einen Schritt voraus<\/h2>\n<p>Angesichts der Ver\u00e4nderungen auf den globalen M\u00e4rkten sorgen wir daf\u00fcr, dass Sie immer einen Schritt voraus sind \u2013 dank Engagements in sechs wichtigen Anlageklassen, darunter Kryptow\u00e4hrungen. Erweitern Sie Ihren Handelshorizont mit:<\/p>\n<\/div><\/div><\/div><\/div><\/div><\/div><div class=\"w-separator size_custom\" style=\"height:4rem\" id=\"ua1e\"><style>@media(max-width:767px){ #ua1e{height:3rem!important}}<\/style><\/div><div class=\"g-cols wpb_row us_custom_a2ebf4ae via_flex valign_top type_boxes stacking_default\" style=\"--additional-gap:0.8rem;\"><div class=\"vc_col-sm-4 wpb_column vc_column_container has_bg_color\"><div class=\"vc_column-inner us_custom_faa0be66\"><div class=\"wpb_wrapper\"><div class=\"w-hwrapper valign_middle align_justify\"><div class=\"w-iconbox us_custom_8c76d458 icon_hm iconpos_left style_default color_primary align_left no_text icontype_img\"><div class=\"w-iconbox-icon\" style=\"font-size:70px;\"><img loading=\"lazy\" decoding=\"async\" width=\"70\" height=\"70\" src=\"https:\/\/nlp3.mycube.kz\/wp-content\/uploads\/2025\/07\/i1.png\" class=\"attachment-full size-full\" alt=\"\" \/><\/div><div class=\"w-iconbox-meta\"><h4 class=\"w-iconbox-title\" style=\"font-size:18px;\">Forex<\/h4><\/div><\/div><div class=\"w-image us_custom_d779bd05 align_none\"><div class=\"w-image-h\"><img decoding=\"async\" width=\"187\" height=\"89\" src=\"https:\/\/nlp3.mycube.kz\/wp-content\/uploads\/2025\/07\/gr-rd.png\" class=\"attachment-full size-full\" alt=\"\" loading=\"lazy\" \/><\/div><\/div><\/div><\/div><\/div><\/div><div class=\"vc_col-sm-4 wpb_column vc_column_container has_bg_color\"><div class=\"vc_column-inner us_custom_faa0be66\"><div class=\"wpb_wrapper\"><div class=\"w-hwrapper valign_middle align_justify\"><div class=\"w-iconbox us_custom_8c76d458 icon_hm iconpos_left style_default color_primary align_left no_text icontype_img\"><div class=\"w-iconbox-icon\" style=\"font-size:70px;\"><img loading=\"lazy\" decoding=\"async\" width=\"70\" height=\"70\" src=\"https:\/\/nlp3.mycube.kz\/wp-content\/uploads\/2025\/07\/i2.png\" class=\"attachment-full size-full\" alt=\"\" \/><\/div><div class=\"w-iconbox-meta\"><h4 class=\"w-iconbox-title\" style=\"font-size:18px;\">Kryptow\u00e4hrungen<\/h4><\/div><\/div><div class=\"w-image us_custom_d779bd05 align_none\"><div class=\"w-image-h\"><img decoding=\"async\" width=\"187\" height=\"89\" src=\"https:\/\/nlp3.mycube.kz\/wp-content\/uploads\/2025\/07\/gr-rd.png\" class=\"attachment-full size-full\" alt=\"\" loading=\"lazy\" \/><\/div><\/div><\/div><\/div><\/div><\/div><div class=\"vc_col-sm-4 wpb_column vc_column_container has_bg_color\"><div class=\"vc_column-inner us_custom_faa0be66\"><div class=\"wpb_wrapper\"><div class=\"w-hwrapper valign_middle align_justify\"><div class=\"w-iconbox us_custom_8c76d458 icon_hm iconpos_left style_default color_primary align_left no_text icontype_img\"><div class=\"w-iconbox-icon\" style=\"font-size:70px;\"><img loading=\"lazy\" decoding=\"async\" width=\"70\" height=\"70\" src=\"https:\/\/nlp3.mycube.kz\/wp-content\/uploads\/2025\/07\/i3.png\" class=\"attachment-full size-full\" alt=\"\" \/><\/div><div class=\"w-iconbox-meta\"><h4 class=\"w-iconbox-title\" style=\"font-size:18px;\">Aktien<\/h4><\/div><\/div><div class=\"w-image us_custom_d779bd05 align_none\"><div class=\"w-image-h\"><img decoding=\"async\" width=\"187\" height=\"89\" src=\"https:\/\/nlp3.mycube.kz\/wp-content\/uploads\/2025\/07\/gr-rd.png\" class=\"attachment-full size-full\" alt=\"\" loading=\"lazy\" \/><\/div><\/div><\/div><\/div><\/div><\/div><\/div><div class=\"w-separator hide_on_tablets hide_on_mobiles size_custom\" style=\"height:1.4rem\"><\/div><div class=\"g-cols wpb_row us_custom_a2ebf4ae via_flex valign_top type_boxes stacking_default\" style=\"--additional-gap:0.8rem;\"><div class=\"vc_col-sm-4 wpb_column vc_column_container has_bg_color\"><div class=\"vc_column-inner us_custom_faa0be66\"><div class=\"wpb_wrapper\"><div class=\"w-hwrapper valign_middle align_justify\"><div class=\"w-iconbox us_custom_8c76d458 icon_hm iconpos_left style_default color_primary align_left no_text icontype_img\"><div class=\"w-iconbox-icon\" style=\"font-size:70px;\"><img loading=\"lazy\" decoding=\"async\" width=\"70\" height=\"70\" src=\"https:\/\/nlp3.mycube.kz\/wp-content\/uploads\/2025\/07\/i5.png\" class=\"attachment-full size-full\" alt=\"\" \/><\/div><div class=\"w-iconbox-meta\"><h4 class=\"w-iconbox-title\" style=\"font-size:18px;\">Metalle<\/h4><\/div><\/div><div class=\"w-image us_custom_d779bd05 align_none\"><div class=\"w-image-h\"><img decoding=\"async\" width=\"187\" height=\"89\" src=\"https:\/\/nlp3.mycube.kz\/wp-content\/uploads\/2025\/07\/gr-rd.png\" class=\"attachment-full size-full\" alt=\"\" loading=\"lazy\" \/><\/div><\/div><\/div><\/div><\/div><\/div><div class=\"vc_col-sm-4 wpb_column vc_column_container has_bg_color\"><div class=\"vc_column-inner us_custom_faa0be66\"><div class=\"wpb_wrapper\"><div class=\"w-hwrapper valign_middle align_justify\"><div class=\"w-iconbox us_custom_8c76d458 icon_hm iconpos_left style_default color_primary align_left no_text icontype_img\"><div class=\"w-iconbox-icon\" style=\"font-size:70px;\"><img loading=\"lazy\" decoding=\"async\" width=\"70\" height=\"70\" src=\"https:\/\/nlp3.mycube.kz\/wp-content\/uploads\/2025\/07\/i4.png\" class=\"attachment-full size-full\" alt=\"\" \/><\/div><div class=\"w-iconbox-meta\"><h4 class=\"w-iconbox-title\" style=\"font-size:18px;\">Indizes<\/h4><\/div><\/div><div class=\"w-image us_custom_d779bd05 align_none\"><div class=\"w-image-h\"><img decoding=\"async\" width=\"187\" height=\"89\" src=\"https:\/\/nlp3.mycube.kz\/wp-content\/uploads\/2025\/07\/gr-rd.png\" class=\"attachment-full size-full\" alt=\"\" loading=\"lazy\" \/><\/div><\/div><\/div><\/div><\/div><\/div><div class=\"vc_col-sm-4 wpb_column vc_column_container has_bg_color\"><div class=\"vc_column-inner us_custom_faa0be66\"><div class=\"wpb_wrapper\"><div class=\"w-hwrapper valign_middle align_justify\"><div class=\"w-iconbox us_custom_8c76d458 icon_hm iconpos_left style_default color_primary align_left no_text icontype_img\"><div class=\"w-iconbox-icon\" style=\"font-size:70px;\"><img loading=\"lazy\" decoding=\"async\" width=\"70\" height=\"70\" src=\"https:\/\/nlp3.mycube.kz\/wp-content\/uploads\/2025\/07\/i6.png\" class=\"attachment-full size-full\" alt=\"\" \/><\/div><div class=\"w-iconbox-meta\"><h4 class=\"w-iconbox-title\" style=\"font-size:18px;\">Energie<\/h4><\/div><\/div><div class=\"w-image us_custom_d779bd05 align_none\"><div class=\"w-image-h\"><img decoding=\"async\" width=\"187\" height=\"89\" src=\"https:\/\/nlp3.mycube.kz\/wp-content\/uploads\/2025\/07\/gr-rd.png\" class=\"attachment-full size-full\" alt=\"\" loading=\"lazy\" \/><\/div><\/div><\/div><\/div><\/div><\/div><\/div><\/div><\/div><\/div><\/div><\/div><\/section><section class=\"l-section wpb_row height_auto\"><div class=\"l-section-h i-cf\"><div class=\"g-cols vc_row via_flex valign_top type_default stacking_default\"><div class=\"vc_col-sm-12 wpb_column vc_column_container\"><div class=\"vc_column-inner\"><div class=\"wpb_wrapper\"><div class=\"g-cols wpb_row us_custom_00f6bd43 via_flex valign_middle type_default stacking_default\"><div class=\"vc_col-sm-6 wpb_column vc_column_container\"><div class=\"vc_column-inner\"><div class=\"wpb_wrapper\"><div class=\"wpb_text_column us_custom_558ec5ca\"><div class=\"wpb_wrapper\"><h2>Verwandeln Sie Ihre finanziellen Ziele in Erfolge<\/h2>\n<p>Unser spezialisiertes Schulungsprogramm vermittelt Ihnen die F\u00e4higkeiten und Strategien, die Sie f\u00fcr Ihren Erfolg ben\u00f6tigen. Wir wissen, dass der Weg jedes Traders einzigartig ist, und stellen Ihnen die Ressourcen zur Verf\u00fcgung, die Ihnen helfen, Ihre finanziellen Ziele zu erreichen.<\/p>\n<\/div><\/div><div class=\"w-separator size_custom\" style=\"height:30px\"><\/div><div class=\"w-btn-wrapper align_none\"><a class=\"w-btn us-btn-style_1 us_custom_a61e2493\" href=\"\/platform.html\"><span class=\"w-btn-label\">Jetzt mit dem Handel beginnen<\/span><\/a><\/div><\/div><\/div><\/div><div class=\"vc_col-sm-6 wpb_column vc_column_container\"><div class=\"vc_column-inner\"><div class=\"wpb_wrapper\"><div data-us-scroll=\"{&quot;from_initial_position&quot;:&quot;0&quot;,&quot;start_position&quot;:&quot;0%&quot;,&quot;end_position&quot;:&quot;100%&quot;,&quot;delay&quot;:&quot;0s&quot;,&quot;translate_y_direction&quot;:&quot;up&quot;,&quot;translate_y_speed&quot;:&quot;0.1x&quot;}\" class=\"w-image us_custom_31a99124 hide_on_tablets hide_on_mobiles has_scroll_effects has_translate_y align_none\"><div class=\"w-image-h\"><img decoding=\"async\" width=\"607\" height=\"547\" src=\"https:\/\/nlp3.mycube.kz\/wp-content\/uploads\/2025\/07\/coins-4.png\" class=\"attachment-full size-full\" alt=\"\" loading=\"lazy\" srcset=\"https:\/\/nlp3.mycube.kz\/wp-content\/uploads\/2025\/07\/coins-4.png 607w, https:\/\/nlp3.mycube.kz\/wp-content\/uploads\/2025\/07\/coins-4-300x270.png 300w\" sizes=\"auto, (max-width: 607px) 100vw, 607px\" \/><\/div><\/div><div data-us-scroll=\"{&quot;from_initial_position&quot;:&quot;0&quot;,&quot;start_position&quot;:&quot;0%&quot;,&quot;end_position&quot;:&quot;100%&quot;,&quot;delay&quot;:&quot;0s&quot;,&quot;translate_y_direction&quot;:&quot;down&quot;,&quot;translate_y_speed&quot;:&quot;0.1x&quot;}\" class=\"w-image has_scroll_effects has_translate_y align_center\"><div class=\"w-image-h\"><img decoding=\"async\" width=\"728\" height=\"787\" src=\"https:\/\/nlp3.mycube.kz\/wp-content\/uploads\/2025\/07\/img-8.png\" class=\"attachment-full size-full\" alt=\"\" loading=\"lazy\" srcset=\"https:\/\/nlp3.mycube.kz\/wp-content\/uploads\/2025\/07\/img-8.png 728w, https:\/\/nlp3.mycube.kz\/wp-content\/uploads\/2025\/07\/img-8-278x300.png 278w\" sizes=\"auto, (max-width: 728px) 100vw, 728px\" \/><\/div><\/div><\/div><\/div><\/div><\/div><\/div><\/div><\/div><\/div><\/div><\/section><section class=\"l-section wpb_row us_custom_c70c97eb height_large\"><div class=\"l-section-h i-cf\"><div class=\"g-cols vc_row via_flex valign_top type_default stacking_default\"><div class=\"vc_col-sm-12 wpb_column vc_column_container\"><div class=\"vc_column-inner\"><div class=\"wpb_wrapper\"><div class=\"g-cols wpb_row via_flex valign_bottom type_default stacking_default\"><div class=\"vc_col-sm-6 wpb_column vc_column_container\"><div class=\"vc_column-inner us_custom_558ec5ca\"><div class=\"wpb_wrapper\"><div class=\"wpb_text_column\"><div class=\"wpb_wrapper\"><h2>Ma\u00dfgeschneiderte Unterst\u00fctzung f\u00fcr Ihren Erfolg<\/h2>\n<p>Bei Fusion CFX sind Sie mehr als nur eine Nummer \u2013 Sie sind ein wichtiger Teil unserer Gemeinschaft. Arbeiten Sie mit einem engagierten Trading-Experten zusammen, der Ihnen ma\u00dfgeschneiderte Einblicke bietet, um Ihre F\u00e4higkeiten zu verbessern und Ihr Portfolio aufzubauen.<\/p>\n<\/div><\/div><\/div><\/div><\/div><div class=\"vc_col-sm-6 wpb_column vc_column_container\"><div class=\"vc_column-inner\"><div class=\"wpb_wrapper\"><div class=\"w-image us_custom_8d5aa4e2 align_none\"><div class=\"w-image-h\"><img decoding=\"async\" width=\"108\" height=\"70\" src=\"https:\/\/nlp3.mycube.kz\/wp-content\/uploads\/2025\/07\/cav.png\" class=\"attachment-full size-full\" alt=\"\" loading=\"lazy\" \/><\/div><\/div><div class=\"wpb_text_column\"><div class=\"wpb_wrapper\"><h4>Zuverl\u00e4ssige Marktanalysen als Grundlage f\u00fcr Ihren Handel<\/h4>\n<p>Zwar ist kein Trading-Weg v\u00f6llig risikofrei, doch dank einer fundierten Marktanalyse k\u00f6nnen Sie Trends mit gr\u00f6\u00dferer Zuversicht meistern. Sind Sie bereit, mit einem soliden Trading-Plan in die Zukunft zu blicken?<\/p>\n<\/div><\/div><\/div><\/div><\/div><\/div><div class=\"w-separator us_custom_37643a01 has_text_color size_custom with_line width_default thick_1 style_solid color_border align_left with_content\" style=\"height:6rem\"><div class=\"w-separator-h\"><i class=\"fas fa-fas fa-dot-circle\"><\/i><\/div><\/div><div class=\"g-cols wpb_row via_flex valign_top type_default stacking_default\"><div class=\"vc_col-sm-12 wpb_column vc_column_container\"><div class=\"vc_column-inner\"><div class=\"wpb_wrapper\"><div class=\"w-btn-wrapper align_none\"><a class=\"w-btn us-btn-style_1\" href=\"\/platform.html\"><span class=\"w-btn-label\">Sind Sie bereit, klar und selbstbewusst zu handeln?<\/span><\/a><\/div><\/div><\/div><\/div><\/div><\/div><\/div><\/div><\/div><\/div><\/section>\n","protected":false},"excerpt":{"rendered":"Warum sollten Sie sich f\u00fcr Fusion CFX entscheiden, wenn Sie mit dem Trading beginnen? Werden Sie Teil einer dynamischen, globalen Trading-Community Werden Sie Teil eines florierenden Netzwerks von \u00fcber 100.000 Tradern, die auf Fusion CFX vertrauen, um ihren Handelserfolg voranzutreiben! Schnelle und sichere Auszahlungen Profitieren Sie von einem hervorragenden Kundensupport, engen Spreads, professionellen Schulungsmaterialien und...","protected":false},"author":1,"featured_media":0,"parent":0,"menu_order":0,"comment_status":"closed","ping_status":"closed","template":"","meta":{"footnotes":""},"class_list":["post-1087","page","type-page","status-publish","hentry"],"_links":{"self":[{"href":"https:\/\/nlp3.mycube.kz\/de\/wp-json\/wp\/v2\/pages\/1087","targetHints":{"allow":["GET"]}}],"collection":[{"href":"https:\/\/nlp3.mycube.kz\/de\/wp-json\/wp\/v2\/pages"}],"about":[{"href":"https:\/\/nlp3.mycube.kz\/de\/wp-json\/wp\/v2\/types\/page"}],"author":[{"embeddable":true,"href":"https:\/\/nlp3.mycube.kz\/de\/wp-json\/wp\/v2\/users\/1"}],"replies":[{"embeddable":true,"href":"https:\/\/nlp3.mycube.kz\/de\/wp-json\/wp\/v2\/comments?post=1087"}],"version-history":[{"count":3,"href":"https:\/\/nlp3.mycube.kz\/de\/wp-json\/wp\/v2\/pages\/1087\/revisions"}],"predecessor-version":[{"id":1091,"href":"https:\/\/nlp3.mycube.kz\/de\/wp-json\/wp\/v2\/pages\/1087\/revisions\/1091"}],"wp:attachment":[{"href":"https:\/\/nlp3.mycube.kz\/de\/wp-json\/wp\/v2\/media?parent=1087"}],"curies":[{"name":"wp","href":"https:\/\/api.w.org\/{rel}","templated":true}]}}