{"id":1067,"date":"2025-07-10T12:54:56","date_gmt":"2025-07-10T09:54:56","guid":{"rendered":"https:\/\/nlp3.mycube.kz\/trading-platform\/"},"modified":"2026-03-22T17:08:32","modified_gmt":"2026-03-22T14:08:32","slug":"trading-platform","status":"publish","type":"page","link":"https:\/\/nlp3.mycube.kz\/de\/trading-platform\/","title":{"rendered":"Die Plattform"},"content":{"rendered":"<section class=\"l-section wpb_row us_custom_5be59d26 height_large full_height valign_center with_video\"><div id=\"us_bg_video_i088\" class=\"l-section-video\"><script id=\"us_bg_video_i088-script\">!function(w){var node = document.getElementById( 'us_bg_video_i088' );if ( w.innerWidth <= 100 ) { node.remove() }}(window);<\/script><style>@media(max-width:100px){#us_bg_video_i088{display:none!important}}<\/style><video  autoplay loop muted playsinline preload=\"auto\"><source type=\"video\/webm\" src=\"\/wp-content\/uploads\/2025\/07\/red.webm\" \/><\/video><\/div><div class=\"l-section-h i-cf\"><div class=\"g-cols vc_row via_flex valign_top type_default stacking_default\"><div class=\"vc_col-sm-12 wpb_column vc_column_container\"><div class=\"vc_column-inner\"><div class=\"wpb_wrapper\"><div class=\"g-cols wpb_row via_flex valign_top type_default stacking_default\"><div class=\"vc_col-sm-12 wpb_column vc_column_container\"><div class=\"vc_column-inner us_custom_558ec5ca\"><div class=\"wpb_wrapper\"><div class=\"wpb_text_column us_custom_6df4bc3a has_text_color\"><div class=\"wpb_wrapper\"><h1>Optimieren Sie Ihr Trading mit der Fusion CFX-Plattform<\/h1>\n<\/div><\/div><\/div><\/div><\/div><\/div><div class=\"w-separator us_custom_9321a470 has_text_color size_custom with_line width_default thick_2 style_dashed color_border align_left with_content\" style=\"height:5rem\"><div class=\"w-separator-h\"><i class=\"fas fa-fas fa-dot-circle\"><\/i><\/div><\/div><div class=\"g-cols wpb_row via_flex valign_top type_default stacking_default\"><div class=\"vc_col-sm-9 wpb_column vc_column_container\"><div class=\"vc_column-inner us_custom_dc08afa2\"><div class=\"wpb_wrapper\"><div class=\"wpb_text_column us_custom_6df4bc3a has_text_color\"><div class=\"wpb_wrapper\"><h4>Erreichen Sie neue H\u00f6hen des Handelserfolgs<\/h4>\n<p>Erschlie\u00dfen Sie m\u00fchelos globale M\u00e4rkte \u00fcber die fortschrittliche Handelsplattform von Fusion CFX. Sie wurde entwickelt, um herk\u00f6mmliche Plattformen wie MT4 und MT5 zu \u00fcbertreffen, und revolutioniert Ihr Handelserlebnis. Ganz gleich, ob Sie gerade erst anfangen oder bereits ein erfahrener Trader sind \u2013 Fusion CFX bietet Ihnen einen intuitiven und funktionsreichen Zugang zu den weltweiten Finanzm\u00e4rkten.<\/p>\n<\/div><\/div><div class=\"w-separator size_custom\" style=\"height:30px\"><\/div><div class=\"w-btn-wrapper align_none\"><a class=\"w-btn us-btn-style_4 us_custom_a61e2493\" href=\"\/platform.html\"><span class=\"w-btn-label\">Starte noch heute mit dem Trading<\/span><\/a><\/div><\/div><\/div><\/div><div class=\"vc_col-sm-3 wpb_column vc_column_container\"><div class=\"vc_column-inner us_custom_04c40667\"><div class=\"wpb_wrapper\"><nav class=\"g-breadcrumbs us_custom_64e1dcdb has_text_color separator_icon align_none\" itemscope itemtype=\"http:\/\/schema.org\/BreadcrumbList\"><div class=\"g-breadcrumbs-item\" itemscope itemprop=\"itemListElement\" itemtype=\"http:\/\/schema.org\/ListItem\"><a itemprop=\"item\" href=\"https:\/\/nlp3.mycube.kz\/de\/\"><span itemprop=\"name\">Start<\/span><\/a><meta itemprop=\"position\" content=\"1\"\/><\/div><div class=\"g-breadcrumbs-separator\"><i class=\"far fa-angle-right\"><\/i><\/div><div class=\"g-breadcrumbs-item\">Seiten<\/div><\/nav><\/div><\/div><\/div><\/div><div class=\"w-separator hide_on_default hide_on_laptops size_custom\" style=\"height:2rem\"><\/div><\/div><\/div><\/div><\/div><\/div><\/section><section class=\"l-section wpb_row height_auto\"><div class=\"l-section-h i-cf\"><div class=\"g-cols vc_row via_flex valign_top type_default stacking_default\"><div class=\"vc_col-sm-12 wpb_column vc_column_container\"><div class=\"vc_column-inner\"><div class=\"wpb_wrapper\"><div class=\"g-cols wpb_row us_custom_06927fe0 via_flex valign_top type_default stacking_default\"><div class=\"vc_col-sm-12 wpb_column vc_column_container\"><div class=\"vc_column-inner\"><div class=\"wpb_wrapper\"><div class=\"w-image align_center\"><a href=\"#one\" aria-label=\"w-tr\" class=\"w-image-h\"><img decoding=\"async\" width=\"157\" height=\"100\" src=\"https:\/\/nlp3.mycube.kz\/wp-content\/uploads\/2025\/07\/w-tr.png\" class=\"attachment-full size-full\" alt=\"\" loading=\"lazy\" \/><\/a><\/div><\/div><\/div><\/div><\/div><\/div><\/div><\/div><\/div><\/div><\/section><section class=\"l-section wpb_row height_medium\" id=\"one\"><div class=\"l-section-h i-cf\"><div class=\"g-cols vc_row via_flex valign_top type_default stacking_default\"><div class=\"vc_col-sm-12 wpb_column vc_column_container\"><div class=\"vc_column-inner\"><div class=\"wpb_wrapper\"><div class=\"g-cols wpb_row via_flex valign_middle type_default stacking_default\"><div class=\"vc_col-sm-5 wpb_column vc_column_container\"><div class=\"vc_column-inner us_custom_fd9743d4\"><div class=\"wpb_wrapper\"><div class=\"wpb_text_column\"><div class=\"wpb_wrapper\"><h2>Entdecken Sie die Handelsplattform von Fusion CFX<\/h2>\n<p>Die Fusion CFX-Plattform wurde speziell entwickelt, um jeden Schritt Ihrer Trading-Karriere zu optimieren, und bietet erweiterte Funktionen, die \u00fcber die herk\u00f6mmlichen MT4- und MT5-Funktionen hinausgehen. Dank des nahtlosen Zugangs zu zahlreichen M\u00e4rkten eignet sie sich perfekt f\u00fcr Trader aller Erfahrungsstufen.<\/p>\n<\/div><\/div><div class=\"w-separator size_custom\" style=\"height:30px\"><\/div><div class=\"w-btn-wrapper align_none\"><a class=\"w-btn us-btn-style_1 us_custom_a61e2493\" href=\"\/platform.html\"><span class=\"w-btn-label\">Jetzt handeln<\/span><\/a><\/div><\/div><\/div><\/div><div class=\"vc_col-sm-7 wpb_column vc_column_container stretched\"><div class=\"vc_column-inner us_custom_39355447\"><div class=\"wpb_wrapper\"><div data-us-scroll=\"{&quot;from_initial_position&quot;:&quot;0&quot;,&quot;start_position&quot;:&quot;0%&quot;,&quot;end_position&quot;:&quot;100%&quot;,&quot;delay&quot;:&quot;0s&quot;,&quot;translate_y_direction&quot;:&quot;down&quot;,&quot;translate_y_speed&quot;:&quot;0.1x&quot;}\" class=\"w-image us_custom_27fde2e6 hide_on_tablets hide_on_mobiles has_scroll_effects has_translate_y align_none\"><div class=\"w-image-h\"><img decoding=\"async\" width=\"607\" height=\"547\" src=\"https:\/\/nlp3.mycube.kz\/wp-content\/uploads\/2025\/07\/coins-2.png\" class=\"attachment-full size-full\" alt=\"\" loading=\"lazy\" srcset=\"https:\/\/nlp3.mycube.kz\/wp-content\/uploads\/2025\/07\/coins-2.png 607w, https:\/\/nlp3.mycube.kz\/wp-content\/uploads\/2025\/07\/coins-2-300x270.png 300w\" sizes=\"auto, (max-width: 607px) 100vw, 607px\" \/><\/div><\/div><div class=\"w-image align_center\"><div class=\"w-image-h\"><img decoding=\"async\" width=\"1078\" height=\"715\" src=\"https:\/\/nlp3.mycube.kz\/wp-content\/uploads\/2025\/07\/img-pl.png\" class=\"attachment-full size-full\" alt=\"\" loading=\"lazy\" srcset=\"https:\/\/nlp3.mycube.kz\/wp-content\/uploads\/2025\/07\/img-pl.png 1078w, https:\/\/nlp3.mycube.kz\/wp-content\/uploads\/2025\/07\/img-pl-300x199.png 300w, https:\/\/nlp3.mycube.kz\/wp-content\/uploads\/2025\/07\/img-pl-1024x679.png 1024w\" sizes=\"auto, (max-width: 1078px) 100vw, 1078px\" \/><\/div><\/div><\/div><\/div><\/div><\/div><\/div><\/div><\/div><\/div><\/div><\/section><section class=\"l-section wpb_row us_custom_0c5144e5 height_large with_img\"><div class=\"l-section-img\" role=\"img\" data-img-width=\"1389\" data-img-height=\"695\" style=\"background-image: url(https:\/\/nlp3.mycube.kz\/wp-content\/uploads\/2025\/07\/graey-map.png);background-repeat: no-repeat;background-size: auto;\"><\/div><div class=\"l-section-h i-cf\"><div class=\"g-cols vc_row via_flex valign_middle type_default stacking_default\"><div class=\"vc_col-sm-12 wpb_column vc_column_container\"><div class=\"vc_column-inner\"><div class=\"wpb_wrapper\"><div class=\"g-cols wpb_row us_custom_00f6bd43 via_flex valign_top type_default stacking_default\"><div class=\"vc_col-sm-2 wpb_column vc_column_container hide_on_tablets hide_on_mobiles\"><div class=\"vc_column-inner\"><div class=\"wpb_wrapper\"><\/div><\/div><\/div><div class=\"vc_col-sm-8 wpb_column vc_column_container\"><div class=\"vc_column-inner\"><div class=\"wpb_wrapper\"><div class=\"wpb_text_column us_custom_40c523d3 has_text_color\"><div class=\"wpb_wrapper\"><h2>Die wichtigsten Funktionen der Fusion CFX-Plattform<\/h2>\n<\/div><\/div><\/div><\/div><\/div><\/div><div class=\"w-separator size_custom\" style=\"height:4rem\" id=\"u2fb\"><style>@media(max-width:767px){ #u2fb{height:3rem!important}}<\/style><\/div><div class=\"g-cols wpb_row via_flex valign_top type_boxes stacking_default\" style=\"--additional-gap:0.8rem;\"><div class=\"vc_col-sm-3 wpb_column vc_column_container has_bg_color\"><div class=\"vc_column-inner us_custom_0aea9432\"><div class=\"wpb_wrapper\"><div class=\"w-image align_center\"><div class=\"w-image-h\"><img decoding=\"async\" width=\"302\" height=\"109\" src=\"https:\/\/nlp3.mycube.kz\/wp-content\/uploads\/2025\/07\/ic01.png\" class=\"attachment-full size-full\" alt=\"\" loading=\"lazy\" srcset=\"https:\/\/nlp3.mycube.kz\/wp-content\/uploads\/2025\/07\/ic01.png 302w, https:\/\/nlp3.mycube.kz\/wp-content\/uploads\/2025\/07\/ic01-300x108.png 300w\" sizes=\"auto, (max-width: 302px) 100vw, 302px\" \/><\/div><\/div><div class=\"wpb_text_column us_custom_f29b8d75\"><div class=\"wpb_wrapper\"><h6>Zugang zu mehreren M\u00e4rkten<\/h6>\n<p>Handeln Sie Devisen, Kryptow\u00e4hrungen und Aktien \u00fcber ein einziges Konto und greifen Sie dabei auf \u00fcber 200 Finanzinstrumente zu.<\/p>\n<\/div><\/div><\/div><\/div><\/div><div class=\"vc_col-sm-3 wpb_column vc_column_container has_bg_color\"><div class=\"vc_column-inner us_custom_0aea9432\"><div class=\"wpb_wrapper\"><div class=\"w-image align_center\"><div class=\"w-image-h\"><img decoding=\"async\" width=\"302\" height=\"109\" src=\"https:\/\/nlp3.mycube.kz\/wp-content\/uploads\/2025\/07\/ic2.png\" class=\"attachment-full size-full\" alt=\"\" loading=\"lazy\" srcset=\"https:\/\/nlp3.mycube.kz\/wp-content\/uploads\/2025\/07\/ic2.png 302w, https:\/\/nlp3.mycube.kz\/wp-content\/uploads\/2025\/07\/ic2-300x108.png 300w\" sizes=\"auto, (max-width: 302px) 100vw, 302px\" \/><\/div><\/div><div class=\"wpb_text_column us_custom_f29b8d75\"><div class=\"wpb_wrapper\"><h6>Nahtloses Handelserlebnis<\/h6>\n<p>Wechseln Sie nahtlos zwischen Desktop- und Mobilger\u00e4ten, um unterbrechungsfrei zu handeln.<\/p>\n<\/div><\/div><\/div><\/div><\/div><div class=\"vc_col-sm-3 wpb_column vc_column_container has_bg_color\"><div class=\"vc_column-inner us_custom_0aea9432\"><div class=\"wpb_wrapper\"><div class=\"w-image align_center\"><div class=\"w-image-h\"><img decoding=\"async\" width=\"302\" height=\"109\" src=\"https:\/\/nlp3.mycube.kz\/wp-content\/uploads\/2025\/07\/ic3.png\" class=\"attachment-full size-full\" alt=\"\" loading=\"lazy\" srcset=\"https:\/\/nlp3.mycube.kz\/wp-content\/uploads\/2025\/07\/ic3.png 302w, https:\/\/nlp3.mycube.kz\/wp-content\/uploads\/2025\/07\/ic3-300x108.png 300w\" sizes=\"auto, (max-width: 302px) 100vw, 302px\" \/><\/div><\/div><div class=\"wpb_text_column us_custom_f29b8d75\"><div class=\"wpb_wrapper\"><h6>Pr\u00e4zise Handelsausf\u00fchrung<\/h6>\n<p>Profitieren Sie von einer ultraschnellen und zuverl\u00e4ssigen Orderausf\u00fchrung f\u00fcr h\u00f6chste Handelspr\u00e4zision.<\/p>\n<\/div><\/div><\/div><\/div><\/div><div class=\"vc_col-sm-3 wpb_column vc_column_container has_bg_color\"><div class=\"vc_column-inner us_custom_0aea9432\"><div class=\"wpb_wrapper\"><div class=\"w-image align_center\"><div class=\"w-image-h\"><img decoding=\"async\" width=\"302\" height=\"109\" src=\"https:\/\/nlp3.mycube.kz\/wp-content\/uploads\/2025\/07\/ic4.png\" class=\"attachment-full size-full\" alt=\"\" loading=\"lazy\" srcset=\"https:\/\/nlp3.mycube.kz\/wp-content\/uploads\/2025\/07\/ic4.png 302w, https:\/\/nlp3.mycube.kz\/wp-content\/uploads\/2025\/07\/ic4-300x108.png 300w\" sizes=\"auto, (max-width: 302px) 100vw, 302px\" \/><\/div><\/div><div class=\"wpb_text_column us_custom_f29b8d75\"><div class=\"wpb_wrapper\"><h6>Anpassbare Handelsoberfl\u00e4che<\/h6>\n<p>Passen Sie die Plattform an Ihre Vorlieben an, um eine personalisierte Handelsumgebung zu schaffen.<\/p>\n<\/div><\/div><\/div><\/div><\/div><\/div><div class=\"w-separator hide_on_tablets hide_on_mobiles size_custom\" style=\"height:0.8rem\"><\/div><div class=\"g-cols wpb_row via_flex valign_top type_boxes stacking_default\" style=\"--additional-gap:0.8rem;\"><div class=\"vc_col-sm-3 wpb_column vc_column_container has_bg_color\"><div class=\"vc_column-inner us_custom_0aea9432\"><div class=\"wpb_wrapper\"><div class=\"w-image align_center\"><div class=\"w-image-h\"><img decoding=\"async\" width=\"302\" height=\"109\" src=\"https:\/\/nlp3.mycube.kz\/wp-content\/uploads\/2025\/07\/ic5.png\" class=\"attachment-full size-full\" alt=\"\" loading=\"lazy\" srcset=\"https:\/\/nlp3.mycube.kz\/wp-content\/uploads\/2025\/07\/ic5.png 302w, https:\/\/nlp3.mycube.kz\/wp-content\/uploads\/2025\/07\/ic5-300x108.png 300w\" sizes=\"auto, (max-width: 302px) 100vw, 302px\" \/><\/div><\/div><div class=\"wpb_text_column us_custom_f29b8d75\"><div class=\"wpb_wrapper\"><h6>Erweiterte Diagrammfunktionen<\/h6>\n<p>F\u00fchren Sie gr\u00fcndliche Marktanalysen mithilfe leistungsstarker, professioneller Diagramme durch.<\/p>\n<\/div><\/div><\/div><\/div><\/div><div class=\"vc_col-sm-3 wpb_column vc_column_container has_bg_color\"><div class=\"vc_column-inner us_custom_0aea9432\"><div class=\"wpb_wrapper\"><div class=\"w-image align_center\"><div class=\"w-image-h\"><img decoding=\"async\" width=\"302\" height=\"109\" src=\"https:\/\/nlp3.mycube.kz\/wp-content\/uploads\/2025\/07\/ic6.png\" class=\"attachment-full size-full\" alt=\"\" loading=\"lazy\" srcset=\"https:\/\/nlp3.mycube.kz\/wp-content\/uploads\/2025\/07\/ic6.png 302w, https:\/\/nlp3.mycube.kz\/wp-content\/uploads\/2025\/07\/ic6-300x108.png 300w\" sizes=\"auto, (max-width: 302px) 100vw, 302px\" \/><\/div><\/div><div class=\"wpb_text_column us_custom_f29b8d75\"><div class=\"wpb_wrapper\"><h6>Individuelle Benachrichtigungen &amp; Tools<\/h6>\n<p>Bleiben Sie proaktiv \u2013 mit benutzerdefinierten Benachrichtigungen und intelligenten Trading-Tools.<\/p>\n<\/div><\/div><\/div><\/div><\/div><div class=\"vc_col-sm-3 wpb_column vc_column_container has_bg_color\"><div class=\"vc_column-inner us_custom_0aea9432\"><div class=\"wpb_wrapper\"><div class=\"w-image align_center\"><div class=\"w-image-h\"><img decoding=\"async\" width=\"302\" height=\"109\" src=\"https:\/\/nlp3.mycube.kz\/wp-content\/uploads\/2025\/07\/ic7.png\" class=\"attachment-full size-full\" alt=\"\" loading=\"lazy\" srcset=\"https:\/\/nlp3.mycube.kz\/wp-content\/uploads\/2025\/07\/ic7.png 302w, https:\/\/nlp3.mycube.kz\/wp-content\/uploads\/2025\/07\/ic7-300x108.png 300w\" sizes=\"auto, (max-width: 302px) 100vw, 302px\" \/><\/div><\/div><div class=\"wpb_text_column us_custom_f29b8d75\"><div class=\"wpb_wrapper\"><h6>Solides Risikomanagement<\/h6>\n<p>Behalten Sie mit ausgefeilten Risikomanagement-L\u00f6sungen die volle Kontrolle.<\/p>\n<\/div><\/div><\/div><\/div><\/div><div class=\"vc_col-sm-3 wpb_column vc_column_container has_bg_color\"><div class=\"vc_column-inner us_custom_0aea9432\"><div class=\"wpb_wrapper\"><div class=\"w-image align_center\"><div class=\"w-image-h\"><img decoding=\"async\" width=\"302\" height=\"109\" src=\"https:\/\/nlp3.mycube.kz\/wp-content\/uploads\/2025\/07\/ic8.png\" class=\"attachment-full size-full\" alt=\"\" loading=\"lazy\" srcset=\"https:\/\/nlp3.mycube.kz\/wp-content\/uploads\/2025\/07\/ic8.png 302w, https:\/\/nlp3.mycube.kz\/wp-content\/uploads\/2025\/07\/ic8-300x108.png 300w\" sizes=\"auto, (max-width: 302px) 100vw, 302px\" \/><\/div><\/div><div class=\"wpb_text_column us_custom_f29b8d75\"><div class=\"wpb_wrapper\"><h6>Benutzerfreundliches Dashboard<\/h6>\n<p>Navigieren Sie m\u00fchelos durch eine intuitive und \u00fcbersichtliche Benutzeroberfl\u00e4che und profitieren Sie von einem effizienten Handelsablauf.<\/p>\n<\/div><\/div><\/div><\/div><\/div><\/div><div class=\"w-separator size_custom\" style=\"height:2rem\"><\/div><div class=\"g-cols wpb_row via_flex valign_top type_default stacking_default\"><div class=\"vc_col-sm-12 wpb_column vc_column_container\"><div class=\"vc_column-inner\"><div class=\"wpb_wrapper\"><div class=\"w-btn-wrapper align_center\"><a class=\"w-btn us-btn-style_1 us_custom_a61e2493\" href=\"\/platform.html\"><span class=\"w-btn-label\">Bringen Sie Ihr Trading jetzt auf die n\u00e4chste Stufe<\/span><\/a><\/div><\/div><\/div><\/div><\/div><\/div><\/div><\/div><\/div><\/div><\/section><section class=\"l-section wpb_row height_auto\"><div class=\"l-section-h i-cf\"><div class=\"g-cols vc_row via_flex valign_top type_default stacking_default\"><div class=\"vc_col-sm-12 wpb_column vc_column_container\"><div class=\"vc_column-inner\"><div class=\"wpb_wrapper\"><div class=\"w-separator size_custom\" style=\"height:2rem\"><\/div><\/div><\/div><\/div><\/div><\/div><\/section>\n","protected":false},"excerpt":{"rendered":"Optimieren Sie Ihr Trading mit der Fusion CFX-Plattform Erreichen Sie neue H\u00f6hen des Handelserfolgs Erschlie\u00dfen Sie m\u00fchelos globale M\u00e4rkte \u00fcber die fortschrittliche Handelsplattform von Fusion CFX. Sie wurde entwickelt, um herk\u00f6mmliche Plattformen wie MT4 und MT5 zu \u00fcbertreffen, und revolutioniert Ihr Handelserlebnis. Ganz gleich, ob Sie gerade erst anfangen oder bereits ein erfahrener Trader sind...","protected":false},"author":1,"featured_media":0,"parent":0,"menu_order":0,"comment_status":"closed","ping_status":"closed","template":"","meta":{"footnotes":""},"class_list":["post-1067","page","type-page","status-publish","hentry"],"_links":{"self":[{"href":"https:\/\/nlp3.mycube.kz\/de\/wp-json\/wp\/v2\/pages\/1067","targetHints":{"allow":["GET"]}}],"collection":[{"href":"https:\/\/nlp3.mycube.kz\/de\/wp-json\/wp\/v2\/pages"}],"about":[{"href":"https:\/\/nlp3.mycube.kz\/de\/wp-json\/wp\/v2\/types\/page"}],"author":[{"embeddable":true,"href":"https:\/\/nlp3.mycube.kz\/de\/wp-json\/wp\/v2\/users\/1"}],"replies":[{"embeddable":true,"href":"https:\/\/nlp3.mycube.kz\/de\/wp-json\/wp\/v2\/comments?post=1067"}],"version-history":[{"count":4,"href":"https:\/\/nlp3.mycube.kz\/de\/wp-json\/wp\/v2\/pages\/1067\/revisions"}],"predecessor-version":[{"id":1072,"href":"https:\/\/nlp3.mycube.kz\/de\/wp-json\/wp\/v2\/pages\/1067\/revisions\/1072"}],"wp:attachment":[{"href":"https:\/\/nlp3.mycube.kz\/de\/wp-json\/wp\/v2\/media?parent=1067"}],"curies":[{"name":"wp","href":"https:\/\/api.w.org\/{rel}","templated":true}]}}