{"id":1055,"date":"2025-07-08T14:48:00","date_gmt":"2025-07-08T11:48:00","guid":{"rendered":"https:\/\/nlp3.mycube.kz\/trading-schedule\/"},"modified":"2026-03-22T16:38:39","modified_gmt":"2026-03-22T13:38:39","slug":"trading-schedule","status":"publish","type":"page","link":"https:\/\/nlp3.mycube.kz\/de\/trading-schedule\/","title":{"rendered":"Zeitplan f\u00fcr den Handel"},"content":{"rendered":"<section class=\"l-section wpb_row us_custom_5be59d26 height_large full_height valign_center with_video\"><div id=\"us_bg_video_s621\" class=\"l-section-video\"><script id=\"us_bg_video_s621-script\">!function(w){var node = document.getElementById( 'us_bg_video_s621' );if ( w.innerWidth <= 100 ) { node.remove() }}(window);<\/script><style>@media(max-width:100px){#us_bg_video_s621{display:none!important}}<\/style><video  autoplay loop muted playsinline preload=\"auto\"><source type=\"video\/webm\" src=\"\/wp-content\/uploads\/2025\/07\/red.webm\" \/><\/video><\/div><div class=\"l-section-h i-cf\"><div class=\"g-cols vc_row via_flex valign_top type_default stacking_default\"><div class=\"vc_col-sm-12 wpb_column vc_column_container\"><div class=\"vc_column-inner\"><div class=\"wpb_wrapper\"><div class=\"g-cols wpb_row via_flex valign_top type_default stacking_default\"><div class=\"vc_col-sm-12 wpb_column vc_column_container\"><div class=\"vc_column-inner us_custom_558ec5ca\"><div class=\"wpb_wrapper\"><div class=\"wpb_text_column us_custom_6df4bc3a has_text_color\"><div class=\"wpb_wrapper\"><h1>Optimieren Sie Ihre Handelsstrategie mit den Handelszeiten von Fusion CFX<\/h1>\n<\/div><\/div><\/div><\/div><\/div><\/div><div class=\"w-separator us_custom_9321a470 has_text_color size_custom with_line width_default thick_2 style_dashed color_border align_left with_content\" style=\"height:5rem\"><div class=\"w-separator-h\"><i class=\"fas fa-fas fa-dot-circle\"><\/i><\/div><\/div><div class=\"g-cols wpb_row via_flex valign_top type_default stacking_default\"><div class=\"vc_col-sm-9 wpb_column vc_column_container\"><div class=\"vc_column-inner us_custom_dc08afa2\"><div class=\"wpb_wrapper\"><div class=\"wpb_text_column us_custom_6df4bc3a has_text_color\"><div class=\"wpb_wrapper\"><h4>Optimieren Sie Ihr Handels-Timing<\/h4>\n<p>Der richtige Zeitpunkt ist genauso wichtig wie die Auswahl der richtigen Anlageinstrumente. Unser ausf\u00fchrlicher Leitfaden zu den Handelszeiten versetzt Sie in die Lage, Ihre Strategien auf den globalen M\u00e4rkten optimal anzupassen, und hilft Ihnen dabei, zeitnahe und sichere Entscheidungen zu treffen.<\/p>\n<\/div><\/div><div class=\"w-separator size_custom\" style=\"height:30px\"><\/div><div class=\"w-btn-wrapper align_none\"><a class=\"w-btn us-btn-style_4 us_custom_a61e2493\" href=\"\/platform.html\"><span class=\"w-btn-label\">Der Handel heute<\/span><\/a><\/div><\/div><\/div><\/div><div class=\"vc_col-sm-3 wpb_column vc_column_container\"><div class=\"vc_column-inner us_custom_04c40667\"><div class=\"wpb_wrapper\"><nav class=\"g-breadcrumbs us_custom_64e1dcdb has_text_color separator_icon align_none\" itemscope itemtype=\"http:\/\/schema.org\/BreadcrumbList\"><div class=\"g-breadcrumbs-item\" itemscope itemprop=\"itemListElement\" itemtype=\"http:\/\/schema.org\/ListItem\"><a itemprop=\"item\" href=\"https:\/\/nlp3.mycube.kz\/de\/\"><span itemprop=\"name\">Start<\/span><\/a><meta itemprop=\"position\" content=\"1\"\/><\/div><div class=\"g-breadcrumbs-separator\"><i class=\"far fa-angle-right\"><\/i><\/div><div class=\"g-breadcrumbs-item\">Seiten<\/div><\/nav><\/div><\/div><\/div><\/div><div class=\"w-separator hide_on_default hide_on_laptops size_custom\" style=\"height:2rem\"><\/div><\/div><\/div><\/div><\/div><\/div><\/section><section class=\"l-section wpb_row height_auto\"><div class=\"l-section-h i-cf\"><div class=\"g-cols vc_row via_flex valign_top type_default stacking_default\"><div class=\"vc_col-sm-12 wpb_column vc_column_container\"><div class=\"vc_column-inner\"><div class=\"wpb_wrapper\"><div class=\"g-cols wpb_row us_custom_06927fe0 via_flex valign_top type_default stacking_default\"><div class=\"vc_col-sm-12 wpb_column vc_column_container\"><div class=\"vc_column-inner\"><div class=\"wpb_wrapper\"><div class=\"w-image align_center\"><a href=\"#one\" aria-label=\"w-tr\" class=\"w-image-h\"><img decoding=\"async\" width=\"157\" height=\"100\" src=\"https:\/\/nlp3.mycube.kz\/wp-content\/uploads\/2025\/07\/w-tr.png\" class=\"attachment-full size-full\" alt=\"\" loading=\"lazy\" \/><\/a><\/div><\/div><\/div><\/div><\/div><\/div><\/div><\/div><\/div><\/div><\/section><section class=\"l-section wpb_row height_large\" id=\"one\"><div class=\"l-section-h i-cf\"><div class=\"g-cols vc_row via_flex valign_top type_default stacking_default\"><div class=\"vc_col-sm-12 wpb_column vc_column_container\"><div class=\"vc_column-inner\"><div class=\"wpb_wrapper\"><div class=\"g-cols wpb_row via_flex valign_middle type_default stacking_default\"><div class=\"vc_col-sm-6 wpb_column vc_column_container\"><div class=\"vc_column-inner us_custom_558ec5ca\"><div class=\"wpb_wrapper\"><div class=\"wpb_text_column\"><div class=\"wpb_wrapper\"><h2>Perfektes Markt-Timing<br \/>\nmit Fusion CFX<\/h2>\n<p>Wir bei Fusion CFX wissen, dass das richtige Markt-Timing der Schl\u00fcssel zum Handelserfolg ist. Unser umfassender Leitfaden zu den Handelszeiten h\u00e4lt Sie das ganze Jahr \u00fcber auf dem Laufenden und erm\u00f6glicht einen reibungslosen \u00dcbergang zwischen den Sommer- und Winterhandelszeiten.<\/p>\n<\/div><\/div><div class=\"w-separator size_custom\" style=\"height:30px\"><\/div><div class=\"w-btn-wrapper align_none\"><a class=\"w-btn us-btn-style_1\" href=\"\/platform.html\"><span class=\"w-btn-label\">Jetzt mit dem Handel beginnen<\/span><\/a><\/div><\/div><\/div><\/div><div class=\"vc_col-sm-6 wpb_column vc_column_container\"><div class=\"vc_column-inner\"><div class=\"wpb_wrapper\"><div data-us-scroll=\"{&quot;from_initial_position&quot;:&quot;0&quot;,&quot;start_position&quot;:&quot;0%&quot;,&quot;end_position&quot;:&quot;100%&quot;,&quot;delay&quot;:&quot;0s&quot;,&quot;translate_y_direction&quot;:&quot;down&quot;,&quot;translate_y_speed&quot;:&quot;0.1x&quot;}\" class=\"w-image us_custom_d5d57d67 hide_on_tablets hide_on_mobiles has_scroll_effects has_translate_y align_center\"><div class=\"w-image-h\"><img decoding=\"async\" width=\"608\" height=\"589\" src=\"https:\/\/nlp3.mycube.kz\/wp-content\/uploads\/2025\/07\/coins-bg.png\" class=\"attachment-full size-full\" alt=\"\" loading=\"lazy\" srcset=\"https:\/\/nlp3.mycube.kz\/wp-content\/uploads\/2025\/07\/coins-bg.png 608w, https:\/\/nlp3.mycube.kz\/wp-content\/uploads\/2025\/07\/coins-bg-300x291.png 300w\" sizes=\"auto, (max-width: 608px) 100vw, 608px\" \/><\/div><\/div><div class=\"w-image align_center\"><div class=\"w-image-h\"><img decoding=\"async\" width=\"640\" height=\"626\" src=\"https:\/\/nlp3.mycube.kz\/wp-content\/uploads\/2025\/07\/phone2.png\" class=\"attachment-full size-full\" alt=\"\" loading=\"lazy\" srcset=\"https:\/\/nlp3.mycube.kz\/wp-content\/uploads\/2025\/07\/phone2.png 640w, https:\/\/nlp3.mycube.kz\/wp-content\/uploads\/2025\/07\/phone2-300x293.png 300w\" sizes=\"auto, (max-width: 640px) 100vw, 640px\" \/><\/div><\/div><\/div><\/div><\/div><\/div><\/div><\/div><\/div><\/div><\/div><\/section><section class=\"l-section wpb_row us_custom_0c5144e5 height_large with_img\"><div class=\"l-section-img\" role=\"img\" data-img-width=\"1389\" data-img-height=\"695\" style=\"background-image: url(https:\/\/nlp3.mycube.kz\/wp-content\/uploads\/2025\/07\/graey-map.png);background-repeat: no-repeat;background-size: auto;\"><\/div><div class=\"l-section-h i-cf\"><div class=\"g-cols vc_row via_flex valign_middle type_default stacking_default\"><div class=\"vc_col-sm-12 wpb_column vc_column_container\"><div class=\"vc_column-inner\"><div class=\"wpb_wrapper\"><div class=\"g-cols wpb_row via_flex valign_top type_default stacking_default\"><div class=\"vc_col-sm-12 wpb_column vc_column_container hide_on_tablets hide_on_mobiles stretched\"><div class=\"vc_column-inner\"><div class=\"wpb_wrapper\"><div data-us-scroll=\"{&quot;from_initial_position&quot;:&quot;0&quot;,&quot;start_position&quot;:&quot;0%&quot;,&quot;end_position&quot;:&quot;100%&quot;,&quot;delay&quot;:&quot;0s&quot;,&quot;translate_y_direction&quot;:&quot;down&quot;,&quot;translate_y_speed&quot;:&quot;0.2x&quot;}\" class=\"w-image us_custom_651f18a6 has_scroll_effects has_translate_y align_none\"><div class=\"w-image-h\"><img decoding=\"async\" width=\"371\" height=\"448\" src=\"https:\/\/nlp3.mycube.kz\/wp-content\/uploads\/2025\/07\/shape1.png\" class=\"attachment-full size-full\" alt=\"\" loading=\"lazy\" srcset=\"https:\/\/nlp3.mycube.kz\/wp-content\/uploads\/2025\/07\/shape1.png 371w, https:\/\/nlp3.mycube.kz\/wp-content\/uploads\/2025\/07\/shape1-248x300.png 248w\" sizes=\"auto, (max-width: 371px) 100vw, 371px\" \/><\/div><\/div><\/div><\/div><\/div><\/div><div class=\"g-cols wpb_row us_custom_00f6bd43 via_flex valign_top type_default stacking_default\"><div class=\"vc_col-sm-2 wpb_column vc_column_container hide_on_tablets hide_on_mobiles\"><div class=\"vc_column-inner\"><div class=\"wpb_wrapper\"><\/div><\/div><\/div><div class=\"vc_col-sm-8 wpb_column vc_column_container\"><div class=\"vc_column-inner\"><div class=\"wpb_wrapper\"><div class=\"wpb_text_column us_custom_40c523d3 has_text_color\"><div class=\"wpb_wrapper\"><h2>Anpassung an saisonale \u00d6ffnungszeiten<\/h2>\n<p>Die \u00d6ffnungszeiten \u00e4ndern sich je nach Saison, und es ist unerl\u00e4sslich, auf dem Laufenden zu bleiben, um Ihren Wettbewerbsvorteil zu sichern.<\/p>\n<\/div><\/div><\/div><\/div><\/div><\/div><div class=\"w-separator size_custom\" style=\"height:4rem\" id=\"f538\"><style>@media(max-width:767px){ #f538{height:3rem!important}}<\/style><\/div><div class=\"g-cols wpb_row via_flex valign_top type_boxes stacking_default\" style=\"--additional-gap:0.8rem;\"><div class=\"vc_col-sm-2 wpb_column vc_column_container hide_on_tablets hide_on_mobiles\"><div class=\"vc_column-inner us_custom_57f5615c\"><div class=\"wpb_wrapper\"><\/div><\/div><\/div><div class=\"vc_col-sm-4 wpb_column vc_column_container has_bg_color\"><div class=\"vc_column-inner us_custom_3c63032c\"><div class=\"wpb_wrapper\"><div class=\"w-iconbox us_custom_6df4bc3a icon_hm has_text_color iconpos_left style_default color_primary align_left icontype_img\"><div class=\"w-iconbox-icon\" style=\"font-size:70px;\"><img loading=\"lazy\" decoding=\"async\" width=\"70\" height=\"70\" src=\"https:\/\/nlp3.mycube.kz\/wp-content\/uploads\/2025\/07\/wn.png\" class=\"attachment-full size-full\" alt=\"\" \/><\/div><div class=\"w-iconbox-meta\"><h6 class=\"w-iconbox-title\" style=\"font-size:20px;\">Sommersitzung<\/h6><div class=\"w-iconbox-text\"><p>Fusion CFX operiert nach GMT +3<\/p>\n<\/div><\/div><\/div><div class=\"w-separator us_custom_33c47bad has_text_color size_custom with_line width_default thick_1 style_dotted color_border align_center\" style=\"height:4rem\"><div class=\"w-separator-h\"><\/div><\/div><div class=\"wpb_text_column us_custom_6df4bc3a ulmoy2 has_text_color\"><div class=\"wpb_wrapper\"><ul>\n<li>Australien: 21:00 \u2013 6:00 Uhr<\/li>\n<li>Tokio: 0:00 \u2013 9:00 Uhr<\/li>\n<li>London: 7:00 \u2013 15:00 Uhr<\/li>\n<li>New York: 12:00 \u2013 21:00 Uhr<\/li>\n<\/ul>\n<\/div><\/div><\/div><\/div><\/div><div class=\"vc_col-sm-4 wpb_column vc_column_container has_bg_color\"><div class=\"vc_column-inner us_custom_da952dd7\"><div class=\"wpb_wrapper\"><div class=\"w-iconbox icon_hm iconpos_left style_default color_primary align_left icontype_img\"><div class=\"w-iconbox-icon\" style=\"font-size:70px;\"><img loading=\"lazy\" decoding=\"async\" width=\"70\" height=\"70\" src=\"https:\/\/nlp3.mycube.kz\/wp-content\/uploads\/2025\/07\/cm.png\" class=\"attachment-full size-full\" alt=\"\" \/><\/div><div class=\"w-iconbox-meta\"><h6 class=\"w-iconbox-title\" style=\"font-size:20px;\">Wintersitzung<\/h6><div class=\"w-iconbox-text\"><p>Fusion CFX operiert nach GMT +2<\/p>\n<\/div><\/div><\/div><div class=\"w-separator us_custom_7940c76c has_text_color size_custom with_line width_default thick_1 style_dotted color_border align_center\" style=\"height:4rem\"><div class=\"w-separator-h\"><\/div><\/div><div class=\"wpb_text_column ulmoy\"><div class=\"wpb_wrapper\"><ul>\n<li>Australien: 20:00 \u2013 5:00 Uhr<\/li>\n<li>Tokio: 0:00 \u2013 9:00 Uhr<\/li>\n<li>London: 8:00 \u2013 16:00 Uhr<\/li>\n<li>New York: 13:00 \u2013 22:00 Uhr<\/li>\n<\/ul>\n<\/div><\/div><\/div><\/div><\/div><\/div><div class=\"w-separator size_custom\" style=\"height:3rem\" id=\"fdc4\"><style>@media(max-width:767px){ #fdc4{height:2rem!important}}<\/style><\/div><div class=\"g-cols wpb_row us_custom_00f6bd43 via_flex valign_top type_default stacking_default\"><div class=\"vc_col-sm-2 wpb_column vc_column_container hide_on_tablets hide_on_mobiles\"><div class=\"vc_column-inner\"><div class=\"wpb_wrapper\"><\/div><\/div><\/div><div class=\"vc_col-sm-8 wpb_column vc_column_container\"><div class=\"vc_column-inner\"><div class=\"wpb_wrapper\"><div class=\"wpb_text_column us_custom_40c523d3 has_text_color\"><div class=\"wpb_wrapper\"><p>Diese Zeitpl\u00e4ne sind nahtlos in Ihre Handelsplattform integriert,<br \/>\nsodass Sie schnell und bequem darauf zugreifen k\u00f6nnen.<\/p>\n<\/div><\/div><div class=\"w-separator size_custom\" style=\"height:30px\"><\/div><div class=\"w-btn-wrapper align_center\"><a class=\"w-btn us-btn-style_1\" href=\"\/platform.html\"><span class=\"w-btn-label\">Optimieren Sie jetzt Ihre Handelsstrategie<\/span><\/a><\/div><\/div><\/div><\/div><\/div><\/div><\/div><\/div><\/div><\/div><\/section><section class=\"l-section wpb_row height_large\"><div class=\"l-section-h i-cf\"><div class=\"g-cols vc_row via_flex valign_top type_default stacking_default\"><div class=\"vc_col-sm-12 wpb_column vc_column_container\"><div class=\"vc_column-inner\"><div class=\"wpb_wrapper\"><div class=\"g-cols wpb_row via_flex valign_top type_default reversed stacking_default\"><div class=\"vc_col-sm-7 wpb_column vc_column_container\"><div class=\"vc_column-inner us_custom_558ec5ca\"><div class=\"wpb_wrapper\"><div class=\"wpb_text_column\"><div class=\"wpb_wrapper\"><h2>Markttrends verfolgen f\u00fcr den Handelserfolg<\/h2>\n<\/div><\/div><\/div><\/div><\/div><div class=\"vc_col-sm-5 wpb_column vc_column_container\"><div class=\"vc_column-inner us_custom_04c40667\"><div class=\"wpb_wrapper\"><div class=\"w-image us_custom_8d5aa4e2 align_none\"><div class=\"w-image-h\"><img decoding=\"async\" width=\"108\" height=\"70\" src=\"https:\/\/nlp3.mycube.kz\/wp-content\/uploads\/2025\/07\/cav.png\" class=\"attachment-full size-full\" alt=\"\" loading=\"lazy\" \/><\/div><\/div><\/div><\/div><\/div><\/div><div class=\"w-separator size_custom\" style=\"height:2rem\"><\/div><div class=\"g-cols wpb_row via_flex valign_top type_default stacking_default\"><div class=\"vc_col-sm-6 wpb_column vc_column_container\"><div class=\"vc_column-inner us_custom_558ec5ca\"><div class=\"wpb_wrapper\"><div class=\"wpb_text_column\"><div class=\"wpb_wrapper\"><p>Die Marktaktivit\u00e4t unterliegt im Laufe des Tages Schwankungen und erreicht ihren H\u00f6hepunkt, wenn wichtige Finanzzentren wie Tokio und London den Handel aufnehmen. Der Devisenmarkt ist 24 Stunden am Tag an f\u00fcnf Tagen in der Woche ge\u00f6ffnet und bietet somit reichlich Flexibilit\u00e4t f\u00fcr den Handel rund um die Uhr.<\/p>\n<p>Arbeiten Sie eng mit Ihrem Kundenbetreuer bei Fusion CFX zusammen, um wertvolle Einblicke in Markttrends zu gewinnen und Ihre Handelsstrategie zu optimieren.<\/p>\n<\/div><\/div><\/div><\/div><\/div><div class=\"vc_col-sm-6 wpb_column vc_column_container\"><div class=\"vc_column-inner us_custom_558ec5ca\"><div class=\"wpb_wrapper\"><div class=\"wpb_text_column\"><div class=\"wpb_wrapper\"><p>Konzentrieren Sie sich auf sich \u00fcberschneidende Handelssitzungen, die h\u00e4ufig eine h\u00f6here Volatilit\u00e4t, engere Spreads und deutliche Kursbewegungen mit sich bringen.<\/p>\n<p>Genaue Zeitangaben finden Sie im Handelschart von Fusion CFX \u2013 Ihrer unverzichtbaren Quelle zur Maximierung Ihres Handelspotenzials.<\/p>\n<\/div><\/div><\/div><\/div><\/div><\/div><div class=\"w-separator us_custom_37643a01 has_text_color size_custom with_line width_default thick_1 style_solid color_border align_left with_content\" style=\"height:6rem\"><div class=\"w-separator-h\"><i class=\"fas fa-fas fa-dot-circle\"><\/i><\/div><\/div><div class=\"w-tabs us_custom_a61e2493 layout_hor style_radio3 switch_click has_scrolling\" style=\"--sections-title-size:16px\"><div class=\"w-tabs-list items_2 align_center\" style=\"font-family:Inter;font-weight:600;\"><div class=\"w-tabs-list-h\"><button class=\"w-tabs-item active\" aria-controls=\"content-m251\" aria-expanded=\"false\"><span class=\"w-tabs-item-title\">Sommersitzung<\/span><\/button><button class=\"w-tabs-item\" aria-controls=\"content-zac5\" aria-expanded=\"false\"><span class=\"w-tabs-item-title\">Wintersitzung<\/span><\/button><\/div><\/div><div class=\"w-tabs-sections titles-align_none icon_chevron cpos_right\"><div class=\"w-tabs-section active\" id=\"m251\"><button class=\"w-tabs-section-header active\" aria-controls=\"content-m251\" aria-expanded=\"true\"><div class=\"w-tabs-section-title\">Sommersitzung<\/div><div class=\"w-tabs-section-control\"><\/div><\/button><div  class=\"w-tabs-section-content\" id=\"content-m251\"><div class=\"w-tabs-section-content-h i-cf\"><div class=\"w-image us_custom_b706b399 align_center has_bg_color\"><div class=\"w-image-h\"><img decoding=\"async\" width=\"1319\" height=\"473\" src=\"https:\/\/nlp3.mycube.kz\/wp-content\/uploads\/2025\/07\/summer.png\" class=\"attachment-full size-full\" alt=\"\" loading=\"lazy\" srcset=\"https:\/\/nlp3.mycube.kz\/wp-content\/uploads\/2025\/07\/summer.png 1319w, https:\/\/nlp3.mycube.kz\/wp-content\/uploads\/2025\/07\/summer-300x108.png 300w, https:\/\/nlp3.mycube.kz\/wp-content\/uploads\/2025\/07\/summer-1024x367.png 1024w\" sizes=\"auto, (max-width: 1319px) 100vw, 1319px\" \/><\/div><\/div><\/div><\/div><\/div><div class=\"w-tabs-section\" id=\"zac5\"><button class=\"w-tabs-section-header\" aria-controls=\"content-zac5\" aria-expanded=\"false\"><div class=\"w-tabs-section-title\">Wintersitzung<\/div><div class=\"w-tabs-section-control\"><\/div><\/button><div  class=\"w-tabs-section-content\" id=\"content-zac5\"><div class=\"w-tabs-section-content-h i-cf\"><div class=\"w-image us_custom_b706b399 align_center has_bg_color\"><div class=\"w-image-h\"><img decoding=\"async\" width=\"1319\" height=\"473\" src=\"https:\/\/nlp3.mycube.kz\/wp-content\/uploads\/2025\/07\/winter.png\" class=\"attachment-full size-full\" alt=\"\" loading=\"lazy\" srcset=\"https:\/\/nlp3.mycube.kz\/wp-content\/uploads\/2025\/07\/winter.png 1319w, https:\/\/nlp3.mycube.kz\/wp-content\/uploads\/2025\/07\/winter-300x108.png 300w, https:\/\/nlp3.mycube.kz\/wp-content\/uploads\/2025\/07\/winter-1024x367.png 1024w\" sizes=\"auto, (max-width: 1319px) 100vw, 1319px\" \/><\/div><\/div><\/div><\/div><\/div><\/div><\/div><\/div><\/div><\/div><\/div><\/div><\/section>\n","protected":false},"excerpt":{"rendered":"Optimieren Sie Ihre Handelsstrategie mit den Handelszeiten von Fusion CFX Optimieren Sie Ihr Handels-Timing Der richtige Zeitpunkt ist genauso wichtig wie die Auswahl der richtigen Anlageinstrumente. Unser ausf\u00fchrlicher Leitfaden zu den Handelszeiten versetzt Sie in die Lage, Ihre Strategien auf den globalen M\u00e4rkten optimal anzupassen, und hilft Ihnen dabei, zeitnahe und sichere Entscheidungen zu treffen....","protected":false},"author":1,"featured_media":0,"parent":0,"menu_order":0,"comment_status":"closed","ping_status":"closed","template":"","meta":{"footnotes":""},"class_list":["post-1055","page","type-page","status-publish","hentry"],"_links":{"self":[{"href":"https:\/\/nlp3.mycube.kz\/de\/wp-json\/wp\/v2\/pages\/1055","targetHints":{"allow":["GET"]}}],"collection":[{"href":"https:\/\/nlp3.mycube.kz\/de\/wp-json\/wp\/v2\/pages"}],"about":[{"href":"https:\/\/nlp3.mycube.kz\/de\/wp-json\/wp\/v2\/types\/page"}],"author":[{"embeddable":true,"href":"https:\/\/nlp3.mycube.kz\/de\/wp-json\/wp\/v2\/users\/1"}],"replies":[{"embeddable":true,"href":"https:\/\/nlp3.mycube.kz\/de\/wp-json\/wp\/v2\/comments?post=1055"}],"version-history":[{"count":5,"href":"https:\/\/nlp3.mycube.kz\/de\/wp-json\/wp\/v2\/pages\/1055\/revisions"}],"predecessor-version":[{"id":1061,"href":"https:\/\/nlp3.mycube.kz\/de\/wp-json\/wp\/v2\/pages\/1055\/revisions\/1061"}],"wp:attachment":[{"href":"https:\/\/nlp3.mycube.kz\/de\/wp-json\/wp\/v2\/media?parent=1055"}],"curies":[{"name":"wp","href":"https:\/\/api.w.org\/{rel}","templated":true}]}}