{"id":1041,"date":"2025-07-08T11:49:27","date_gmt":"2025-07-08T08:49:27","guid":{"rendered":"https:\/\/nlp3.mycube.kz\/trade-the-markets\/"},"modified":"2026-03-22T16:15:29","modified_gmt":"2026-03-22T13:15:29","slug":"trade-the-markets","status":"publish","type":"page","link":"https:\/\/nlp3.mycube.kz\/de\/trade-the-markets\/","title":{"rendered":"Handel an den M\u00e4rkten"},"content":{"rendered":"<section class=\"l-section wpb_row us_custom_5be59d26 height_large full_height valign_center with_video\"><div id=\"us_bg_video_i3fc\" class=\"l-section-video\"><script id=\"us_bg_video_i3fc-script\">!function(w){var node = document.getElementById( 'us_bg_video_i3fc' );if ( w.innerWidth <= 100 ) { node.remove() }}(window);<\/script><style>@media(max-width:100px){#us_bg_video_i3fc{display:none!important}}<\/style><video  autoplay loop muted playsinline preload=\"auto\"><source type=\"video\/webm\" src=\"\/wp-content\/uploads\/2025\/07\/red.webm\" \/><\/video><\/div><div class=\"l-section-h i-cf\"><div class=\"g-cols vc_row via_flex valign_top type_default stacking_default\"><div class=\"vc_col-sm-12 wpb_column vc_column_container\"><div class=\"vc_column-inner\"><div class=\"wpb_wrapper\"><div class=\"g-cols wpb_row via_flex valign_top type_default stacking_default\"><div class=\"vc_col-sm-12 wpb_column vc_column_container\"><div class=\"vc_column-inner us_custom_558ec5ca\"><div class=\"wpb_wrapper\"><div class=\"wpb_text_column us_custom_6df4bc3a has_text_color\"><div class=\"wpb_wrapper\"><h1>Entdecken Sie globale M\u00e4rkte mit Fusion CFX<\/h1>\n<\/div><\/div><\/div><\/div><\/div><\/div><div class=\"w-separator us_custom_9321a470 has_text_color size_custom with_line width_default thick_2 style_dashed color_border align_left with_content\" style=\"height:5rem\"><div class=\"w-separator-h\"><i class=\"fas fa-fas fa-dot-circle\"><\/i><\/div><\/div><div class=\"g-cols wpb_row via_flex valign_top type_default stacking_default\"><div class=\"vc_col-sm-9 wpb_column vc_column_container\"><div class=\"vc_column-inner us_custom_dc08afa2\"><div class=\"wpb_wrapper\"><div class=\"wpb_text_column us_custom_6df4bc3a has_text_color\"><div class=\"wpb_wrapper\"><h4>Willkommen bei Fusion CFX \u2013 Ihr Tor zu unbegrenzten Handelsm\u00f6glichkeiten<\/h4>\n<p>Erhalten Sie Zugang zu \u00fcber 300 Finanzinstrumenten mit extrem engen Spreads und blitzschneller Ausf\u00fchrung. Ganz gleich, ob Sie Trading-Neuling oder erfahrener Experte sind \u2013 bewegen Sie sich sicher auf den globalen M\u00e4rkten.<\/p>\n<\/div><\/div><div class=\"w-separator size_custom\" style=\"height:30px\"><\/div><div class=\"w-btn-wrapper align_none\"><a class=\"w-btn us-btn-style_4 us_custom_a61e2493\" href=\"\/platform.html\"><span class=\"w-btn-label\">Mit dem Handel beginnen<\/span><\/a><\/div><\/div><\/div><\/div><div class=\"vc_col-sm-3 wpb_column vc_column_container\"><div class=\"vc_column-inner us_custom_04c40667\"><div class=\"wpb_wrapper\"><nav class=\"g-breadcrumbs us_custom_64e1dcdb has_text_color separator_icon align_none\" itemscope itemtype=\"http:\/\/schema.org\/BreadcrumbList\"><div class=\"g-breadcrumbs-item\" itemscope itemprop=\"itemListElement\" itemtype=\"http:\/\/schema.org\/ListItem\"><a itemprop=\"item\" href=\"https:\/\/nlp3.mycube.kz\/de\/\"><span itemprop=\"name\">Start<\/span><\/a><meta itemprop=\"position\" content=\"1\"\/><\/div><div class=\"g-breadcrumbs-separator\"><i class=\"far fa-angle-right\"><\/i><\/div><div class=\"g-breadcrumbs-item\">Seiten<\/div><\/nav><\/div><\/div><\/div><\/div><div class=\"w-separator hide_on_default hide_on_laptops size_custom\" style=\"height:2rem\"><\/div><\/div><\/div><\/div><\/div><\/div><\/section><section class=\"l-section wpb_row height_auto\"><div class=\"l-section-h i-cf\"><div class=\"g-cols vc_row via_flex valign_top type_default stacking_default\"><div class=\"vc_col-sm-12 wpb_column vc_column_container\"><div class=\"vc_column-inner\"><div class=\"wpb_wrapper\"><div class=\"g-cols wpb_row us_custom_06927fe0 via_flex valign_top type_default stacking_default\"><div class=\"vc_col-sm-12 wpb_column vc_column_container\"><div class=\"vc_column-inner\"><div class=\"wpb_wrapper\"><div class=\"w-image align_center\"><a href=\"#one\" aria-label=\"w-tr\" class=\"w-image-h\"><img decoding=\"async\" width=\"157\" height=\"100\" src=\"https:\/\/nlp3.mycube.kz\/wp-content\/uploads\/2025\/07\/w-tr.png\" class=\"attachment-full size-full\" alt=\"\" loading=\"lazy\" \/><\/a><\/div><\/div><\/div><\/div><\/div><\/div><\/div><\/div><\/div><\/div><\/section><section class=\"l-section wpb_row height_large\" id=\"one\"><div class=\"l-section-h i-cf\"><div class=\"g-cols vc_row via_flex valign_top type_default stacking_default\"><div class=\"vc_col-sm-12 wpb_column vc_column_container\"><div class=\"vc_column-inner\"><div class=\"wpb_wrapper\"><div class=\"g-cols wpb_row via_flex valign_top type_default stacking_default\"><div class=\"vc_col-sm-2 wpb_column vc_column_container hide_on_tablets hide_on_mobiles\"><div class=\"vc_column-inner\"><div class=\"wpb_wrapper\"><\/div><\/div><\/div><div class=\"vc_col-sm-8 wpb_column vc_column_container\"><div class=\"vc_column-inner\"><div class=\"wpb_wrapper\"><div class=\"wpb_text_column us_custom_eb849559\"><div class=\"wpb_wrapper\"><h2>Erschlie\u00dfen Sie unbegrenzte Handelsm\u00f6glichkeiten<\/h2>\n<p>Bei Fusion CFX bieten wir eine breite Palette an Handelsoptionen f\u00fcr jede Strategie. Ganz gleich, ob Sie von der Volatilit\u00e4t der Kryptow\u00e4hrungen profitieren m\u00f6chten, die Best\u00e4ndigkeit des Devisenhandels bevorzugen oder Ihr Portfolio mit Rohstoffen und Indizes diversifizieren wollen \u2013 unsere fortschrittlichen Tools unterst\u00fctzen Sie dabei, Ihre finanziellen Ziele zu erreichen.<\/p>\n<\/div><\/div><\/div><\/div><\/div><\/div><div class=\"w-separator size_custom\" style=\"height:4rem\" id=\"v44e\"><style>@media(max-width:767px){ #v44e{height:3rem!important}}<\/style><\/div><div class=\"g-cols wpb_row via_flex valign_top type_default stacking_default\"><div class=\"vc_col-sm-12 wpb_column vc_column_container stretched\"><div class=\"vc_column-inner\"><div class=\"wpb_wrapper\"><div data-us-scroll=\"{&quot;from_initial_position&quot;:&quot;0&quot;,&quot;start_position&quot;:&quot;0%&quot;,&quot;end_position&quot;:&quot;100%&quot;,&quot;delay&quot;:&quot;0s&quot;,&quot;translate_y_direction&quot;:&quot;down&quot;,&quot;translate_y_speed&quot;:&quot;0.1x&quot;}\" class=\"w-image us_custom_856617bb hide_on_tablets hide_on_mobiles has_scroll_effects has_translate_y align_center\"><div class=\"w-image-h\"><img decoding=\"async\" width=\"1542\" height=\"433\" src=\"https:\/\/nlp3.mycube.kz\/wp-content\/uploads\/2025\/07\/gr-02.png\" class=\"attachment-full size-full\" alt=\"\" loading=\"lazy\" srcset=\"https:\/\/nlp3.mycube.kz\/wp-content\/uploads\/2025\/07\/gr-02.png 1542w, https:\/\/nlp3.mycube.kz\/wp-content\/uploads\/2025\/07\/gr-02-300x84.png 300w, https:\/\/nlp3.mycube.kz\/wp-content\/uploads\/2025\/07\/gr-02-1024x288.png 1024w\" sizes=\"auto, (max-width: 1542px) 100vw, 1542px\" \/><\/div><\/div><div class=\"w-image align_center\"><div class=\"w-image-h\"><img decoding=\"async\" width=\"1179\" height=\"488\" src=\"https:\/\/nlp3.mycube.kz\/wp-content\/uploads\/2025\/07\/graph1.png\" class=\"attachment-full size-full\" alt=\"\" loading=\"lazy\" srcset=\"https:\/\/nlp3.mycube.kz\/wp-content\/uploads\/2025\/07\/graph1.png 1179w, https:\/\/nlp3.mycube.kz\/wp-content\/uploads\/2025\/07\/graph1-300x124.png 300w, https:\/\/nlp3.mycube.kz\/wp-content\/uploads\/2025\/07\/graph1-1024x424.png 1024w\" sizes=\"auto, (max-width: 1179px) 100vw, 1179px\" \/><\/div><\/div><\/div><\/div><\/div><\/div><\/div><\/div><\/div><\/div><\/div><\/section><section class=\"l-section wpb_row us_custom_6d6b4184 height_large with_img\"><div class=\"l-section-img\" role=\"img\" data-img-width=\"1389\" data-img-height=\"695\" style=\"background-image: url(https:\/\/nlp3.mycube.kz\/wp-content\/uploads\/2025\/07\/map-bg.png);background-position: top center;background-repeat: no-repeat;background-size: auto;\"><\/div><div class=\"l-section-h i-cf\"><div class=\"g-cols vc_row via_flex valign_middle type_default stacking_default\"><div class=\"vc_col-sm-12 wpb_column vc_column_container\"><div class=\"vc_column-inner\"><div class=\"wpb_wrapper\"><div class=\"g-cols wpb_row us_custom_00f6bd43 via_flex valign_top type_default stacking_default\"><div class=\"vc_col-sm-2 wpb_column vc_column_container hide_on_tablets hide_on_mobiles\"><div class=\"vc_column-inner\"><div class=\"wpb_wrapper\"><\/div><\/div><\/div><div class=\"vc_col-sm-8 wpb_column vc_column_container\"><div class=\"vc_column-inner\"><div class=\"wpb_wrapper\"><div class=\"wpb_text_column us_custom_d44d8758 has_text_color\"><div class=\"wpb_wrapper\"><h2>Handeln Sie mit einer vielf\u00e4ltigen Auswahl an CFDs, darunter:<\/h2>\n<p>Devisen, Kryptow\u00e4hrungen, Indizes, Rohstoffe, Spotmetalle, Energietr\u00e4ger, Aktien \u2013 Passen Sie Ihre Handelsstrategie mit beispielloser Flexibilit\u00e4t und Pr\u00e4zision an die dynamischen Marktbedingungen an.<\/p>\n<\/div><\/div><\/div><\/div><\/div><\/div><div class=\"w-separator size_custom\" style=\"height:4rem\" id=\"h22d\"><style>@media(max-width:767px){ #h22d{height:3rem!important}}<\/style><\/div><div class=\"g-cols wpb_row via_flex valign_top type_boxes stacking_default\" style=\"--additional-gap:0.8rem;\"><div class=\"vc_col-sm-4 wpb_column vc_column_container has_bg_color\"><div class=\"vc_column-inner us_custom_da952dd7\"><div class=\"wpb_wrapper\"><div class=\"w-hwrapper valign_middle align_justify\"><div class=\"w-image us_custom_4d0d2ca0 align_none\"><div class=\"w-image-h\"><img decoding=\"async\" width=\"70\" height=\"70\" src=\"https:\/\/nlp3.mycube.kz\/wp-content\/uploads\/2025\/07\/i1.png\" class=\"attachment-full size-full\" alt=\"\" loading=\"lazy\" \/><\/div><\/div><div class=\"w-image align_none\"><div class=\"w-image-h\"><img decoding=\"async\" width=\"358\" height=\"83\" src=\"https:\/\/nlp3.mycube.kz\/wp-content\/uploads\/2025\/07\/gr-4.png\" class=\"attachment-full size-full\" alt=\"\" loading=\"lazy\" srcset=\"https:\/\/nlp3.mycube.kz\/wp-content\/uploads\/2025\/07\/gr-4.png 358w, https:\/\/nlp3.mycube.kz\/wp-content\/uploads\/2025\/07\/gr-4-300x70.png 300w\" sizes=\"auto, (max-width: 358px) 100vw, 358px\" \/><\/div><\/div><\/div><div class=\"w-separator us_custom_7940c76c has_text_color size_custom with_line width_default thick_1 style_dotted color_border align_center\" style=\"height:4rem\"><div class=\"w-separator-h\"><\/div><\/div><div class=\"wpb_text_column\"><div class=\"wpb_wrapper\"><h6>Devisenhandel mit Fusion CFX<\/h6>\n<p>Handeln Sie auf dem liquidesten Finanzmarkt der Welt mit einer Hebelwirkung von bis zu 500:1. Greifen Sie \u00fcber eine intuitive Handelsplattform auf Haupt-, Neben- und exotische W\u00e4hrungspaare mit minimalen Spreads zu.<\/p>\n<\/div><\/div><div class=\"w-separator size_custom\" style=\"height:30px\"><\/div><div class=\"w-btn-wrapper align_justify\"><a class=\"w-btn us-btn-style_1\" href=\"\/platform.html\"><span class=\"w-btn-label\">Entdecken Sie den Devisenhandel<\/span><\/a><\/div><\/div><\/div><\/div><div class=\"vc_col-sm-4 wpb_column vc_column_container has_bg_color\"><div class=\"vc_column-inner us_custom_da952dd7\"><div class=\"wpb_wrapper\"><div class=\"w-hwrapper valign_middle align_justify\"><div class=\"w-image us_custom_4d0d2ca0 align_none\"><div class=\"w-image-h\"><img decoding=\"async\" width=\"70\" height=\"70\" src=\"https:\/\/nlp3.mycube.kz\/wp-content\/uploads\/2025\/07\/i2.png\" class=\"attachment-full size-full\" alt=\"\" loading=\"lazy\" \/><\/div><\/div><div class=\"w-image align_none\"><div class=\"w-image-h\"><img decoding=\"async\" width=\"358\" height=\"83\" src=\"https:\/\/nlp3.mycube.kz\/wp-content\/uploads\/2025\/07\/gr-4.png\" class=\"attachment-full size-full\" alt=\"\" loading=\"lazy\" srcset=\"https:\/\/nlp3.mycube.kz\/wp-content\/uploads\/2025\/07\/gr-4.png 358w, https:\/\/nlp3.mycube.kz\/wp-content\/uploads\/2025\/07\/gr-4-300x70.png 300w\" sizes=\"auto, (max-width: 358px) 100vw, 358px\" \/><\/div><\/div><\/div><div class=\"w-separator us_custom_7940c76c has_text_color size_custom with_line width_default thick_1 style_dotted color_border align_center\" style=\"height:4rem\"><div class=\"w-separator-h\"><\/div><\/div><div class=\"wpb_text_column\"><div class=\"wpb_wrapper\"><h6>Tauchen Sie mit Fusion CFX in den Kryptomarkt ein<\/h6>\n<p>Handeln Sie rund um die Uhr mit \u00fcber 300 digitalen Verm\u00f6genswerten auf den schnelllebigen Kryptow\u00e4hrungsm\u00e4rkten.<\/p>\n<\/div><\/div><div class=\"w-separator size_custom\" style=\"height:30px\"><\/div><div class=\"w-btn-wrapper align_center\"><a class=\"w-btn us-btn-style_1 us_custom_c463828d\" href=\"\/platform.html\"><span class=\"w-btn-label\">Mit Kryptow\u00e4hrungen handeln<\/span><\/a><\/div><\/div><\/div><\/div><div class=\"vc_col-sm-4 wpb_column vc_column_container has_bg_color\"><div class=\"vc_column-inner us_custom_da952dd7\"><div class=\"wpb_wrapper\"><div class=\"w-hwrapper valign_middle align_justify\"><div class=\"w-image us_custom_4d0d2ca0 align_none\"><div class=\"w-image-h\"><img decoding=\"async\" width=\"70\" height=\"70\" src=\"https:\/\/nlp3.mycube.kz\/wp-content\/uploads\/2025\/07\/i3.png\" class=\"attachment-full size-full\" alt=\"\" loading=\"lazy\" \/><\/div><\/div><div class=\"w-image align_none\"><div class=\"w-image-h\"><img decoding=\"async\" width=\"358\" height=\"83\" src=\"https:\/\/nlp3.mycube.kz\/wp-content\/uploads\/2025\/07\/gr-4.png\" class=\"attachment-full size-full\" alt=\"\" loading=\"lazy\" srcset=\"https:\/\/nlp3.mycube.kz\/wp-content\/uploads\/2025\/07\/gr-4.png 358w, https:\/\/nlp3.mycube.kz\/wp-content\/uploads\/2025\/07\/gr-4-300x70.png 300w\" sizes=\"auto, (max-width: 358px) 100vw, 358px\" \/><\/div><\/div><\/div><div class=\"w-separator us_custom_7940c76c has_text_color size_custom with_line width_default thick_1 style_dotted color_border align_center\" style=\"height:4rem\"><div class=\"w-separator-h\"><\/div><\/div><div class=\"wpb_text_column\"><div class=\"wpb_wrapper\"><h6>Indexhandel bei Fusion CFX<\/h6>\n<p>Handeln Sie mit globalen Indizes wie dem DAX, dem S&amp;P 500 und dem Dow Jones und profitieren Sie von einem Hebel von bis zu 500:1.<\/p>\n<\/div><\/div><div class=\"w-separator size_custom\" style=\"height:30px\"><\/div><div class=\"w-btn-wrapper align_center\"><a class=\"w-btn us-btn-style_1 us_custom_c463828d\" href=\"\/platform.html\"><span class=\"w-btn-label\">Handelsindizes<\/span><\/a><\/div><\/div><\/div><\/div><\/div><div class=\"w-separator hide_on_tablets hide_on_mobiles size_custom\" style=\"height:0.8rem\"><\/div><div class=\"g-cols wpb_row via_flex valign_top type_boxes stacking_default\" style=\"--additional-gap:0.8rem;\"><div class=\"vc_col-sm-4 wpb_column vc_column_container has_bg_color\"><div class=\"vc_column-inner us_custom_da952dd7\"><div class=\"wpb_wrapper\"><div class=\"w-hwrapper valign_middle align_justify\"><div class=\"w-image us_custom_4d0d2ca0 align_none\"><div class=\"w-image-h\"><img decoding=\"async\" width=\"70\" height=\"70\" src=\"https:\/\/nlp3.mycube.kz\/wp-content\/uploads\/2025\/07\/i4.png\" class=\"attachment-full size-full\" alt=\"\" loading=\"lazy\" \/><\/div><\/div><div class=\"w-image align_none\"><div class=\"w-image-h\"><img decoding=\"async\" width=\"358\" height=\"83\" src=\"https:\/\/nlp3.mycube.kz\/wp-content\/uploads\/2025\/07\/gr-4.png\" class=\"attachment-full size-full\" alt=\"\" loading=\"lazy\" srcset=\"https:\/\/nlp3.mycube.kz\/wp-content\/uploads\/2025\/07\/gr-4.png 358w, https:\/\/nlp3.mycube.kz\/wp-content\/uploads\/2025\/07\/gr-4-300x70.png 300w\" sizes=\"auto, (max-width: 358px) 100vw, 358px\" \/><\/div><\/div><\/div><div class=\"w-separator us_custom_7940c76c has_text_color size_custom with_line width_default thick_1 style_dotted color_border align_center\" style=\"height:4rem\"><div class=\"w-separator-h\"><\/div><\/div><div class=\"wpb_text_column\"><div class=\"wpb_wrapper\"><h6>Rohstoffhandel mit Fusion CFX<\/h6>\n<p>Erweitern Sie Ihr Portfolio um Rohstoffe, die von Agrarprodukten wie Kaffee und Mais bis hin zu wichtigen Energietr\u00e4gern wie Erd\u00f6l und Erdgas reichen.<\/p>\n<\/div><\/div><div class=\"w-separator size_custom\" style=\"height:30px\"><\/div><div class=\"w-btn-wrapper align_justify\"><a class=\"w-btn us-btn-style_1\" href=\"\/platform.html\"><span class=\"w-btn-label\">Handel mit Rohstoffen<\/span><\/a><\/div><\/div><\/div><\/div><div class=\"vc_col-sm-4 wpb_column vc_column_container has_bg_color\"><div class=\"vc_column-inner us_custom_da952dd7\"><div class=\"wpb_wrapper\"><div class=\"w-hwrapper valign_middle align_justify\"><div class=\"w-image us_custom_4d0d2ca0 align_none\"><div class=\"w-image-h\"><img decoding=\"async\" width=\"70\" height=\"70\" src=\"https:\/\/nlp3.mycube.kz\/wp-content\/uploads\/2025\/07\/i5.png\" class=\"attachment-full size-full\" alt=\"\" loading=\"lazy\" \/><\/div><\/div><div class=\"w-image align_none\"><div class=\"w-image-h\"><img decoding=\"async\" width=\"358\" height=\"83\" src=\"https:\/\/nlp3.mycube.kz\/wp-content\/uploads\/2025\/07\/gr-4.png\" class=\"attachment-full size-full\" alt=\"\" loading=\"lazy\" srcset=\"https:\/\/nlp3.mycube.kz\/wp-content\/uploads\/2025\/07\/gr-4.png 358w, https:\/\/nlp3.mycube.kz\/wp-content\/uploads\/2025\/07\/gr-4-300x70.png 300w\" sizes=\"auto, (max-width: 358px) 100vw, 358px\" \/><\/div><\/div><\/div><div class=\"w-separator us_custom_7940c76c has_text_color size_custom with_line width_default thick_1 style_dotted color_border align_center\" style=\"height:4rem\"><div class=\"w-separator-h\"><\/div><\/div><div class=\"wpb_text_column\"><div class=\"wpb_wrapper\"><h6>Spot-Handel mit Metallen auf Fusion CFX<\/h6>\n<p>Investieren Sie in Edelmetalle wie Gold und Silber \u00fcber eine sichere, vertrauensw\u00fcrdige Plattform mit wettbewerbsf\u00e4higen Spreads.<\/p>\n<\/div><\/div><div class=\"w-separator size_custom\" style=\"height:30px\"><\/div><div class=\"w-btn-wrapper align_center\"><a class=\"w-btn us-btn-style_1 us_custom_c463828d\" href=\"\/platform.html\"><span class=\"w-btn-label\">Handel mit Spot-Metallen<\/span><\/a><\/div><\/div><\/div><\/div><div class=\"vc_col-sm-4 wpb_column vc_column_container has_bg_color\"><div class=\"vc_column-inner us_custom_da952dd7\"><div class=\"wpb_wrapper\"><div class=\"w-hwrapper valign_middle align_justify\"><div class=\"w-image us_custom_4d0d2ca0 align_none\"><div class=\"w-image-h\"><img decoding=\"async\" width=\"70\" height=\"70\" src=\"https:\/\/nlp3.mycube.kz\/wp-content\/uploads\/2025\/07\/i6.png\" class=\"attachment-full size-full\" alt=\"\" loading=\"lazy\" \/><\/div><\/div><div class=\"w-image align_none\"><div class=\"w-image-h\"><img decoding=\"async\" width=\"358\" height=\"83\" src=\"https:\/\/nlp3.mycube.kz\/wp-content\/uploads\/2025\/07\/gr-4.png\" class=\"attachment-full size-full\" alt=\"\" loading=\"lazy\" srcset=\"https:\/\/nlp3.mycube.kz\/wp-content\/uploads\/2025\/07\/gr-4.png 358w, https:\/\/nlp3.mycube.kz\/wp-content\/uploads\/2025\/07\/gr-4-300x70.png 300w\" sizes=\"auto, (max-width: 358px) 100vw, 358px\" \/><\/div><\/div><\/div><div class=\"w-separator us_custom_7940c76c has_text_color size_custom with_line width_default thick_1 style_dotted color_border align_center\" style=\"height:4rem\"><div class=\"w-separator-h\"><\/div><\/div><div class=\"wpb_text_column\"><div class=\"wpb_wrapper\"><h6>Energiehandel mit Fusion CFX<\/h6>\n<p>Handeln Sie CFDs auf Energieprodukte wie Roh\u00f6l und Erdgas \u2013 unterst\u00fctzt durch professionelle Marktanalysen und Einblicke.<\/p>\n<\/div><\/div><div class=\"w-separator size_custom\" style=\"height:30px\"><\/div><div class=\"w-btn-wrapper align_center\"><a class=\"w-btn us-btn-style_1 us_custom_c463828d\" href=\"\/platform.html\"><span class=\"w-btn-label\">Trade Energies<\/span><\/a><\/div><\/div><\/div><\/div><\/div><\/div><\/div><\/div><\/div><\/div><\/section><section class=\"l-section wpb_row height_large\"><div class=\"l-section-h i-cf\"><div class=\"g-cols vc_row via_flex valign_top type_default stacking_default\"><div class=\"vc_col-sm-12 wpb_column vc_column_container\"><div class=\"vc_column-inner\"><div class=\"wpb_wrapper\"><div class=\"g-cols wpb_row via_flex valign_top type_default reversed stacking_default\"><div class=\"vc_col-sm-8 wpb_column vc_column_container\"><div class=\"vc_column-inner us_custom_558ec5ca\"><div class=\"wpb_wrapper\"><div class=\"wpb_text_column\"><div class=\"wpb_wrapper\"><h2>Erweitern Sie Ihr Wissen mit kostenlosen Schulungen zum Thema Trading<\/h2>\n<\/div><\/div><\/div><\/div><\/div><div class=\"vc_col-sm-4 wpb_column vc_column_container\"><div class=\"vc_column-inner us_custom_04c40667\"><div class=\"wpb_wrapper\"><div class=\"w-image us_custom_8d5aa4e2 align_none\"><div class=\"w-image-h\"><img decoding=\"async\" width=\"108\" height=\"70\" src=\"https:\/\/nlp3.mycube.kz\/wp-content\/uploads\/2025\/07\/cav.png\" class=\"attachment-full size-full\" alt=\"\" loading=\"lazy\" \/><\/div><\/div><\/div><\/div><\/div><\/div><div class=\"w-separator size_custom\" style=\"height:2rem\"><\/div><div class=\"g-cols wpb_row via_flex valign_top type_default stacking_default\"><div class=\"vc_col-sm-6 wpb_column vc_column_container\"><div class=\"vc_column-inner us_custom_558ec5ca\"><div class=\"wpb_wrapper\"><div class=\"wpb_text_column\"><div class=\"wpb_wrapper\"><p>Bei Fusion CFX haben wir es uns zur Aufgabe gemacht, Tradern die Erkenntnisse an die Hand zu geben, die sie f\u00fcr ihren Erfolg ben\u00f6tigen. Erhalten Sie Zugang zu umfassenden Schulungsmaterialien, kontinuierlicher Unterst\u00fctzung und fachkundiger Betreuung, um Ihre Trading-F\u00e4higkeiten zu verbessern.<\/p>\n<\/div><\/div><\/div><\/div><\/div><div class=\"vc_col-sm-6 wpb_column vc_column_container\"><div class=\"vc_column-inner us_custom_558ec5ca\"><div class=\"wpb_wrapper\"><div class=\"wpb_text_column\"><div class=\"wpb_wrapper\"><p>Werden Sie Teil der Fusion CFX-Community und lernen Sie von Branchenexperten aus verschiedenen Anlageklassen.<\/p>\n<\/div><\/div><\/div><\/div><\/div><\/div><div class=\"w-separator us_custom_37643a01 has_text_color size_custom with_line width_default thick_1 style_solid color_border align_left with_content\" style=\"height:6rem\"><div class=\"w-separator-h\"><i class=\"fas fa-fas fa-dot-circle\"><\/i><\/div><\/div><div class=\"g-cols wpb_row via_flex valign_top type_default stacking_default\"><div class=\"vc_col-sm-12 wpb_column vc_column_container\"><div class=\"vc_column-inner us_custom_558ec5ca\"><div class=\"wpb_wrapper\"><div class=\"w-btn-wrapper align_none\"><a class=\"w-btn us-btn-style_1\" href=\"\/platform.html\"><span class=\"w-btn-label\">Fang noch heute an zu lernen<\/span><\/a><\/div><\/div><\/div><\/div><\/div><\/div><\/div><\/div><\/div><\/div><\/section>\n","protected":false},"excerpt":{"rendered":"Entdecken Sie globale M\u00e4rkte mit Fusion CFX Willkommen bei Fusion CFX \u2013 Ihr Tor zu unbegrenzten Handelsm\u00f6glichkeiten Erhalten Sie Zugang zu \u00fcber 300 Finanzinstrumenten mit extrem engen Spreads und blitzschneller Ausf\u00fchrung. Ganz gleich, ob Sie Trading-Neuling oder erfahrener Experte sind \u2013 bewegen Sie sich sicher auf den globalen M\u00e4rkten. Mit dem Handel beginnenStartSeitenErschlie\u00dfen Sie unbegrenzte...","protected":false},"author":1,"featured_media":0,"parent":0,"menu_order":0,"comment_status":"closed","ping_status":"closed","template":"","meta":{"footnotes":""},"class_list":["post-1041","page","type-page","status-publish","hentry"],"_links":{"self":[{"href":"https:\/\/nlp3.mycube.kz\/de\/wp-json\/wp\/v2\/pages\/1041","targetHints":{"allow":["GET"]}}],"collection":[{"href":"https:\/\/nlp3.mycube.kz\/de\/wp-json\/wp\/v2\/pages"}],"about":[{"href":"https:\/\/nlp3.mycube.kz\/de\/wp-json\/wp\/v2\/types\/page"}],"author":[{"embeddable":true,"href":"https:\/\/nlp3.mycube.kz\/de\/wp-json\/wp\/v2\/users\/1"}],"replies":[{"embeddable":true,"href":"https:\/\/nlp3.mycube.kz\/de\/wp-json\/wp\/v2\/comments?post=1041"}],"version-history":[{"count":3,"href":"https:\/\/nlp3.mycube.kz\/de\/wp-json\/wp\/v2\/pages\/1041\/revisions"}],"predecessor-version":[{"id":1045,"href":"https:\/\/nlp3.mycube.kz\/de\/wp-json\/wp\/v2\/pages\/1041\/revisions\/1045"}],"wp:attachment":[{"href":"https:\/\/nlp3.mycube.kz\/de\/wp-json\/wp\/v2\/media?parent=1041"}],"curies":[{"name":"wp","href":"https:\/\/api.w.org\/{rel}","templated":true}]}}